{"id":794,"date":"2018-01-26T19:11:48","date_gmt":"2018-01-26T21:11:48","guid":{"rendered":"https:\/\/movitronics.com.br\/store\/pagina-inicial\/"},"modified":"2023-10-11T20:15:28","modified_gmt":"2023-10-11T23:15:28","slug":"home","status":"publish","type":"page","link":"https:\/\/movitronics.com.br\/store\/","title":{"rendered":"Home"},"content":{"rendered":"<p>Grande estoque de produtos Cisco<br \/>\n\t\t\t\t\t\t\t\t\t\t\t\t\t\t\t\t\t\t\t\t\t\t\t\t\t\t\t\t\t\t\t\t\t\t\t\t\t\t\t\tTelefones IP e Switches seminovos com certificado de garantia<br \/>\n\t\t\t\t\t\t\t\t\t\t\t\t\t\t\t\t\t\t\t\t\t\t\t\t\t\t\t\t\t\t\t\t\t\t\t\t\t\t\t\t<a href=\"https:\/\/movitronics.com.br\/store\/produtos\/redes-e-telecom\/cisco\/\" target=\"_blank\" rel=\"noopener\"><br \/>\n\t\t\t\t\t\t\t\t\t\t\t\t\t\t\tVER ESTOQUE COMPLETO\t\t\t\t\t\t\t\t\t\t\t\t\t\t<\/a><\/p>\n<p><img decoding=\"async\" loading=\"lazy\" width=\"527\" height=\"331\" src=\"https:\/\/movitronics.com.br\/store\/wp-content\/uploads\/2020\/10\/produtos_cisco_2.png\" \/>\t\t\t\t<\/p>\n<p><!-- .container --><br \/>\n\t\t\t\t\t\t\t\t <!-- .overlay --><\/p>\n<p>Centrais Avaya e Telefones IP<br \/>\n\t\t\t\t\t\t\t\t\t\t\t\t\t\t\t\t\t\t\t\t\t\t\t\t\t\t\t\t\t\t\t\t\t\t\t\t\t\t\t\tProdutos pronta entrega e garantia extendida<br \/>\n\t\t\t\t\t\t\t\t\t\t\t\t\t\t\t\t\t\t\t\t\t\t\t\t\t\t\t\t\t\t\t\t\t\t\t\t\t\t\t\t<a href=\"https:\/\/movitronics.com.br\/store\/produtos\/redes-e-telecom\/avaya\/\"><br \/>\n\t\t\t\t\t\t\t\t\t\t\t\t\t\t\tVER ESTOQUE COMPLETO\t\t\t\t\t\t\t\t\t\t\t\t\t\t<\/a><\/p>\n<p><img decoding=\"async\" loading=\"lazy\" width=\"499\" height=\"355\" src=\"https:\/\/movitronics.com.br\/store\/wp-content\/uploads\/2020\/10\/produtos_avaya.png\" \/>\t\t\t\t<\/p>\n<p><!-- .container --><br \/>\n\t\t\t\t\t\t\t\t <!-- .overlay --><\/p>\n<p>Distribuidor Jabra<br \/>\n\t\t\t\t\t\t\t\t\t\t\t\t\t\t\t\t\t\t\t\t\t\t\t\t\t\t\t\t\t\t\t\t\t\t\t\t\t\t\t\tHeadsets profissionais para sua empresa<br \/>\n\t\t\t\t\t\t\t\t\t\t\t\t\t\t\t\t\t\t\t\t\t\t\t\t\t\t\t\t\t\t\t\t\t\t\t\t\t\t\t\t<a href=\"https:\/\/movitronics.com.br\/store\/produtos\/jabra\/\"><br \/>\n\t\t\t\t\t\t\t\t\t\t\t\t\t\t\tVER PRODUTOS JABRA\t\t\t\t\t\t\t\t\t\t\t\t\t\t<\/a><\/p>\n<p><img decoding=\"async\" loading=\"lazy\" width=\"400\" height=\"456\" src=\"https:\/\/movitronics.com.br\/store\/wp-content\/uploads\/2023\/10\/Engage_50_1_Jabra.png\" \/>\t\t\t\t<\/p>\n<p><!-- .container --><br \/>\n\t\t\t\t\t\t\t\t <!-- .overlay --><\/p>\n<p>Nosso estoque \u00e9 atualizado diariamente<br \/>\n\t\t\t\t\t\t\t\t\t\t\t\t\t\t\t\t\t\t\t\t\t\t\t\t\t\t\t\t\t\t\t\t\t\t\t\t\t\t\t\tCaso n\u00e3o encontre o produto desejado envie para n\u00f3s mais informa\u00e7\u00f5es e receba seu or\u00e7amento na hora!<br \/>\n\t\t\t\t\t\t\t\t\t\t\t\t\t\t\t\t\t\t\t\t\t\t\t\t\t\t\t\t\t\t\t\t\t\t\t\t\t\t\t\t<a href=\"https:\/\/movitronics.com.br\/store\/contato\/\"><br \/>\n\t\t\t\t\t\t\t\t\t\t\t\t\t\t\tENVIAR MAIS DETALHES\t\t\t\t\t\t\t\t\t\t\t\t\t\t<\/a><\/p>\n<p><!-- .container --><br \/>\n\t\t\t\t\t\t\t\t <!-- .overlay --><\/p>\n<p>Pesquise por Fabricante\t\t\t\t\t\t\t\t<\/p>\n<p><a href=\"https:\/\/movitronics.com.br\/store\/produtos\/redes-e-telecom\/avaya\/\"><br \/>\n\t\t\t\t\t\t\t<img decoding=\"async\" loading=\"lazy\" width=\"315\" height=\"76\" src=\"https:\/\/movitronics.com.br\/store\/wp-content\/uploads\/2020\/09\/logos_pabx_site_avaya.png\" \/>\t\t\t\t\t\t<\/a><\/p>\n<p>Telefones IPs e Centrais Telef\u00f4nicas Avaya<\/p>\n<p><a href=\"https:\/\/movitronics.com.br\/store\/produtos\/redes-e-telecom\/cisco\/\"><br \/>\n\t\t\t\t\t\t\t<img decoding=\"async\" loading=\"lazy\" width=\"315\" height=\"76\" src=\"https:\/\/movitronics.com.br\/store\/wp-content\/uploads\/2020\/09\/logos_pabx_site_cisco.png\" \/>\t\t\t\t\t\t<\/a><\/p>\n<p>Telefones IP, Switches e Centrais Cisco<\/p>\n<p><a href=\"https:\/\/movitronics.com.br\/store\/produtos\/redes-e-telecom\/aligera\/\"><br \/>\n\t\t\t\t\t\t\t<img decoding=\"async\" loading=\"lazy\" width=\"408\" height=\"76\" src=\"https:\/\/movitronics.com.br\/store\/wp-content\/uploads\/2022\/07\/logo_aligera_image_stack_img-2-338.png\" \/>\t\t\t\t\t\t<\/a><\/p>\n<p>Media Gateways, Telefonia IP<\/p>\n<p><a href=\"https:\/\/movitronics.com.br\/store\/produtos\/redes-e-telecom\/\"><br \/>\n\t\t\t\t\t\t\t<img decoding=\"async\" loading=\"lazy\" width=\"315\" height=\"76\" src=\"https:\/\/movitronics.com.br\/store\/wp-content\/uploads\/2020\/09\/polycom_small.png\" \/>\t\t\t\t\t\t<\/a><\/p>\n<p>Equipamentos de \u00c1udio e V\u00eddeoconfer\u00eancia Polycom<\/p>\n<p><a href=\"https:\/\/movitronics.com.br\/store\/produtos\/informatica\/kensington\/\"><br \/>\n\t\t\t\t\t\t\t<img decoding=\"async\" loading=\"lazy\" width=\"500\" height=\"108\" src=\"https:\/\/movitronics.com.br\/store\/wp-content\/uploads\/2021\/07\/Kensington-logo_md.png\" \/>\t\t\t\t\t\t<\/a><\/p>\n<p>Equipamentos de Inform\u00e1tica<\/p>\n<p><a href=\"https:\/\/movitronics.com.br\/store\/produtos\/jabra\/\"><br \/>\n\t\t\t\t\t\t\t<img decoding=\"async\" loading=\"lazy\" width=\"500\" height=\"171\" src=\"https:\/\/movitronics.com.br\/store\/wp-content\/uploads\/2023\/06\/logo-jabra_500px.png\" \/>\t\t\t\t\t\t<\/a><\/p>\n<p>Headsets, Alto falantes, Audioconfer\u00eancia e V\u00eddeoconfer\u00eancia<\/p>\n<p><a href=\"https:\/\/movitronics.com.br\/store\/loja\/\"><br \/>\n\t\t\t\t\t\t\t\t\t\t\t\t\t\tOutros Fabricantes clique aqui\t\t\t\t\t\t\t\t\t\t\t\t\t<\/a><\/p>\n<p><!-- \/row --><\/p>\n<p>Equipamentos seminovos, com \u00f3timo pre\u00e7o e garantia<br \/>\n\t\t\t\t\t\t\t\t\t\t\t\t\t\t\t\t\t\t\t\t\t\tExcelentes op\u00e7\u00f5es para escrit\u00f3rios de cobran\u00e7a, confira!<\/p>\n<p><a href=\"https:\/\/movitronics.com.br\/store\/loja\/redes-e-telecom\/avaya\/telefone-avaya-ip-phone-9620\/\"><br \/>\n\t\t\t\t\t\t\t\t\t\t\t\t<img decoding=\"async\" loading=\"lazy\" width=\"603\" height=\"603\" src=\"https:\/\/movitronics.com.br\/store\/wp-content\/uploads\/2018\/05\/avaya_4_avaya-9620-ip-telephone-700426711-45.jpg\" \/>\t\t\t\t\t\t\t\t\t\t\t<\/a><\/p>\n<p><a href=\"https:\/\/movitronics.com.br\/store\/loja\/redes-e-telecom\/avaya\/telefone-avaya-ip-phone-9620\/\">Telefone Avaya IP Phone 9620<\/a><\/p>\n<p><a href=\"https:\/\/movitronics.com.br\/store\/loja\/redes-e-telecom\/avaya\/mm710-t1-e1-media-module\/\"><br \/>\n\t\t\t\t\t\t\t\t\t\t\t\t<img decoding=\"async\" loading=\"lazy\" width=\"1088\" height=\"610\" src=\"https:\/\/movitronics.com.br\/store\/wp-content\/uploads\/2020\/12\/placa-1.png\" \/>\t\t\t\t\t\t\t\t\t\t\t<\/a><\/p>\n<p><a href=\"https:\/\/movitronics.com.br\/store\/loja\/redes-e-telecom\/avaya\/mm710-t1-e1-media-module\/\">MM710 T1\/E1 Media Module<\/a><\/p>\n<p><a href=\"https:\/\/movitronics.com.br\/store\/loja\/redes-e-telecom\/aligera\/ag300\/\"><br \/>\n\t\t\t\t\t\t\t\t\t\t\t\t<img decoding=\"async\" loading=\"lazy\" width=\"600\" height=\"600\" src=\"https:\/\/movitronics.com.br\/store\/wp-content\/uploads\/2022\/07\/placas_digitais_e1_produto_7_imagem_quadrado-1.jpg\" \/>\t\t\t\t\t\t\t\t\t\t\t<\/a><\/p>\n<p><a href=\"https:\/\/movitronics.com.br\/store\/loja\/redes-e-telecom\/aligera\/ag300\/\">Gateway SIP E1 anal\u00f3gico Aligera &#8211; AG300<\/a><\/p>\n<p><a href=\"https:\/\/movitronics.com.br\/store\/loja\/redes-e-telecom\/cpe-externo-13dbi-300mbps-5ghz\/\"><br \/>\n\t\t\t\t\t\t\t\t\t\t\t\t<img decoding=\"async\" loading=\"lazy\" width=\"1000\" height=\"1000\" src=\"https:\/\/movitronics.com.br\/store\/wp-content\/uploads\/2018\/06\/12970987_4SZ.jpg\" \/>\t\t\t\t\t\t\t\t\t\t\t<\/a><\/p>\n<p><a href=\"https:\/\/movitronics.com.br\/store\/loja\/redes-e-telecom\/cpe-externo-13dbi-300mbps-5ghz\/\">CPE Externo 13dBi 300Mbps 5GHz<\/a><\/p>\n<p><a href=\"https:\/\/movitronics.com.br\/store\/loja\/redes-e-telecom\/switch-montavel-em-rack-de-24-portas-10-100mbps-2-portas-gigabit\/\"><br \/>\n\t\t\t\t\t\t\t\t\t\t\t\t<img decoding=\"async\" loading=\"lazy\" width=\"1000\" height=\"1000\" src=\"https:\/\/movitronics.com.br\/store\/wp-content\/uploads\/2018\/06\/12673829_1SZ.jpg\" \/>\t\t\t\t\t\t\t\t\t\t\t<\/a><\/p>\n<p><a href=\"https:\/\/movitronics.com.br\/store\/loja\/redes-e-telecom\/switch-montavel-em-rack-de-24-portas-10-100mbps-2-portas-gigabit\/\">Switch Mont\u00e1vel em Rack de 24 Portas 10\/100Mbps + 2 Portas Gigabit<\/a><\/p>\n<p><a href=\"https:\/\/movitronics.com.br\/store\/loja\/redes-e-telecom\/switch-poe-smart-gigabit-de-4-portas-24-portas-10-100mbps\/\"><br \/>\n\t\t\t\t\t\t\t\t\t\t\t\t<img decoding=\"async\" loading=\"lazy\" width=\"900\" height=\"900\" src=\"https:\/\/movitronics.com.br\/store\/wp-content\/uploads\/2018\/06\/GRD_51042_Switch-TPLink-24-Port-10-100Mbps-4-Port-Gigabit-PoE-RJ45-ports-TL-SL2428P.jpg\" \/>\t\t\t\t\t\t\t\t\t\t\t<\/a><\/p>\n<p><a href=\"https:\/\/movitronics.com.br\/store\/loja\/redes-e-telecom\/switch-poe-smart-gigabit-de-4-portas-24-portas-10-100mbps\/\">Switch PoE+ Smart Gigabit de 4 Portas + 24-Portas 10\/100Mbps<\/a><\/p>\n<p><a href=\"https:\/\/movitronics.com.br\/store\/loja\/redes-e-telecom\/switch-poe-smart-gigabit-de-4-portas-24-10-100mbps\/\"><br \/>\n\t\t\t\t\t\t\t\t\t\t\t\t<img decoding=\"async\" loading=\"lazy\" width=\"1200\" height=\"1200\" src=\"https:\/\/movitronics.com.br\/store\/wp-content\/uploads\/2018\/06\/30131.jpg\" \/>\t\t\t\t\t\t\t\t\t\t\t<\/a><\/p>\n<p><a href=\"https:\/\/movitronics.com.br\/store\/loja\/redes-e-telecom\/switch-poe-smart-gigabit-de-4-portas-24-10-100mbps\/\">Switch PoE+ Smart Gigabit de 4 Portas +24-10\/100Mbps<\/a><\/p>\n<p><a href=\"https:\/\/movitronics.com.br\/store\/loja\/redes-e-telecom\/switch\/switch-cisco-ws-c2960s-48lpd-l-seminovo\/\"><br \/>\n\t\t\t\t\t\t\t\t\t\t\t\t<img decoding=\"async\" loading=\"lazy\" width=\"640\" height=\"582\" src=\"https:\/\/movitronics.com.br\/store\/wp-content\/uploads\/2020\/10\/s-l640.jpg\" \/>\t\t\t\t\t\t\t\t\t\t\t<\/a><\/p>\n<p><a href=\"https:\/\/movitronics.com.br\/store\/loja\/redes-e-telecom\/switch\/switch-cisco-ws-c2960s-48lpd-l-seminovo\/\">SWITCH CISCO WS-C2960S-48LPD-L SEMINOVO<\/a><\/p>\n<p><a href=\"https:\/\/movitronics.com.br\/store\/loja\/redes-e-telecom\/cisco\/switch-cisco-gigabit-sg200-26p-12-portas-poe-e-02-sfp-rj45-seminovo\/\"><br \/>\n\t\t\t\t\t\t\t\t\t\t\t\t<img decoding=\"async\" loading=\"lazy\" width=\"608\" height=\"304\" src=\"https:\/\/movitronics.com.br\/store\/wp-content\/uploads\/2020\/12\/Sem-t\u00edtulo.png\" \/>\t\t\t\t\t\t\t\t\t\t\t<\/a><\/p>\n<p><a href=\"https:\/\/movitronics.com.br\/store\/loja\/redes-e-telecom\/cisco\/switch-cisco-gigabit-sg200-26p-12-portas-poe-e-02-sfp-rj45-seminovo\/\">SWITCH CISCO GIGABIT SG200 26P 12 PORTAS POE E 02 SFP\/RJ45 SEMINOVO<\/a><\/p>\n<p><a href=\"https:\/\/movitronics.com.br\/store\/loja\/informatica\/ergonomia\/solemate-apoio-para-os-pes-sistema-smartfit\/\"><br \/>\n\t\t<img decoding=\"async\" loading=\"lazy\" width=\"300\" height=\"300\" src=\"https:\/\/movitronics.com.br\/store\/wp-content\/uploads\/2021\/07\/58-300x300.jpg\" \/>\t\tSoleMate\u2122 Apoio Para os P\u00e9s &#8211; Sistema SmartFit\u00ae<br \/>\n\t<\/a><\/p>\n<p><a href=\"https:\/\/movitronics.com.br\/store\/loja\/informatica\/dock-stations\/sd1610p-docking-station-portatil-usb-c-com-carregador\/\"><br \/>\n\t\t<img decoding=\"async\" loading=\"lazy\" width=\"300\" height=\"300\" src=\"https:\/\/movitronics.com.br\/store\/wp-content\/uploads\/2021\/07\/32-300x300.jpg\" \/>\t\tSD1610P Docking Station Port\u00e1til USB-C com Carregador<br \/>\n\t<\/a><\/p>\n<p><a href=\"https:\/\/movitronics.com.br\/store\/loja\/informatica\/kensington\/apresentador-sem-fio-com-laser-point-verde-mouse-e-memoria\/\"><br \/>\n\t\t<img decoding=\"async\" loading=\"lazy\" width=\"300\" height=\"300\" src=\"https:\/\/movitronics.com.br\/store\/wp-content\/uploads\/2021\/07\/91-300x300.jpg\" \/>\t\tApresentador sem Fio, com Laser Point Verde, Mouse e Mem\u00f3ria<br \/>\n\t<\/a><\/p>\n<p><a href=\"https:\/\/movitronics.com.br\/store\/loja\/redes-e-telecom\/aligera\/ag1600\/\"><br \/>\n\t\t<img decoding=\"async\" loading=\"lazy\" width=\"300\" height=\"300\" src=\"https:\/\/movitronics.com.br\/store\/wp-content\/uploads\/2022\/07\/ag1600_produto_4_imagem_quadrado-300x300.jpg\" \/>\t\tMedia Gateway SIP E1 Aligera AG1600<br \/>\n\t<\/a><\/p>\n<p><a href=\"https:\/\/movitronics.com.br\/store\/loja\/redes-e-telecom\/avaya\/telefone-ip-avaya-9611g-ip\/\"><br \/>\n\t\t<img decoding=\"async\" loading=\"lazy\" width=\"300\" height=\"300\" src=\"https:\/\/movitronics.com.br\/store\/wp-content\/uploads\/2018\/05\/avaya_2-9611G-01-300x300.jpg\" \/>\t\tTelefone IP Avaya 9611G IP<br \/>\n\t<\/a><\/p>\n<p>&#082;&#036;0,00<\/p>\n<p>Est\u00e1 com alguma d\u00favida?<br \/>\n\t\t\t\t\t\t\t\t\t\t\t\t\t\t\t\t\t\t\t\t\t\t\t\t\t\t\t\t\t\t\t\t\t\t\t\t\t\t\t\t\t\t\t\t\t\t\t\t\t\t\t\t\t<a href=\"https:\/\/api.whatsapp.com\/send?phone=551128380111&#038;text=Oi,%20encontrei%20voces%20pelo%20site%20Movi%20Store%20e%20gostaria%20de%20tirar%20uma%20d%C3%BAvida\" target=\"_blank\" rel=\"noopener\"><br \/>\n\t\t\t\t\t\t\t\t\t\t\t\t\t\t\t Fale com a gente pelo Whatsapp\t\t\t\t\t\t\t\t\t\t\t\t\t\t<\/a><\/p>\n<p><!-- .container --><br \/>\n\t\t\t\t\t\t\t\t <!-- .overlay --><\/p>\n","protected":false},"excerpt":{"rendered":"<p class=\"excerpt\">Grande estoque de produtos Cisco Telefones IP e Switches seminovos com certificado de garantia VER ESTOQUE COMPLETO Centrais Avaya e Telefones IP Produtos pronta entrega e garantia extendida VER ESTOQUE COMPLETO Distribuidor Jabra Headsets profissionais para sua empresa VER PRODUTOS JABRA Nosso estoque \u00e9 atualizado diariamente Caso n\u00e3o encontre o produto desejado envie para n\u00f3s [&hellip;]<\/p>\n","protected":false},"author":1,"featured_media":0,"parent":0,"menu_order":0,"comment_status":"closed","ping_status":"closed","template":"builder.php","meta":[],"_links":{"self":[{"href":"https:\/\/movitronics.com.br\/store\/wp-json\/wp\/v2\/pages\/794"}],"collection":[{"href":"https:\/\/movitronics.com.br\/store\/wp-json\/wp\/v2\/pages"}],"about":[{"href":"https:\/\/movitronics.com.br\/store\/wp-json\/wp\/v2\/types\/page"}],"author":[{"embeddable":true,"href":"https:\/\/movitronics.com.br\/store\/wp-json\/wp\/v2\/users\/1"}],"replies":[{"embeddable":true,"href":"https:\/\/movitronics.com.br\/store\/wp-json\/wp\/v2\/comments?post=794"}],"version-history":[{"count":168,"href":"https:\/\/movitronics.com.br\/store\/wp-json\/wp\/v2\/pages\/794\/revisions"}],"predecessor-version":[{"id":2095,"href":"https:\/\/movitronics.com.br\/store\/wp-json\/wp\/v2\/pages\/794\/revisions\/2095"}],"wp:attachment":[{"href":"https:\/\/movitronics.com.br\/store\/wp-json\/wp\/v2\/media?parent=794"}],"curies":[{"name":"wp","href":"https:\/\/api.w.org\/{rel}","templated":true}]}}