{"id":863,"date":"2018-02-05T15:41:38","date_gmt":"2018-02-05T17:41:38","guid":{"rendered":"https:\/\/movitronics.com.br\/store\/?page_id=863"},"modified":"2018-06-01T18:37:57","modified_gmt":"2018-06-01T21:37:57","slug":"sobre","status":"publish","type":"page","link":"https:\/\/movitronics.com.br\/store\/sobre\/","title":{"rendered":"Sobre a Movitronics Store"},"content":{"rendered":"<p>A <strong>MOVITRONICS STORE<\/strong> \u00e9 um e-commerce que nasceu para complementar os servi\u00e7os da <strong>MOVITRONICS do Brasil<\/strong>.<\/p>\n<p>Somos um e-commerce especializado em produtos de Telecomunica\u00e7\u00f5es e Conectividade e trabalhamos com produtos novos e remanufaturados.<\/p>\n<p>Os produtos remanufaturados s\u00e3o todos oferecidos com <strong>garantia de pelo menos 4 meses<\/strong> para que nossos clientes possam ficar seguros com a qualidade do que oferecemos.<\/p>\n<p>A<strong> MOVITRONICS<\/strong>\u00a0\u00e9 uma empresa brasileira, com presen\u00e7a na \u00e1rea de presta\u00e7\u00e3o de servi\u00e7os de tecnologia da informa\u00e7\u00e3o,\u00a0<strong>manuten\u00e7\u00e3o, suporte e reparo de equipamentos de Telecomunica\u00e7\u00f5es e Conectividade<\/strong>.<\/p>\n<p>Nossa sede fica localizada na cidade de S\u00e3o Paulo, com atua\u00e7\u00e3o em todo territ\u00f3rio nacional e America Latina.<\/p>\n<p>Possu\u00edmos um corpo de profissionais\u00a0<strong>altamente qualificados e certificados<\/strong>\u00a0para manter a excel\u00eancia dos nossos servi\u00e7os.<\/p>\n<p>Temos capacidade t\u00e9cnica excepcional para identificar e reparar qualquer equipamento de rede e conectividade em geral, seja de fabrica\u00e7\u00e3o Nacional ou Internacional.<\/p>\n<p>Qualquer d\u00favida ou sugest\u00e3o, entre em contato com nossa <a href=\"https:\/\/movitronics.com.br\/store\/contato\/\"><strong>Central de Atendimento<\/strong><\/a> pelo telefone, e-mail ou Whatsapp, <a href=\"https:\/\/movitronics.com.br\/store\/contato\/\"><strong>clicando aqui<\/strong><\/a><\/p>\n","protected":false},"excerpt":{"rendered":"<p class=\"excerpt\">A MOVITRONICS STORE \u00e9 um e-commerce que nasceu para complementar os servi\u00e7os da MOVITRONICS do Brasil. Somos um e-commerce especializado em produtos de Telecomunica\u00e7\u00f5es e Conectividade e trabalhamos com produtos novos e remanufaturados. Os produtos remanufaturados s\u00e3o todos oferecidos com garantia de pelo menos 4 meses para que nossos clientes possam ficar seguros com a [&hellip;]<\/p>\n","protected":false},"author":1,"featured_media":0,"parent":0,"menu_order":0,"comment_status":"closed","ping_status":"closed","template":"","meta":[],"_links":{"self":[{"href":"https:\/\/movitronics.com.br\/store\/wp-json\/wp\/v2\/pages\/863"}],"collection":[{"href":"https:\/\/movitronics.com.br\/store\/wp-json\/wp\/v2\/pages"}],"about":[{"href":"https:\/\/movitronics.com.br\/store\/wp-json\/wp\/v2\/types\/page"}],"author":[{"embeddable":true,"href":"https:\/\/movitronics.com.br\/store\/wp-json\/wp\/v2\/users\/1"}],"replies":[{"embeddable":true,"href":"https:\/\/movitronics.com.br\/store\/wp-json\/wp\/v2\/comments?post=863"}],"version-history":[{"count":13,"href":"https:\/\/movitronics.com.br\/store\/wp-json\/wp\/v2\/pages\/863\/revisions"}],"predecessor-version":[{"id":1441,"href":"https:\/\/movitronics.com.br\/store\/wp-json\/wp\/v2\/pages\/863\/revisions\/1441"}],"wp:attachment":[{"href":"https:\/\/movitronics.com.br\/store\/wp-json\/wp\/v2\/media?parent=863"}],"curies":[{"name":"wp","href":"https:\/\/api.w.org\/{rel}","templated":true}]}}