{"id":1410,"date":"2018-05-25T18:51:04","date_gmt":"2018-05-25T21:51:04","guid":{"rendered":"https:\/\/movitronics.com.br\/store\/?post_type=product&#038;p=1410"},"modified":"2018-12-12T09:35:24","modified_gmt":"2018-12-12T11:35:24","slug":"telefone-avaya-ip-phone-1608-i-blk","status":"publish","type":"product","link":"https:\/\/movitronics.com.br\/store\/loja\/redes-e-telecom\/avaya\/telefone-avaya-ip-phone-1608-i-blk\/","title":{"rendered":"Telefone Avaya IP Phone 1608-I BLK"},"content":{"rendered":"<p>Para as empresas com necessidades de comunica\u00e7\u00f5es, os telefones da linha 1600 IP oferecem o melhor custo benef\u00edcio da categoria.<\/p>\n<p>Ajude seus executivos, gerentes, recepcionistas e vendedores remotos a ficarem conectados, acess\u00edveis e produtivos o dia inteiro!<\/p>\n<p>A Avaya oferece a linha mais completa de aparelhos IP e SIP. Funcionam com o Avaya Aura \u00ae Plataform e o Avaya IP Office\u2122 Plataform.<\/p>\n<p>O 1608 inclui diversas teclas fixas para tarefas comuns, inclusive confer\u00eancias, transfer\u00eancias, segurar e mudo. Al\u00e9m disso, ele apresenta um alto-falante de duas vias, uma para fone de ouvido e uma porta extra Ethernet 10\/100 para um laptop ou PC co-localizados.<\/p>\n<h4>DADOS T\u00c9CNICOS<\/h4>\n<table class=\"table\">\n<tbody>\n<tr>\n<th class=\"name-field Rediscagem\" style=\"text-align: left;\">Estado<\/th>\n<td class=\"value-field Rediscagem\"><strong>Remanufaturado<\/strong><\/td>\n<\/tr>\n<tr>\n<th class=\"name-field Rediscagem\" style=\"text-align: left;\">Garantia<\/th>\n<td class=\"value-field Rediscagem\"><strong>4 meses<\/strong><\/td>\n<\/tr>\n<tr class=\"even\">\n<th class=\"name-field Rediscagem\" style=\"text-align: left;\">Rediscagem<\/th>\n<td class=\"value-field Rediscagem\">Sim<\/td>\n<\/tr>\n<tr>\n<th style=\"vertical-align: top;\">\n<p style=\"text-align: left;\">Outras<br \/>\nEspecifica\u00e7\u00f5es<\/p>\n<\/th>\n<td class=\"value-field\">&#8211; Suporta 8 linhas aparentes<\/p>\n<p>&#8211; Teclas de fun\u00e7\u00f5es com Dual Leds<\/p>\n<p>&#8211; Fun\u00e7\u00f5es Cofer\u00eancia, transferir, aguardar e mudo<\/p>\n<p>&#8211; Alto-falante de duas vias, uma para fone de ouvido e uma porta extra Ethernet 10\/100 para um laptop ou PC co-localizados.<\/td>\n<\/tr>\n<tr class=\"even\">\n<th class=\"name-field Identificador-de-Chamadas\">\n<p style=\"text-align: left;\">Identificador de<br \/>\nChamadas<\/p>\n<\/th>\n<td class=\"value-field Identificador-de-Chamadas\">Sim<\/td>\n<\/tr>\n<tr>\n<th class=\"name-field Cor\" style=\"text-align: left;\">Cor<\/th>\n<td class=\"value-field Cor\">Grafite<\/td>\n<\/tr>\n<tr class=\"even\">\n<th class=\"name-field\" style=\"text-align: left;\">Part number<\/th>\n<td class=\"value-field\">700508260<\/td>\n<\/tr>\n<tr class=\"even\">\n<th class=\"name-field Itens-Inclusos\" style=\"text-align: left;\">Itens Inclusos<\/th>\n<td class=\"value-field Itens-Inclusos\">01- Telefone IP 1608-I BLK<\/td>\n<\/tr>\n<\/tbody>\n<\/table>\n<p><strong>Telefones espec\u00edficos digitais ou SIP<\/strong><br \/>\nEste telefone \u00e9 compat\u00edvel com centrais da mesma marca. <strong>Requer instala\u00e7\u00e3o por profissionais, aconselh\u00e1vel para substitui\u00e7\u00e3o de modelos existentes ou amplia\u00e7\u00e3o de instala\u00e7\u00e3o.<\/strong><\/p>\n","protected":false},"excerpt":{"rendered":"<p class=\"excerpt\">O 1608 inclui diversas teclas fixas para tarefas comuns, inclusive confer\u00eancias, transfer\u00eancias, segurar e mudo. Al\u00e9m disso, ele apresenta um alto-falante de duas vias, uma para fone de ouvido e uma porta extra Ethernet 10\/100 para um laptop ou PC co-localizados.<\/p>\n<p class=\"excerpt\"><strong>Remanufaturado com garantia de 4 meses Movitronics.<\/strong><\/p>\n","protected":false},"featured_media":1415,"comment_status":"open","ping_status":"closed","template":"","meta":[],"product_cat":[67,66],"product_tag":[68,70,69,72],"_links":{"self":[{"href":"https:\/\/movitronics.com.br\/store\/wp-json\/wp\/v2\/product\/1410"}],"collection":[{"href":"https:\/\/movitronics.com.br\/store\/wp-json\/wp\/v2\/product"}],"about":[{"href":"https:\/\/movitronics.com.br\/store\/wp-json\/wp\/v2\/types\/product"}],"replies":[{"embeddable":true,"href":"https:\/\/movitronics.com.br\/store\/wp-json\/wp\/v2\/comments?post=1410"}],"wp:featuredmedia":[{"embeddable":true,"href":"https:\/\/movitronics.com.br\/store\/wp-json\/wp\/v2\/media\/1415"}],"wp:attachment":[{"href":"https:\/\/movitronics.com.br\/store\/wp-json\/wp\/v2\/media?parent=1410"}],"wp:term":[{"taxonomy":"product_cat","embeddable":true,"href":"https:\/\/movitronics.com.br\/store\/wp-json\/wp\/v2\/product_cat?post=1410"},{"taxonomy":"product_tag","embeddable":true,"href":"https:\/\/movitronics.com.br\/store\/wp-json\/wp\/v2\/product_tag?post=1410"}],"curies":[{"name":"wp","href":"https:\/\/api.w.org\/{rel}","templated":true}]}}