{"id":1423,"date":"2018-05-27T23:39:35","date_gmt":"2018-05-28T02:39:35","guid":{"rendered":"https:\/\/movitronics.com.br\/store\/?post_type=product&#038;p=1423"},"modified":"2018-12-12T09:35:18","modified_gmt":"2018-12-12T11:35:18","slug":"telefone-avaya-ip-phone-9620","status":"publish","type":"product","link":"https:\/\/movitronics.com.br\/store\/loja\/redes-e-telecom\/avaya\/telefone-avaya-ip-phone-9620\/","title":{"rendered":"Telefone Avaya IP Phone 9620"},"content":{"rendered":"<h3>Caracter\u00edsticas<\/h3>\n<p>O Avaya 9620 \u00e9 um telefone IP completo feito para uso di\u00e1rio. Possui visor com capacidade visualizar de 3 at\u00e9 12 liga\u00e7\u00f5es ou outros recursos.<\/p>\n<ul>\n<li><strong>Remanufaturado com garantia de 4 meses Movitronics.<\/strong><\/li>\n<li>Display de 3.45&#8243; iluminado<\/li>\n<li>3 visualiza\u00e7\u00f5es de linha que suportam at\u00e9 12 apresenta\u00e7\u00f5es de chamadas ou recursos<\/li>\n<li>4 softkeys, 4 bot\u00f5es de navega\u00e7\u00e3o<\/li>\n<li>Viva voz full-duplex inclu\u00eddo<\/li>\n<li>Duplo Indicador de mensagem de espera<\/li>\n<li>Volume, menu, mensagem, auto-falante, headset, contatos, e bot\u00e3o de hist\u00f3rico de chamadas<\/li>\n<li>Inclu\u00eddo 2 portas Ethernet switch para conex\u00e3o em LAN ou PC<\/li>\n<li>Suporte de codec de banda larga<\/li>\n<li>Interface do adaptador para suporte add-on (exemplo:\u00a0<a href=\"http:\/\/www.metrolinedirect.com\/700383789.html\">9600 Bluetooth Adapter<\/a>,\u00a0<a href=\"http:\/\/www.metrolinedirect.com\/avayagige.html\">9600 GigE Adapter<\/a>)<\/li>\n<li>Interface de fone de ouvido embutido<\/li>\n<\/ul>\n<p>&nbsp;<\/p>\n<h3><strong>Compatibilidade<\/strong><\/h3>\n<ul>\n<li>H.323 vers\u00e3o suportada pelo Avaya Communication Manager R3.0 at\u00e9 o 5.1<\/li>\n<li>Vers\u00e3o do SIP suportada pelo Avaya Communication R4.0 ou superior<\/li>\n<li>Energia via 802.3af PoE (Class 2) ou fonte de alimenta\u00e7\u00e3o local 1151 (vendida separadamente.)<\/li>\n<\/ul>\n","protected":false},"excerpt":{"rendered":"<p class=\"excerpt\">O Avaya 9620 \u00e9 um telefone IP completo feito para uso di\u00e1rio. Possui visor com capacidade visualizar de 3 at\u00e9 12 liga\u00e7\u00f5es ou outros recursos.<\/p>\n<p class=\"excerpt\"><strong> Remanufaturado com garantia de 4 meses Movitronics. <\/strong><\/p>\n","protected":false},"featured_media":1426,"comment_status":"open","ping_status":"closed","template":"","meta":[],"product_cat":[67,66],"product_tag":[68,70,75,69,72],"_links":{"self":[{"href":"https:\/\/movitronics.com.br\/store\/wp-json\/wp\/v2\/product\/1423"}],"collection":[{"href":"https:\/\/movitronics.com.br\/store\/wp-json\/wp\/v2\/product"}],"about":[{"href":"https:\/\/movitronics.com.br\/store\/wp-json\/wp\/v2\/types\/product"}],"replies":[{"embeddable":true,"href":"https:\/\/movitronics.com.br\/store\/wp-json\/wp\/v2\/comments?post=1423"}],"wp:featuredmedia":[{"embeddable":true,"href":"https:\/\/movitronics.com.br\/store\/wp-json\/wp\/v2\/media\/1426"}],"wp:attachment":[{"href":"https:\/\/movitronics.com.br\/store\/wp-json\/wp\/v2\/media?parent=1423"}],"wp:term":[{"taxonomy":"product_cat","embeddable":true,"href":"https:\/\/movitronics.com.br\/store\/wp-json\/wp\/v2\/product_cat?post=1423"},{"taxonomy":"product_tag","embeddable":true,"href":"https:\/\/movitronics.com.br\/store\/wp-json\/wp\/v2\/product_tag?post=1423"}],"curies":[{"name":"wp","href":"https:\/\/api.w.org\/{rel}","templated":true}]}}