{"id":1427,"date":"2018-05-28T00:02:05","date_gmt":"2018-05-28T03:02:05","guid":{"rendered":"https:\/\/movitronics.com.br\/store\/?post_type=product&#038;p=1427"},"modified":"2018-12-12T09:30:31","modified_gmt":"2018-12-12T11:30:31","slug":"telefone-avaya-ip-phone-2410","status":"publish","type":"product","link":"https:\/\/movitronics.com.br\/store\/loja\/redes-e-telecom\/avaya\/telefone-avaya-ip-phone-2410\/","title":{"rendered":"Telefone Avaya IP Phone 2410"},"content":{"rendered":"<p>O telefone Avaya 2410 digital \u00e9 um IP pronto, Full duplex viva-voz, com um grande display dividido.<\/p>\n<ul>\n<li><strong>Remanufaturado com garantia de 4 meses Movitronics.<\/strong><\/li>\n<li>Teclas de facilidades\/display<\/li>\n<li>Luz de mensagem\u00a0em espera<\/li>\n<li>Bot\u00f5es de navega\u00e7\u00e3o para virar p\u00e1gina para\u00a0esquerda\/direita<\/li>\n<li>Teclas program\u00e1veis<\/li>\n<\/ul>\n<p>O sistema de telefonia Avaya 2410 \u00e9 um telefone digital para uso em pequenas empresas ou em resid\u00eancias que possui todas as caracter\u00edsticas de sistemas maiores, em um dispositivo de econ\u00f4mico.<\/p>\n<p>Voc\u00ea pode ativar recursos como um log de \u200b\u200bchamadas sem papel para as chamadas recebidas e efetuadas.<\/p>\n<p>Possui um grande display digital e toques personalizados.<\/p>\n<p>Para aprender a usar este sistema de telefone \u00e9 simples e n\u00e3o requer nenhuma experi\u00eancia t\u00e9cnica do professor ou o usu\u00e1rio .<\/p>\n<p>&nbsp;<\/p>\n","protected":false},"excerpt":{"rendered":"<p class=\"excerpt\">O sistema de telefonia Avaya 2410 \u00e9 um telefone digital para uso em pequenas empresas ou em resid\u00eancias que possui todas as caracter\u00edsticas de sistemas maiores<\/p>\n<p class=\"excerpt\"><strong>Remanufaturado com garantia de 4 meses Movitronics. <\/strong><\/p>\n","protected":false},"featured_media":1429,"comment_status":"open","ping_status":"closed","template":"","meta":[],"product_cat":[67,66],"product_tag":[68,70,69,72],"_links":{"self":[{"href":"https:\/\/movitronics.com.br\/store\/wp-json\/wp\/v2\/product\/1427"}],"collection":[{"href":"https:\/\/movitronics.com.br\/store\/wp-json\/wp\/v2\/product"}],"about":[{"href":"https:\/\/movitronics.com.br\/store\/wp-json\/wp\/v2\/types\/product"}],"replies":[{"embeddable":true,"href":"https:\/\/movitronics.com.br\/store\/wp-json\/wp\/v2\/comments?post=1427"}],"wp:featuredmedia":[{"embeddable":true,"href":"https:\/\/movitronics.com.br\/store\/wp-json\/wp\/v2\/media\/1429"}],"wp:attachment":[{"href":"https:\/\/movitronics.com.br\/store\/wp-json\/wp\/v2\/media?parent=1427"}],"wp:term":[{"taxonomy":"product_cat","embeddable":true,"href":"https:\/\/movitronics.com.br\/store\/wp-json\/wp\/v2\/product_cat?post=1427"},{"taxonomy":"product_tag","embeddable":true,"href":"https:\/\/movitronics.com.br\/store\/wp-json\/wp\/v2\/product_tag?post=1427"}],"curies":[{"name":"wp","href":"https:\/\/api.w.org\/{rel}","templated":true}]}}