{"id":1431,"date":"2018-05-28T00:16:01","date_gmt":"2018-05-28T03:16:01","guid":{"rendered":"https:\/\/movitronics.com.br\/store\/?post_type=product&#038;p=1431"},"modified":"2018-12-12T09:30:29","modified_gmt":"2018-12-12T11:30:29","slug":"switch-avaya-4526t-pwr-24-portas-10-100mbps-poe-2x-sfp","status":"publish","type":"product","link":"https:\/\/movitronics.com.br\/store\/loja\/redes-e-telecom\/switch\/switch-avaya-4526t-pwr-24-portas-10-100mbps-poe-2x-sfp\/","title":{"rendered":"Switch Avaya 4526T Pwr &#8211; 24 Portas 10\/100Mbps Poe + 2X Sfp"},"content":{"rendered":"<p>A Avaya Ethernet Routing Switch 4500 Series \u00e9 um sistema de fornecimento de alta performance empilh\u00e1veis, pronto para converg\u00eancia, e conectividade Ethernet resiliente segura.<\/p>\n<p><strong>Vis\u00e3o Geral<\/strong><\/p>\n<p>Dispon\u00edvel em v\u00e1rios modelos diferentes de apoio 10\/100Mbps e 10\/100\/1000Mbps de comuta\u00e7\u00e3o e roteamento, Power-over-Ethernet (PoE) e op\u00e7\u00f5es uplink 10 Gigabit Ethernet, a familia switches 4500 \u00e9 ideal para solu\u00e7\u00e3o de cabeamento Enterprise e implanta\u00e7\u00f5es de borda de rede.<\/p>\n<p><strong>Pronto para Converg\u00eancia<\/strong><\/p>\n<p>Para empresas que procuram reunir suas principais formas de comunica\u00e7\u00e3o &#8211; dados, voz e v\u00eddeo &#8211; em uma \u00fanica infra-estrutura, a Familia ERS 4500 proporciona a funcionalidade que faz convergir estas tecnologias simples.<\/p>\n<p>Atrav\u00e9s de apoio para os padr\u00f5es baseados Power-over-Ethernet (IEEE 802.3af PoE), a alimenta\u00e7\u00e3o el\u00e9trica pode ser entregue a telefones IP, pontos de acesso sem fio, c\u00e2meras de CCTV em rede e outros dispositivos de pot\u00eancia.<\/p>\n<p>Isso elimina a necessidade de ter fontes de alimenta\u00e7\u00e3o separada para cada unidade, reduzindo assim o custo de cabeamento e gerenciamento, quando h\u00e1 mudancas ou altera\u00e7\u00f5es na rede.<\/p>\n<p>Al\u00e9m disso, com detec\u00e7\u00e3o autom\u00e1tica da Avaya e capacidade de configura\u00e7\u00e3o (ADAC), a fam\u00edlia ERS 4500 pode configurar automaticamente a op\u00e7\u00e3o para aplicar Qualidade de Servi\u00e7o (QoS) e configura\u00e7\u00f5es de VLAN, fazendo implanta\u00e7\u00f5es em massa de telefones IP de forma f\u00e1cil e r\u00e1pido.<\/p>\n<p>Baseada em padr\u00f5es 802.1AB auto-descoberta tamb\u00e9m pode ser usado para dispositivos n\u00e3o forem da Avaya.<\/p>\n<p>A nova su\u00edte de melhorias avan\u00e7adas QoS permitem insuper\u00e1vel controle para os cen\u00e1rios de rede que exigir capacidades sofisticadas da gest\u00e3o de fila de sa\u00edda que d\u00e1 forma, a muta\u00e7\u00e3o de DiffServ Code Point valores em egressos, a defini\u00e7\u00e3o de conjuntos de filtro com crit\u00e9rios (IP) camada 2 e camada 3, e a capacidade de plena de otimizar o esquema de fila e gerenciamento de buffer.<\/p>\n<p>Coletivamente, estes novos recursos de QoS capacitam a familia ERS 4500 para oferecer a maior qualidade da aplica\u00e7\u00e3o integral solu\u00e7\u00e3o de gerenciamento de qualquer produto nesta classe.<\/p>\n","protected":false},"excerpt":{"rendered":"<p class=\"excerpt\">A Avaya Ethernet Routing Switch 4500 Series \u00e9 um sistema de fornecimento de alta performance empilh\u00e1veis, pronto para converg\u00eancia, e conectividade Ethernet resiliente segura.<\/p>\n<p class=\"excerpt\"><strong> Remanufaturado com garantia de 4 meses Movitronics. <\/strong><\/p>\n","protected":false},"featured_media":1433,"comment_status":"open","ping_status":"closed","template":"","meta":[],"product_cat":[76],"product_tag":[68,70,77],"_links":{"self":[{"href":"https:\/\/movitronics.com.br\/store\/wp-json\/wp\/v2\/product\/1431"}],"collection":[{"href":"https:\/\/movitronics.com.br\/store\/wp-json\/wp\/v2\/product"}],"about":[{"href":"https:\/\/movitronics.com.br\/store\/wp-json\/wp\/v2\/types\/product"}],"replies":[{"embeddable":true,"href":"https:\/\/movitronics.com.br\/store\/wp-json\/wp\/v2\/comments?post=1431"}],"wp:featuredmedia":[{"embeddable":true,"href":"https:\/\/movitronics.com.br\/store\/wp-json\/wp\/v2\/media\/1433"}],"wp:attachment":[{"href":"https:\/\/movitronics.com.br\/store\/wp-json\/wp\/v2\/media?parent=1431"}],"wp:term":[{"taxonomy":"product_cat","embeddable":true,"href":"https:\/\/movitronics.com.br\/store\/wp-json\/wp\/v2\/product_cat?post=1431"},{"taxonomy":"product_tag","embeddable":true,"href":"https:\/\/movitronics.com.br\/store\/wp-json\/wp\/v2\/product_tag?post=1431"}],"curies":[{"name":"wp","href":"https:\/\/api.w.org\/{rel}","templated":true}]}}