{"id":1456,"date":"2018-06-03T13:56:32","date_gmt":"2018-06-03T16:56:32","guid":{"rendered":"https:\/\/movitronics.com.br\/store\/?post_type=product&#038;p=1456"},"modified":"2018-12-12T09:30:24","modified_gmt":"2018-12-12T11:30:24","slug":"switch-easy-smart-gigabit-de-16-portas","status":"publish","type":"product","link":"https:\/\/movitronics.com.br\/store\/loja\/redes-e-telecom\/switch-easy-smart-gigabit-de-16-portas\/","title":{"rendered":"Switch Easy Smart Gigabit de 16 Portas"},"content":{"rendered":"<ul>\n<li>16 portas RJ45 de 10\/100\/1000Mbps<\/li>\n<li>Oferece monitoramento da rede, prioriza\u00e7\u00e3o de tr\u00e1fego e possui caracter\u00edsticas de VLAN<\/li>\n<li>A inovadora tecnologia de energia eficiente economiza at\u00e9 40% do consumo de eletricidade<\/li>\n<li>Simples Configura\u00e7\u00e3o de Rede com Sistema Plung-and-play<\/li>\n<li>Gerencia de forma centralizada todos os switches smarts com o Utilit\u00e1rio de Configura\u00e7\u00e3o Easy Smart.<\/li>\n<\/ul>\n<p>O que este produto faz?<\/p>\n<p>O Switch Easy Smart Gigabit TL-SG1024DE de 24 Portas \u00e9 a evolu\u00e7\u00e3o ideal do switch n\u00e3o-gerenci\u00e1vel, projetado para as redes corporativas de pequeno e m\u00e9dio porte que necessitam de gerenciamento de redes simples. Os administradores de rede podem monitorar com efic\u00e1cia o tr\u00e1fego atrav\u00e9s de fun\u00e7\u00f5es como Espelhamento de Porta, Preven\u00e7\u00e3o de Loop e Diagn\u00f3stico de Cabo. A fim de melhorar o tr\u00e1fego em sua rede corporativa, o TL-SG1016DE oferece QoS tanto por porta como por tag, o que reduz a sensibilidade de lat\u00eancia, tornando as transfer\u00eancias mais livres de impedimentos e instabilidades.. Como adicional, a VLAN MTU por tag e por porta pode melhorar a seguran\u00e7a e preencher os requisitos de segmenta\u00e7\u00e3o de rede. Al\u00e9m disso, com a inovadora tecnologia de energia eficiente, o TL-SG1016DE pode economizar at\u00e9 40% do consumo de energia, fazendo-o uma solu\u00e7\u00e3o de rede ecologicamente correta.<\/p>\n<p>Ger\u00eancia Simples e Eficaz<\/p>\n<p>O Switch Easy Smart Gigabit TL-SG1016DE da TP-LINK oferece monitoramento de rede para que os usu\u00e1rios observem o comportamento do tr\u00e1fego. Com Espelhamento de Porta, Preven\u00e7\u00e3o de Loop e Diagn\u00f3stico de Cabo o TL-SG1016DE pode identificar e at\u00e9 mesmo encontrar problemas da conex\u00e3o em sua rede empresarial. Al\u00e9m disso, os administradores podem designar prioridades de tr\u00e1fego baseado na Prioridade de Porta e na Prioridade 802.1P, para assegurar que a voz e o v\u00eddeo sejam sempre desobstru\u00eddos e livres de lags. Adicionalmente, para melhorar o desempenho da seguran\u00e7a e da rede, o TL-SG1016DE suporta VLAN MTU, VLAN baseado em porta e fun\u00e7\u00f5es VLAN baseadas em 802.1Q. TL-SG1016DE \u00e9 uma atualiza\u00e7\u00e3o do Switch N\u00e3o-gerenci\u00e1vel Plug and Play, que proporciona grande valor \u00e0 sua rede e consequentemente para o usu\u00e1rio final.<\/p>\n<p>Seja ecologicamente correto com a Tecnologia Green Ethernet<\/p>\n<p>Voc\u00ea tem agora a chance de ter uma rede Gigabit sustent\u00e1vel! A nova gera\u00e7\u00e3o de Switches Easy Smart Gigabit TL-SG1016DE possui as tecnologias mais recentes na efici\u00eancia de energia que podem expandir a capacidade de sua rede com muito menos energia. Ajusta automaticamente o consumo de pot\u00eancia de acordo com o status da conex\u00e3o e o comprimento de cabo para reduzir a pegada de carbono da sua rede.<\/p>\n<p><strong>Desligue todas as portas ociosas<\/strong><\/p>\n<p>Quando um computador ou um equipamento da rede est\u00e1 desligado, a porta correspondente de um switch tradicional ir\u00e1 continuar a consumir energia de forma consider\u00e1vel. O TL-SG1016DE pode automaticamente detectar o status da liga\u00e7\u00e3o de cada porta e reduzir o consumo de pot\u00eancia dos portas que est\u00e3o inativas.<\/p>\n<p><strong>Consumo de Energia de Acordo com o Comprimento de Cabo<\/strong><\/p>\n<p>Teoricamente, cabos mais curtos utilizam menos energia e com menos danos em seu comprimento, n\u00e3o \u00e9 este o caso com a maioria dos dispositivos uma vez que eles ir\u00e3o utilizar a mesma quantidade de energia atrav\u00e9s do cabo independente se ele \u00e9 de 10 ou 50 metros. O TL-SG106DE analisa o comprimento do cabo do Ethernet conectado e ajusta o uso de energia conformemente, melhor que mantendo o consumo de pot\u00eancia em uma solu\u00e7\u00e3o convencional.<\/p>\n<p>F\u00e1cil de Utilizar<\/p>\n<p>O TL-SG1016DE \u00e9 f\u00e1cil de usar e gerenciar. Todas as portas suportam a auto fun\u00e7\u00e3o de MDI\/MDIX, eliminando a necessidade para cabos do cruzamento ou portas Uplink. A Autonegocia\u00e7\u00e3o em cada porta detecta a velocidade do link de um dispositivo da rede (10, 100 ou 1000 Mbps) e ajusta-a de forma inteligente para a compatibilidade e desempenho. Seu tamanho compacto o faz ideal para desktops com espa\u00e7o limitado por ser mont\u00e1vel em racks, convenientes e seguros. As luzes LED informam o status do dispositivo em tempo real al\u00e9m de di\u00e1gn\u00f3stico b\u00e1sico de falha.<\/p>\n","protected":false},"excerpt":{"rendered":"<p class=\"excerpt\">O Switch Easy Smart Gigabit TL-SG1024DE de 24 Portas \u00e9 a evolu\u00e7\u00e3o ideal do switch n\u00e3o-gerenci\u00e1vel, projetado para as redes corporativas de pequeno e m\u00e9dio porte que necessitam de gerenciamento de redes simples. Os administradores de rede podem monitorar com efic\u00e1cia o tr\u00e1fego atrav\u00e9s de fun\u00e7\u00f5es como Espelhamento de Porta, Preven\u00e7\u00e3o de Loop e Diagn\u00f3stico de Cabo. A fim de melhorar o tr\u00e1fego em sua rede corporativa, o TL-SG1016DE oferece QoS tanto por porta como por tag, o que reduz a sensibilidade de lat\u00eancia, tornando as transfer\u00eancias mais livres de impedimentos e instabilidades.. Como adicional, a VLAN MTU por tag e por porta pode melhorar a seguran\u00e7a e preencher os requisitos de segmenta\u00e7\u00e3o de rede. Al\u00e9m disso, com a inovadora tecnologia de energia eficiente, o TL-SG1016DE pode economizar at\u00e9 40% do consumo de energia, fazendo-o uma solu\u00e7\u00e3o de rede ecologicamente correta.<\/p>\n","protected":false},"featured_media":1457,"comment_status":"open","ping_status":"closed","template":"","meta":[],"product_cat":[66],"product_tag":[],"_links":{"self":[{"href":"https:\/\/movitronics.com.br\/store\/wp-json\/wp\/v2\/product\/1456"}],"collection":[{"href":"https:\/\/movitronics.com.br\/store\/wp-json\/wp\/v2\/product"}],"about":[{"href":"https:\/\/movitronics.com.br\/store\/wp-json\/wp\/v2\/types\/product"}],"replies":[{"embeddable":true,"href":"https:\/\/movitronics.com.br\/store\/wp-json\/wp\/v2\/comments?post=1456"}],"wp:featuredmedia":[{"embeddable":true,"href":"https:\/\/movitronics.com.br\/store\/wp-json\/wp\/v2\/media\/1457"}],"wp:attachment":[{"href":"https:\/\/movitronics.com.br\/store\/wp-json\/wp\/v2\/media?parent=1456"}],"wp:term":[{"taxonomy":"product_cat","embeddable":true,"href":"https:\/\/movitronics.com.br\/store\/wp-json\/wp\/v2\/product_cat?post=1456"},{"taxonomy":"product_tag","embeddable":true,"href":"https:\/\/movitronics.com.br\/store\/wp-json\/wp\/v2\/product_tag?post=1456"}],"curies":[{"name":"wp","href":"https:\/\/api.w.org\/{rel}","templated":true}]}}