{"id":1466,"date":"2018-06-03T14:55:56","date_gmt":"2018-06-03T17:55:56","guid":{"rendered":"https:\/\/movitronics.com.br\/store\/?post_type=product&#038;p=1466"},"modified":"2018-12-12T09:30:21","modified_gmt":"2018-12-12T11:30:21","slug":"switch-de-gerenciamento-basico-l2-de-24-portas-10-100mbps-4-portas-gigabit-jetstream","status":"publish","type":"product","link":"https:\/\/movitronics.com.br\/store\/loja\/redes-e-telecom\/switch-de-gerenciamento-basico-l2-de-24-portas-10-100mbps-4-portas-gigabit-jetstream\/","title":{"rendered":"Switch de Gerenciamento B\u00e1sico L2 de 24 portas 10\/100Mbps + 4 Portas Gigabit JetStream"},"content":{"rendered":"<div class=\"product-info-basic\">\n<div class=\"container\">\n<div class=\"row\">\n<div class=\"col brief\">\n<div class=\"box highlights\">\n<ul>\n<li>Vincula\u00e7\u00e3o de IP-MAC-Porta-VID, ACL, Seguran\u00e7a de Porta, Defesa\u00a0DoS, Storm Control, rastreamento de DHCP, Autentica\u00e7\u00e3o 802.1X e servidor Radius fornece-lhe estrat\u00e9gias de seguran\u00e7a robustas<\/li>\n<li>QoS L2\/L3\/L4 e rastreamento IGMP otimizam a aplica\u00e7\u00e3o de v\u00eddeo e voz<\/li>\n<li>Modos gerenciados WEB \/ CLI, SNMP, RMON proporcionam abundantes recursos de gerenciamento<\/li>\n<\/ul>\n<\/div>\n<div id=\"divOthersBasic\" class=\"box others\">\n<div class=\"add-to-cart-box\">\n<div class=\"button-and-price\">\n<div class=\"blue\"><\/div>\n<\/div>\n<\/div>\n<div class=\"icons\">\n<div class=\"iconList_Br\">\n<div class=\"iconContainer_Br\"><\/div>\n<\/div>\n<\/div>\n<\/div>\n<\/div>\n<\/div>\n<\/div>\n<\/div>\n<div class=\"product-info\">\n<div id=\"div_overview\" class=\"overview\">\n<div class=\"overview-content\">\n<div>\n<div class=\"overview-article bg-gray\">\n<div class=\"container width-960px padding-default\">\n<h3>O que esse produto faz<\/h3>\n<p>O switch de gerenciamento b\u00e1sico L2 JetStream TL-SL3428 da TP-LINK vem com 24 portas 10\/100Mbps. O switch oferece alto desempenho, QoS de n\u00edvel empresarial, estrat\u00e9gias de seguran\u00e7a avan\u00e7adas e ricos recursos de gerenciamento b\u00e1sico L2. Al\u00e9m disso, o switch tamb\u00e9m vem equipado com 4 portas 10\/100\/1000 Mbps e 2 slots Gigabit combinados SFP, ampliando sua rede de forma flex\u00edvel. O TL-SL3428 \u00e9 a solu\u00e7\u00e3o de baixo custo ideal para a rede de pequenas e m\u00e9dias empresas.<\/p>\n<div><\/div>\n<div align=\"left\">O TL-SL3428 tem uma seguran\u00e7a robusta e excelentes recursos de gerenciamento. A vincula\u00e7\u00e3o de IP-MAC-Porta-VID, e as fun\u00e7\u00f5es de Access Control List (ACL- Lista de Controle de Acesso) protegem contra broadcast storms, ARP e Denial-of-Service (DoS), qualidade de Servi\u00e7o (QoS, L2 e L4) fornece capacidade de gerenciamento avan\u00e7ado do tr\u00e1fego para transferir seus dados de forma mais r\u00e1pida e suave. Interfaces de gerenciamento da web mais f\u00e1ceis de usar, juntamente com CLI, SNMP e RMON, com uma maior rapidez de instala\u00e7\u00e3o e configura\u00e7\u00e3o com menos tempo de inatividade. Para grupo de trabalho e departamentos que exijam um switch L2 sens\u00edvel a redu\u00e7\u00e3o de custo, o Switch Gerenci\u00e1vel L2 JetStream TL-SL3428 da TP-LINK oferece uma solu\u00e7\u00e3o ideal de acesso de ponta.<\/div>\n<p>&nbsp;<\/p>\n<\/div>\n<\/div>\n<div class=\"overview-article bg-gray\">\n<div class=\"container width-960px padding-default\">\n<h3>Seguran\u00e7a de Rede<\/h3>\n<div align=\"left\">TL-SL3428 da TP-LINK fornece vincula\u00e7\u00e3o de IP-MAC-Porta-VID, Seguran\u00e7a de Porta, Storm Control e rastreamento DHCP que protegem contra broadcast storms, ataques ARP e etc. Ele integra alguns ataques de nega\u00e7\u00e3o de servi\u00e7o t\u00edpicos a serem selecionados. Voc\u00ea pode se proteger desses ataques cada vez com mais facilidade do que antes. Al\u00e9m disso, as Listas de Controle de Acesso (ACL, L2 e L4) restringem o acesso aos recursos sens\u00edveis da rede ao negar pacotes com base na fonte e destino do MAC address, endere\u00e7o IP, portas TCP \/ UDP e at\u00e9 mesmo da VLAN ID. Al\u00e9m disso, o switch suporta autentica\u00e7\u00e3o 802.1X, que \u00e9 usada em conjun\u00e7\u00e3o com um servidor RADIUS para exigir alguma informa\u00e7\u00e3o da autentica\u00e7\u00e3o antes que o acesso \u00e0 rede seja permitido. A Fun\u00e7\u00e3o de VLAN suporta a permiss\u00e3o aos clientes sem 802.1X para poderem acessar o recurso de rede espec\u00edfica.<\/div>\n<\/div>\n<\/div>\n<div class=\"overview-article bg-gray\">\n<div class=\"container width-960px padding-default\">\n<h3>Recursos Avan\u00e7ados de QoS<\/h3>\n<div>Para integrar os dados de voz e servi\u00e7o de v\u00eddeo em uma rede, o TL-SL3428 aplica pol\u00edticas valiosas de QoS. O administrador pode designar a prioridade do tr\u00e1fego com base em uma variedade de meios, incluindo endere\u00e7o IP ou MAC address, n\u00famero da porta TCP ou UDP, etc, para garantir que voz e v\u00eddeo estejam sempre claros, suaves e sem instabilidade. Em conjunto com o switch de apoio da VLAN de Voz, as aplica\u00e7\u00f5es de voz funcionar\u00e3o com um desempenho muito mais suave.<\/div>\n<\/div>\n<\/div>\n<div class=\"overview-article bg-gray\">\n<div class=\"container width-960px padding-default\">\n<h3>Abundantes Recursos L2<\/h3>\n<p>&nbsp;<\/p>\n<div>Para mais aplica\u00e7\u00f5es dos switches de 2 camadas, o TL-SL3428 suporta uma linha completa de recursos de 2 camadas, incluindo VLAN tag 802.1Q, Isolamento de Porta, Espelhamento de Porta, STP \/ RSTP \/ MSTP, Protocolo de Controle de Agrega\u00e7\u00e3o de Link e fun\u00e7\u00e3o de controle de fluxo 802.3x. E ainda mais, o switch oferece recursos avan\u00e7ados para a manuten\u00e7\u00e3o da rede, como o Detec\u00e7\u00e3o de loop Back, diagn\u00f3sticos de cabos e rastreamento de IGMP. O rastreamento IGMP garante o encaminhamento inteligente do fluxo multicast do switch, apenas para os assinantes apropriados enquanto que o estrangulamento e a filtragem IGMP restringem cada assinante em um n\u00edvel de porta para impedir o acesso multicast n\u00e3o autorizado.<\/div>\n<p>&nbsp;<\/p>\n<\/div>\n<\/div>\n<div class=\"overview-article bg-gray\">\n<div class=\"container width-960px padding-default\">\n<h3>Recursos de Gerenciamento de N\u00edvel Empresarial<\/h3>\n<p>O TL-SL3428 \u00e9 f\u00e1cil de usar e gerenciar. Ele suporta v\u00e1rios recursos de gerenciamento padr\u00e3o de f\u00e1cil utiliza\u00e7\u00e3o , tais como interface intuitiva de usu\u00e1rio gr\u00e1fico baseada na web (GUI) ou de padr\u00e3o industrial Command Line Interface (CLI), a administra\u00e7\u00e3o do tr\u00e1fego pode ser protegida atrav\u00e9s de criptografia SSL ou SSH. Suporta SNMP (v1\/2\/3) e RMON que permite que o switch possa ser acessado sobre as informa\u00e7\u00f5es valiosas de status e envia desvios nos eventos anormais. Al\u00e9m disso, com o protocolo integrado PND \/ NTDP, o switch suporta ser gerenciado pelo switch comandante atrav\u00e9s da fun\u00e7\u00e3o de agrega\u00e7\u00e3o de IP de forma mais f\u00e1cil.<\/p>\n<\/div>\n<\/div>\n<\/div>\n<\/div>\n<\/div>\n<\/div>\n","protected":false},"excerpt":{"rendered":"<p class=\"excerpt\">O switch de gerenciamento b\u00e1sico L2 JetStream TL-SL3428 da TP-LINK vem com 24 portas 10\/100Mbps. O switch oferece alto desempenho, QoS de n\u00edvel empresarial, estrat\u00e9gias de seguran\u00e7a avan\u00e7adas e ricos recursos de gerenciamento b\u00e1sico L2. Al\u00e9m disso, o switch tamb\u00e9m vem equipado com 4 portas 10\/100\/1000 Mbps e 2 slots Gigabit combinados SFP, ampliando sua rede de forma flex\u00edvel. O TL-SL3428 \u00e9 a solu\u00e7\u00e3o de baixo custo ideal para a rede de pequenas e m\u00e9dias empresas.<\/p>\n","protected":false},"featured_media":1467,"comment_status":"open","ping_status":"closed","template":"","meta":[],"product_cat":[66],"product_tag":[],"_links":{"self":[{"href":"https:\/\/movitronics.com.br\/store\/wp-json\/wp\/v2\/product\/1466"}],"collection":[{"href":"https:\/\/movitronics.com.br\/store\/wp-json\/wp\/v2\/product"}],"about":[{"href":"https:\/\/movitronics.com.br\/store\/wp-json\/wp\/v2\/types\/product"}],"replies":[{"embeddable":true,"href":"https:\/\/movitronics.com.br\/store\/wp-json\/wp\/v2\/comments?post=1466"}],"wp:featuredmedia":[{"embeddable":true,"href":"https:\/\/movitronics.com.br\/store\/wp-json\/wp\/v2\/media\/1467"}],"wp:attachment":[{"href":"https:\/\/movitronics.com.br\/store\/wp-json\/wp\/v2\/media?parent=1466"}],"wp:term":[{"taxonomy":"product_cat","embeddable":true,"href":"https:\/\/movitronics.com.br\/store\/wp-json\/wp\/v2\/product_cat?post=1466"},{"taxonomy":"product_tag","embeddable":true,"href":"https:\/\/movitronics.com.br\/store\/wp-json\/wp\/v2\/product_tag?post=1466"}],"curies":[{"name":"wp","href":"https:\/\/api.w.org\/{rel}","templated":true}]}}