{"id":1468,"date":"2018-06-03T15:01:31","date_gmt":"2018-06-03T18:01:31","guid":{"rendered":"https:\/\/movitronics.com.br\/store\/?post_type=product&#038;p=1468"},"modified":"2018-12-12T09:30:20","modified_gmt":"2018-12-12T11:30:20","slug":"switch-de-gerenciamento-basico-l2-de-24-portas-10-100mbps-4-portas-gigabit-jetstream-2","status":"publish","type":"product","link":"https:\/\/movitronics.com.br\/store\/loja\/redes-e-telecom\/switch-de-gerenciamento-basico-l2-de-24-portas-10-100mbps-4-portas-gigabit-jetstream-2\/","title":{"rendered":"Switch de Gerenciamento B\u00e1sico L2 de 24 portas 10\/100Mbps + 4 Portas Gigabit JetStream"},"content":{"rendered":"<div class=\"product-info-basic\">\n<div class=\"container\">\n<div class=\"row\">\n<div class=\"col brief\">\n<div class=\"box highlights\">\n<ul>\n<li>ACL, autentica\u00e7\u00e3o 802.1X, Seguran\u00e7a de porta, filtragem de IP, Storm Control, Rastreamento DHCP, prote\u00e7\u00e3o do IP de origem e Defensa DoS fornecem uma estrat\u00e9gia de seguran\u00e7a robusta<\/li>\n<li>Gerenciamento de IP \u00fanico suporta pilha virtual de 32 unidades<\/li>\n<li>QoS L2\/L3\/L4 e Rastreamento IGMP otimiza a aplica\u00e7\u00e3o de v\u00eddeo e voz<\/li>\n<li>SNMP, RMON, WEB \/ CLI \/ Telnet Log-in oferecem pol\u00edticas de gest\u00e3o abundantes<\/li>\n<\/ul>\n<\/div>\n<div id=\"divOthersBasic\" class=\"box others\">\n<div class=\"add-to-cart-box\">\n<div class=\"button-and-price\">\n<div class=\"blue\"><\/div>\n<\/div>\n<\/div>\n<div class=\"icons\">\n<div class=\"iconList_Br\">\n<div class=\"iconContainer_Br\"><\/div>\n<\/div>\n<\/div>\n<\/div>\n<\/div>\n<\/div>\n<\/div>\n<\/div>\n<div class=\"product-info\">\n<div id=\"div_overview\" class=\"overview\">\n<div class=\"overview-content\">\n<div>\n<div class=\"overview-article bg-gray\">\n<div class=\"container width-960px padding-default\">\n<h3>O que esse produto faz<\/h3>\n<p>Projetado para grupos de trabalho e departamentos, TL-SL5428E da TP-Link fornece um conjunto completo de recursos de gerenciamento b\u00e1sico L2. Ele oferece a taxa de transfer\u00eancia m\u00e1xima que voc\u00ea precisa &#8211; para grupos de trabalho de alto desempenho na borda da rede, ou como um backbone para switches Fast Ethernet e servidores de alta velocidade sobre a demanda das redes pequenas. Al\u00e9m disso, o switch TL-SL5428E vem equipado com 2 slots SFP combinados, dando-lhe uma maior flexibilidade de rede.<\/p>\n<p>Este switch de gerenciamento b\u00e1sico L2 da TP-LINK tem uma seguran\u00e7a robusta e \u00f3timos recursos de gerenciamento. Uma lista de controle avan\u00e7ado de acesso (ACL, L2 e L4) e a forte prote\u00e7\u00e3o da TP-LINK fornecem uma cobertura de seguran\u00e7a do centro para a borda e prote\u00e7\u00e3o contra broadcast storm, ARP e ataques de Denial-of-Service (DoS) , Qualidade de Servi\u00e7o (QoS, L2 e L4) fornecem recursos avan\u00e7ados de gerenciamento do tr\u00e1fego para mover seus dados de forma mais r\u00e1pida e suave. E mais, interfaces de gerenciamento da web f\u00e1ceis de usar, juntamente com CLI, SNMP e RMON, oferecem uma maior rapidez na instala\u00e7\u00e3o e configura\u00e7\u00e3o com menos tempo de inatividade. Para o grupo de trabalho e departamentos que precisam de um switch Layer 2 de baixo custo mas com capacidade de Gigabit, o switch totalmente gerenciado L2 TL-SL5428E da TP-LINK pode fornecer a solu\u00e7\u00e3o de acesso de ponta ideal.<\/p>\n<\/div>\n<\/div>\n<div class=\"overview-article\">\n<div class=\"container width-960px padding-default\">\n<h3>Encaminhamentos Non-Blocking<\/h3>\n<p>O switch Layer 2 totalmente gerenciado TL-SL5428E da TP-LINK fornece solu\u00e7\u00e3o de switching sem bloqueios para uma conex\u00e3o Fast Ethernet de 10\/100Mbps. Quanto a capacidade de chaveamento, o TL-SL5428E tem uma largura de banda agregada sem bloqueios de 12.8Gbps. Ele oferece 24 portas a 10\/100Mbps e 4 portas Gigabit 10\/100\/1000BASE-T. Nessas portas gigabit de cobre, duas destas portas s\u00e3o portas combo gigabit, que ser\u00e3o desabilitadas se os slots correspondentes SFP 1000BASE-X estiverem sendo usados. Que pode lhe dar uma maior flexibilidade de rede.<\/p>\n<\/div>\n<\/div>\n<div class=\"overview-article bg-gray\">\n<div class=\"container width-960px padding-default\">\n<h3>Empilhamento Virtual<\/h3>\n<p>Agrupamento de IP permite que at\u00e9 32 switches TL-SL5428E sejam gerenciados por um \u00fanico IP, independentemente da localiza\u00e7\u00e3o geogr\u00e1fica. Com todas as unidades identificadas por um \u00fanico endere\u00e7o IP, a pilha pode ser configurada, monitorada e mantida como um \u00fanico objeto.<\/p>\n<p>O tr\u00e1fego que atravessa as unidades que constituem esta pilha virtual utiliza interfaces full-duplex e cabos de rede, eliminando os cabos caros e pesados, minimizando o impacto de qualquer ponto \u00fanico de falha.<\/p>\n<\/div>\n<\/div>\n<div class=\"overview-article\">\n<div class=\"container width-960px padding-default\">\n<h3>Ampla Estrat\u00e9gia de Seguran\u00e7a<\/h3>\n<p>Listas de Controle de Acesso (ACL, L2 e L4) restringem o acesso a recursos de rede sens\u00edveis ao negar pacotes com base na fonte e o destino do MAC address, endere\u00e7o IP, portas TCP \/ UDP e at\u00e9 mesmo da ID VLAN. Isto \u00e9 feito pelo hardware, o desempenho de modo de comuta\u00e7\u00e3o n\u00e3o ser\u00e1 comprometido.<\/p>\n<p>Al\u00e9m disso, o switch TL-SL5428E suporta autentica\u00e7\u00e3o 802.1X , que \u00e9 usada em conjunto com um servidor RADIUS para exigir alguma informa\u00e7\u00e3o de autentica\u00e7\u00e3o antes que o acesso \u00e0 rede seja permitido. E mais, ele suporta VLAN Guest para permitir que os clientes sem 802.1X possam acessar o recurso espec\u00edfico da rede. Al\u00e9m disso, a vincula\u00e7\u00e3o de IP-MAC-Porta-VID, Seguran\u00e7a de porta, Storm Control, rastreamento DHCP e suporte de prote\u00e7\u00e3o do IP de origem podem proteger contra broadcast storms, ARP e ataques de Denial-of-Service (DoS), etc. Em rela\u00e7\u00e3o \u00e0 defesa DoS , o TL-SL5428E fornece-lhe prote\u00e7\u00f5es contra ataques de nega\u00e7\u00e3o de servi\u00e7o t\u00edpicos para selecionar. Voc\u00ea pode proteger desses ataques com mais facilidade do que antes. TL-SL5428E fornecer\u00e1 uma seguran\u00e7a robusta \u00e0 rede.<\/p>\n<\/div>\n<\/div>\n<div class=\"overview-article bg-gray\">\n<div class=\"container width-960px padding-default\">\n<h3>Gerenciamento de N\u00edvel Empresarial e Flexibilidade<\/h3>\n<p>TL-SL5428E suporta v\u00e1rios recursos de gerenciamento padr\u00e3o de f\u00e1cil utiliza\u00e7\u00e3o, tais como interface intuitiva de usu\u00e1rio baseada na web gr\u00e1fica (GUI) ou padr\u00e3o da ind\u00fastria Command Line Interface (CLI), assim como a administra\u00e7\u00e3o do tr\u00e1fego que pode ser protegida atrav\u00e9s da criptografia SSL ou SSH. O suporte SNMP (v1\/2\/3) e RMON permite que o switch possa ser interrogado sobre as informa\u00e7\u00f5es de status e enviar valiosos desvios em eventos anormais. Esta partilha de informa\u00e7\u00e3o de gest\u00e3o essencial economiza tempo e dinheiro. Com a agrega\u00e7\u00e3o de link, Spanning Tree Protocol (STP \/ RSTP \/ MSTP) e pilha virtual, uma topologia altamente inteligente e escal\u00e1vel pode ser estabelecida, cumprindo com a exig\u00eancia dos clientes da empresa em construir uma rede unificada e flex\u00edvel.<\/p><\/div>\n<\/div>\n<div class=\"overview-article\">\n<div class=\"container width-960px padding-default\">\n<h3>Aplica\u00e7\u00f5es de Voz e V\u00eddeo Otimizadas<\/h3>\n<p>Para integrar voz, dados e servi\u00e7os de v\u00eddeo em uma rede, o TL-SL5428E aplica pol\u00edticas valiosas de QoS. O administrador pode designar a prioridade do tr\u00e1fego com base em uma variedade de meios, incluindo endere\u00e7o IP ou MAC, n\u00famero de porta UDP ou TCP, para que as aplica\u00e7\u00f5es de voz e v\u00eddeo fiquem sempre claras, suaves e est\u00e1veis. Em conjunto com a VLAN de Voz e o switch de apoio, as aplica\u00e7\u00f5es de voz funcionar\u00e3o com um desempenho muito mais suave.<\/p>\n<p>Para outras aplica\u00e7\u00f5es de multim\u00eddia sob demanda como IPTV, o TL-SL5428E oferece recursos avan\u00e7ados para um f\u00e1cil gerenciamento do fluxo. Por exemplo, rastreamento IGMP garante que o switch de forma inteligente encaminhe o fluxo multicast apenas para os assinantes apropriados enquanto que a otimiza\u00e7\u00e3o e a filtragem de IGMP restringem cada assinante em um n\u00edvel de porta para impedir o acesso multicast n\u00e3o autorizado.<\/p>\n<\/div>\n<\/div>\n<\/div>\n<\/div>\n<\/div>\n<\/div>\n","protected":false},"excerpt":{"rendered":"<p class=\"excerpt\">Projetado para grupos de trabalho e departamentos, TL-SL5428E da TP-Link fornece um conjunto completo de recursos de gerenciamento b\u00e1sico L2. Ele oferece a taxa de transfer\u00eancia m\u00e1xima que voc\u00ea precisa &#8211; para grupos de trabalho de alto desempenho na borda da rede, ou como um backbone para switches Fast Ethernet e servidores de alta velocidade sobre a demanda das redes pequenas. Al\u00e9m disso, o switch TL-SL5428E vem equipado com 2 slots SFP combinados, dando-lhe uma maior flexibilidade de rede.<\/p>\n","protected":false},"featured_media":1467,"comment_status":"open","ping_status":"closed","template":"","meta":[],"product_cat":[66],"product_tag":[],"_links":{"self":[{"href":"https:\/\/movitronics.com.br\/store\/wp-json\/wp\/v2\/product\/1468"}],"collection":[{"href":"https:\/\/movitronics.com.br\/store\/wp-json\/wp\/v2\/product"}],"about":[{"href":"https:\/\/movitronics.com.br\/store\/wp-json\/wp\/v2\/types\/product"}],"replies":[{"embeddable":true,"href":"https:\/\/movitronics.com.br\/store\/wp-json\/wp\/v2\/comments?post=1468"}],"wp:featuredmedia":[{"embeddable":true,"href":"https:\/\/movitronics.com.br\/store\/wp-json\/wp\/v2\/media\/1467"}],"wp:attachment":[{"href":"https:\/\/movitronics.com.br\/store\/wp-json\/wp\/v2\/media?parent=1468"}],"wp:term":[{"taxonomy":"product_cat","embeddable":true,"href":"https:\/\/movitronics.com.br\/store\/wp-json\/wp\/v2\/product_cat?post=1468"},{"taxonomy":"product_tag","embeddable":true,"href":"https:\/\/movitronics.com.br\/store\/wp-json\/wp\/v2\/product_tag?post=1468"}],"curies":[{"name":"wp","href":"https:\/\/api.w.org\/{rel}","templated":true}]}}