{"id":1477,"date":"2018-06-03T16:03:23","date_gmt":"2018-06-03T19:03:23","guid":{"rendered":"https:\/\/movitronics.com.br\/store\/?post_type=product&#038;p=1477"},"modified":"2018-12-12T09:30:15","modified_gmt":"2018-12-12T11:30:15","slug":"access-point-wireless-externo-150mbps-2-4ghz","status":"publish","type":"product","link":"https:\/\/movitronics.com.br\/store\/loja\/redes-e-telecom\/access-point-wireless-externo-150mbps-2-4ghz\/","title":{"rendered":"Access Point Wireless Externo 150Mbps 2.4GHz"},"content":{"rendered":"<ul>\n<li>Antena dupla\u00a0polarizada direcional de 12dBi para aumentar o sinal Wi-Fi de longa dist\u00e2ncia<\/li>\n<li>Amplificadores de pot\u00eancia e de baixo ru\u00eddo dedicados para melhorar a performance de r\u00e1dio<\/li>\n<li>Compat\u00edvel com IEEE 802.11b\/g\/n, velocidade wireless de at\u00e9 150Mbps<\/li>\n<li>De uso externo, \u00e0 prova de intemp\u00e9ries com recurso de prote\u00e7\u00e3o contra raios de 4000V e prote\u00e7\u00e3o ESD contra descarga eletrost\u00e1tica de 15KV<br \/>\n<h2>Capacidade de Alta Transmiss\u00e3o<\/h2>\n<p class=\"desc\">Com at\u00e9\u00a0500mw\u00a0de poder de transmiss\u00e3o wireless e antena de alto ganho bipolarizada de\u00a012dBi, o TL-WA7210N pode produzir e receber sinal est\u00e1vel para uma conex\u00e3o wireless alcan\u00e7ando m\u00faltiplos kil\u00f4metros.<\/p>\n<h2>Projeto para Uso Externo e Profissional<\/h2>\n<p class=\"desc\">O TL-WA7210N possui revestimento especial anti-intemp\u00e9ries (ex.: rel\u00e2mpagos). Compat\u00edvel com o fornecimento de energia PoE, tornando-o uma solu\u00e7\u00e3o externa de grande versatilidade.<\/p>\n<\/li>\n<\/ul>\n","protected":false},"excerpt":{"rendered":"<p class=\"excerpt\">Com at\u00e9\u00a0500mw\u00a0de poder de transmiss\u00e3o wireless e antena de alto ganho bipolarizada de\u00a012dBi, o TL-WA7210N pode produzir e receber sinal est\u00e1vel para uma conex\u00e3o wireless alcan\u00e7ando m\u00faltiplos kil\u00f4metros.<\/p>\n","protected":false},"featured_media":1478,"comment_status":"open","ping_status":"closed","template":"","meta":[],"product_cat":[66],"product_tag":[],"_links":{"self":[{"href":"https:\/\/movitronics.com.br\/store\/wp-json\/wp\/v2\/product\/1477"}],"collection":[{"href":"https:\/\/movitronics.com.br\/store\/wp-json\/wp\/v2\/product"}],"about":[{"href":"https:\/\/movitronics.com.br\/store\/wp-json\/wp\/v2\/types\/product"}],"replies":[{"embeddable":true,"href":"https:\/\/movitronics.com.br\/store\/wp-json\/wp\/v2\/comments?post=1477"}],"wp:featuredmedia":[{"embeddable":true,"href":"https:\/\/movitronics.com.br\/store\/wp-json\/wp\/v2\/media\/1478"}],"wp:attachment":[{"href":"https:\/\/movitronics.com.br\/store\/wp-json\/wp\/v2\/media?parent=1477"}],"wp:term":[{"taxonomy":"product_cat","embeddable":true,"href":"https:\/\/movitronics.com.br\/store\/wp-json\/wp\/v2\/product_cat?post=1477"},{"taxonomy":"product_tag","embeddable":true,"href":"https:\/\/movitronics.com.br\/store\/wp-json\/wp\/v2\/product_tag?post=1477"}],"curies":[{"name":"wp","href":"https:\/\/api.w.org\/{rel}","templated":true}]}}