{"id":1484,"date":"2018-06-03T16:17:45","date_gmt":"2018-06-03T19:17:45","guid":{"rendered":"https:\/\/movitronics.com.br\/store\/?post_type=product&#038;p=1484"},"modified":"2018-12-12T09:30:13","modified_gmt":"2018-12-12T11:30:13","slug":"5ghz-19dbi-2x2-mimo-sector-antenna","status":"publish","type":"product","link":"https:\/\/movitronics.com.br\/store\/loja\/redes-e-telecom\/5ghz-19dbi-2x2-mimo-sector-antenna\/","title":{"rendered":"5GHz 19dBi 2&#215;2 MIMO Sector Antenna"},"content":{"rendered":"<p>A antena direcional de alto ganho oferece cobertura de \u00e1rea ampla, ideal para conex\u00f5es ponto a multiponto F\u00e1cil instala\u00e7\u00e3o e integra\u00e7\u00e3o perfeita com a Esta\u00e7\u00e3o Base Pharos WBS510 A tecnologia MIMO garante maior rendimento O design \u00e0 prova de intemp\u00e9ries oferece prote\u00e7\u00e3o em ambientes agressivos Resumo do Produto A Antena do Setor Pharos possui tecnologia MIMO 2&#215;2, \u00e9 adequada para uso externo e \u00e9 idealmente combinada com uma Esta\u00e7\u00e3o Base Pharos. Essas antenas apresentam transmiss\u00e3o direcional de alto ganho e representam uma excelente solu\u00e7\u00e3o para fornecer cobertura interurbana ponto a multiponto. Objetivos comuns de implanta\u00e7\u00e3o Quando instalado ao lado de uma esta\u00e7\u00e3o base Pharos, o TL-ANT5819MS \u00e9 capaz de fornecer cobertura de transmiss\u00e3o de dados ponto-a-multiponto para uma grande \u00e1rea. Instala\u00e7\u00e3o f\u00e1cil As antenas do setor TP-LINK (TL-ANT5819MS \/ TL-ANT2415MS) possuem um aparelho de montagem embutido e funcionam perfeitamente com as Esta\u00e7\u00f5es Base Pharos, o que significa que n\u00e3o s\u00e3o necess\u00e1rias ferramentas para a instala\u00e7\u00e3o.<\/p>\n","protected":false},"excerpt":{"rendered":"<p class=\"excerpt\">A antena direcional de alto ganho oferece cobertura de \u00e1rea ampla, ideal para conex\u00f5es ponto a multiponto F\u00e1cil instala\u00e7\u00e3o e integra\u00e7\u00e3o perfeita com a Esta\u00e7\u00e3o Base Pharos WBS510 A tecnologia MIMO garante maior rendimento<\/p>\n","protected":false},"featured_media":1485,"comment_status":"open","ping_status":"closed","template":"","meta":[],"product_cat":[66],"product_tag":[],"_links":{"self":[{"href":"https:\/\/movitronics.com.br\/store\/wp-json\/wp\/v2\/product\/1484"}],"collection":[{"href":"https:\/\/movitronics.com.br\/store\/wp-json\/wp\/v2\/product"}],"about":[{"href":"https:\/\/movitronics.com.br\/store\/wp-json\/wp\/v2\/types\/product"}],"replies":[{"embeddable":true,"href":"https:\/\/movitronics.com.br\/store\/wp-json\/wp\/v2\/comments?post=1484"}],"wp:featuredmedia":[{"embeddable":true,"href":"https:\/\/movitronics.com.br\/store\/wp-json\/wp\/v2\/media\/1485"}],"wp:attachment":[{"href":"https:\/\/movitronics.com.br\/store\/wp-json\/wp\/v2\/media?parent=1484"}],"wp:term":[{"taxonomy":"product_cat","embeddable":true,"href":"https:\/\/movitronics.com.br\/store\/wp-json\/wp\/v2\/product_cat?post=1484"},{"taxonomy":"product_tag","embeddable":true,"href":"https:\/\/movitronics.com.br\/store\/wp-json\/wp\/v2\/product_tag?post=1484"}],"curies":[{"name":"wp","href":"https:\/\/api.w.org\/{rel}","templated":true}]}}