{"id":1493,"date":"2018-06-03T16:46:37","date_gmt":"2018-06-03T19:46:37","guid":{"rendered":"https:\/\/movitronics.com.br\/store\/?post_type=product&#038;p=1493"},"modified":"2018-12-12T09:30:07","modified_gmt":"2018-12-12T11:30:07","slug":"base-station-wireless-externa-300mbps-5ghz","status":"publish","type":"product","link":"https:\/\/movitronics.com.br\/store\/loja\/redes-e-telecom\/base-station-wireless-externa-300mbps-5ghz\/","title":{"rendered":"Base Station Wireless Externa 300Mbps 5GHz"},"content":{"rendered":"<div class=\"box highlights\">\n<ul>\n<li>Amplos canais de frequ\u00eancia garantem menor interfer\u00eancia wireless<\/li>\n<li>Velocidade Wireless N em at\u00e9 300Mbps<\/li>\n<li>Largura de banda selecion\u00e1vel de 5\/10\/20\/40MHz<\/li>\n<li>Transmiss\u00e3o de pot\u00eancia ajust\u00e1vel de 1 a 27dBm\/500mW<\/li>\n<li>2 conectores RP-SMA para a antena externa MIMO<\/li>\n<li>Trabalhe com a antena de prato da TP-LINK para transfer\u00eancia de dados wireless interurbana em at\u00e9 50Km+<\/li>\n<li>1 porta Ethernet 10\/100Mbps para PoE passivo e 1 porta Ethernet 10\/100Mbps para aplica\u00e7\u00f5es prolongadas<\/li>\n<li>A tecnologia Pharos MAXtream (Acesso M\u00faltiplo por Divis\u00e3o de Tempo) da TP-LINK melhora o taxa de transfer\u00eancia do produto, a capacidade e o desempenho de lat\u00eancia, ideal para aplica\u00e7\u00f5es de PtMP<\/li>\n<li>Sistema de ger\u00eancia centralizado &#8211; Pharos Control<\/li>\n<li>Compat\u00edvel com Roteador AP, Cliente Roteador AP, AP, Cliente AP al\u00e9m de modos Multi-Bridge e Repetidor.<\/li>\n<li>Prote\u00e7\u00e3o \u00e0 prova d\u00b4\u00e1gua, prote\u00e7\u00e3o contra raios de 15kV ESD e 4KV<\/li>\n<\/ul>\n<\/div>\n<div id=\"divOthersBasic\" class=\"box others\">\n<div class=\"add-to-cart-box\">\n<div class=\"button-and-price\">\n<h2>Acesse Quando Mais Precisar<\/h2>\n<p>A Base Station Wireless Externa de 300Mbps 5GHz da TP-LINK \u00e9 especialmente projetada para oferecer uma efetiva solu\u00e7\u00e3o para aplica\u00e7\u00f5es de redes wireless externa. Com sua plataforma de gerenciamento centralizado e alto n\u00edvel de flexibilidade, \u00e9 a escolha ideal para conex\u00f5es Ponto-a-ponto e Ponto-a-multiponto, al\u00e9m de cobertura Wi-Fi externa. A Base Station Wireless Externa da TP-LINK combina desempenho profissional com design amig\u00e1vel ao usu\u00e1rio, fazendo-a uma solu\u00e7\u00e3o perfeita para uso corporativo e usu\u00e1rios residenciais.<\/p>\n<h2>Transmiss\u00e3o de Dados Wireless<\/h2>\n<p>Duas interfaces de antenas externas RP-SMA permitem a Base Station integrar-se facilmente com a linha de antenas setoriais e de disco da TP-LINK. Onde a transmiss\u00e3o de dados wireless interurbana \u00e9 necess\u00e1ria, o WBS510 pode ser emparelhado com uma antena de disco da TP-LINK, permitindo que transfira dados sobre dist\u00e2ncias de at\u00e9 50 quil\u00f4metros.<\/p>\n<h2>F\u00e1cil Instala\u00e7\u00e3o, Nenhuma Ferramenta \u00e9 Necess\u00e1ria<\/h2>\n<p>As Base Stations PharOS operam facilmente com as antenas setoriais e de disco da TP-LINK a fim de oferecer transmiss\u00e3o de dados PtP e PtMP de forma eficiente. As Base Stations PharOS possuem tamb\u00e9m montagem interna, significando que nenhuma ferramenta \u00e9 requerida para a instala\u00e7\u00e3o.<\/p>\n<h2>Projeto de Hardware de N\u00edvel Empresarial<\/h2>\n<p>Para aumentar o desempenho e estabilizar a transmiss\u00e3o wireless interurbana, a s\u00e9rie Pharos foi constru\u00edda com chipsets de n\u00edvel corporativo Qualcomm Atheros, antenas de alto ganho, e amplificadores de alta pot\u00eancia. Al\u00e9m de excelentes componentes internos, as base stations da s\u00e9rie de PharOS possuem tamb\u00e9m revestimentos anti-intemp\u00e9rie especiais e capacidade PoE. Seu material de qualidade industrial l\u00edder garante que as Base Stations PharOS podem ser posisiconadas em uma vasta gama de ambientes, suportando escalas largas de umidade e temperatura (- 30\u00b0C~70\u00b0C) (- 22\u00b0F~158\u00b0F).<\/p>\n<h2>Tecnologia MAXtream TDMA &#8211; Throughput Garantido<\/h2>\n<p>Com redes em crescimento em escala as base stations e outros dispositivos competem frequentemente para o acesso a uma \u00fanica conex\u00e3o de dados, tendo por resultado o throughput diminu\u00eddo e uma experi\u00eancia mais pobre para o usu\u00e1rio final. As Base Stations Pharos utilizam a tecnologia MAXtream TDMA para neutralizar esta competi\u00e7\u00e3o e assegurar que as taxas de transfer\u00eancia de dados permane\u00e7am elevadas, mesmo enquanto a demanda aumentar.<\/p>\n<\/div>\n<\/div>\n<\/div>\n","protected":false},"excerpt":{"rendered":"<p class=\"excerpt\">A Base Station Wireless Externa de 300Mbps 5GHz da TP-LINK \u00e9 especialmente projetada para oferecer uma efetiva solu\u00e7\u00e3o para aplica\u00e7\u00f5es de redes wireless externa. Com sua plataforma de gerenciamento centralizado e alto n\u00edvel de flexibilidade, \u00e9 a escolha ideal para conex\u00f5es Ponto-a-ponto e Ponto-a-multiponto, al\u00e9m de cobertura Wi-Fi externa. A Base Station Wireless Externa da TP-LINK combina desempenho profissional com design amig\u00e1vel ao usu\u00e1rio, fazendo-a uma solu\u00e7\u00e3o perfeita para uso corporativo e usu\u00e1rios residenciais.<\/p>\n","protected":false},"featured_media":1495,"comment_status":"open","ping_status":"closed","template":"","meta":[],"product_cat":[66],"product_tag":[],"_links":{"self":[{"href":"https:\/\/movitronics.com.br\/store\/wp-json\/wp\/v2\/product\/1493"}],"collection":[{"href":"https:\/\/movitronics.com.br\/store\/wp-json\/wp\/v2\/product"}],"about":[{"href":"https:\/\/movitronics.com.br\/store\/wp-json\/wp\/v2\/types\/product"}],"replies":[{"embeddable":true,"href":"https:\/\/movitronics.com.br\/store\/wp-json\/wp\/v2\/comments?post=1493"}],"wp:featuredmedia":[{"embeddable":true,"href":"https:\/\/movitronics.com.br\/store\/wp-json\/wp\/v2\/media\/1495"}],"wp:attachment":[{"href":"https:\/\/movitronics.com.br\/store\/wp-json\/wp\/v2\/media?parent=1493"}],"wp:term":[{"taxonomy":"product_cat","embeddable":true,"href":"https:\/\/movitronics.com.br\/store\/wp-json\/wp\/v2\/product_cat?post=1493"},{"taxonomy":"product_tag","embeddable":true,"href":"https:\/\/movitronics.com.br\/store\/wp-json\/wp\/v2\/product_tag?post=1493"}],"curies":[{"name":"wp","href":"https:\/\/api.w.org\/{rel}","templated":true}]}}