{"id":1496,"date":"2018-06-03T17:01:14","date_gmt":"2018-06-03T20:01:14","guid":{"rendered":"https:\/\/movitronics.com.br\/store\/?post_type=product&#038;p=1496"},"modified":"2018-12-12T09:30:05","modified_gmt":"2018-12-12T11:30:05","slug":"access-point-wireless-n600-gigabit-montavel-em-teto","status":"publish","type":"product","link":"https:\/\/movitronics.com.br\/store\/loja\/redes-e-telecom\/access-point-wireless-n600-gigabit-montavel-em-teto\/","title":{"rendered":"Access Point Wireless N600 Gigabit Mont\u00e1vel em Teto"},"content":{"rendered":"<ul>\n<li>Software do controlador EAP permite administradores a controlar facilmente centenas de EAPs<\/li>\n<li>Suporta energia PoE\uff08802.3af\uff09para instala\u00e7\u00e3o f\u00e1cil e de pre\u00e7o acess\u00edvel.<\/li>\n<li>Suporte de montagem simples para paredes ou tetos.<\/li>\n<li>O Portal Cativo oferece um m\u00e9todo de autentica\u00e7\u00e3o para os convidados da rede Wi-Fi<\/li>\n<li>WPA\/WPA2-enterprise, 802.1X com autentica\u00e7\u00e3o de seguran\u00e7a RADIUS e detec\u00e7\u00e3o de rogue AP garantem a seguran\u00e7a da WLAN.<\/li>\n<li>A porta Gigabit\u00a0Ethernet permite transfer\u00eancia ou aplica\u00e7\u00f5es multim\u00eddia de intensa largura de banda<br \/>\n<h2>Posicionamento Flex\u00edvel<\/h2>\n<h3>Design de F\u00e1cil Montagem e PoE<\/h3>\n<p>A apar\u00eancia de &#8220;l\u00e2mpada de teto&#8221; do EAP e seu design de f\u00e1cil montagem com chassis torna-o mais f\u00e1cil de ser integrado perfeitamente em qualquer superf\u00edcie da parede ou teto para se misturar com a maioria das decora\u00e7\u00f5es de interiores. Os APs da s\u00e9rie EAP s\u00e3o compat\u00edveis com PoE a fim de tornar sua implementa\u00e7\u00e3o flex\u00edvel e sem grandes esfor\u00e7os.<\/p>\n<h2>Wireless de N\u00edvel Empresarial<br \/>\nHardware de Alto Desempenho<\/h2>\n<ul>\n<li>O EAP possui Wi-Fi 802.11n e tecnologia MIMO 2*2 &#8211; EAP220 suporta dual band simult\u00e2neas em 2.4 e 5GHz para velocidades wireless de 600Mbp<br \/>\nE velocidades wireless para o EAP120 de at\u00e9 300Mbps<\/li>\n<li>A porta Ethernet Gigabit garante alta velocidade Acesso \u00e0 Internet<\/li>\n<li>Com chipsets Qualcomm Atheros de 560MHz,<br \/>\no EAP garante a uma cobertura wireless incr\u00edvel e de confiabilidade<\/p>\n<h2>Aplic\u00e1vel a Ambientes de Multiusu\u00e1rios<\/h2>\n<h3>Projetado para Desempenho de Neg\u00f3cios<\/h3>\n<p>Com design de f\u00e1cil montagem, fonte de alimenta\u00e7\u00e3o PoE, recurso Cluster, Software de Gerenciamento Centralizado, Portal Cativo, Gerenciamento Auto RF, e Hardware para Neg\u00f3cios, a s\u00e9rie EAP \u00e9 especialmente concebida para a alta densidade, ambientes empresariais mais exigentes, incluindo escolas, hot\u00e9is e empresas.<\/li>\n<\/ul>\n<\/li>\n<\/ul>\n","protected":false},"excerpt":{"rendered":"<p class=\"excerpt\">A apar\u00eancia de &#8220;l\u00e2mpada de teto&#8221; do EAP e seu design de f\u00e1cil montagem com chassis torna-o mais f\u00e1cil de ser integrado perfeitamente em qualquer superf\u00edcie da parede ou teto para se misturar com a maioria das decora\u00e7\u00f5es de interiores. Os APs da s\u00e9rie EAP s\u00e3o compat\u00edveis com PoE a fim de tornar sua implementa\u00e7\u00e3o flex\u00edvel e sem grandes esfor\u00e7os.<\/p>\n","protected":false},"featured_media":1497,"comment_status":"open","ping_status":"closed","template":"","meta":[],"product_cat":[66],"product_tag":[],"_links":{"self":[{"href":"https:\/\/movitronics.com.br\/store\/wp-json\/wp\/v2\/product\/1496"}],"collection":[{"href":"https:\/\/movitronics.com.br\/store\/wp-json\/wp\/v2\/product"}],"about":[{"href":"https:\/\/movitronics.com.br\/store\/wp-json\/wp\/v2\/types\/product"}],"replies":[{"embeddable":true,"href":"https:\/\/movitronics.com.br\/store\/wp-json\/wp\/v2\/comments?post=1496"}],"wp:featuredmedia":[{"embeddable":true,"href":"https:\/\/movitronics.com.br\/store\/wp-json\/wp\/v2\/media\/1497"}],"wp:attachment":[{"href":"https:\/\/movitronics.com.br\/store\/wp-json\/wp\/v2\/media?parent=1496"}],"wp:term":[{"taxonomy":"product_cat","embeddable":true,"href":"https:\/\/movitronics.com.br\/store\/wp-json\/wp\/v2\/product_cat?post=1496"},{"taxonomy":"product_tag","embeddable":true,"href":"https:\/\/movitronics.com.br\/store\/wp-json\/wp\/v2\/product_tag?post=1496"}],"curies":[{"name":"wp","href":"https:\/\/api.w.org\/{rel}","templated":true}]}}