{"id":1617,"date":"2020-10-26T13:54:46","date_gmt":"2020-10-26T16:54:46","guid":{"rendered":"https:\/\/movitronics.com.br\/store\/?post_type=product&#038;p=1617"},"modified":"2020-10-26T15:31:10","modified_gmt":"2020-10-26T18:31:10","slug":"ws-c3560-24ps","status":"publish","type":"product","link":"https:\/\/movitronics.com.br\/store\/loja\/redes-e-telecom\/switch\/ws-c3560-24ps\/","title":{"rendered":"SWITCH CISCO GIGABIT POE 3560G 24 PORTAS + 04 SFP WS-C3560G-24PS-S SEMINOVO"},"content":{"rendered":"<div id=\"attachment_1618\" style=\"width: 310px\" class=\"wp-caption alignnone\"><img aria-describedby=\"caption-attachment-1618\" decoding=\"async\" loading=\"lazy\" class=\"wp-image-1618 size-medium\" src=\"https:\/\/movitronics.com.br\/store\/wp-content\/uploads\/2020\/10\/img-cisco-300x227.png\" alt=\"\" width=\"300\" height=\"227\" srcset=\"https:\/\/movitronics.com.br\/store\/wp-content\/uploads\/2020\/10\/img-cisco-300x227.png 300w, https:\/\/movitronics.com.br\/store\/wp-content\/uploads\/2020\/10\/img-cisco-768x581.png 768w, https:\/\/movitronics.com.br\/store\/wp-content\/uploads\/2020\/10\/img-cisco-1024x774.png 1024w, https:\/\/movitronics.com.br\/store\/wp-content\/uploads\/2020\/10\/img-cisco-600x454.png 600w, https:\/\/movitronics.com.br\/store\/wp-content\/uploads\/2020\/10\/img-cisco.png 1091w\" sizes=\"(max-width: 300px) 100vw, 300px\" \/><p id=\"caption-attachment-1618\" class=\"wp-caption-text\">Imagem meramente ilustrativa<\/p><\/div>\n<p><strong>Especifica\u00e7\u00f5es:<\/strong><br \/>\nSwitch Cisco Ws-c3560-24ps Poe L3 10\/100mbps<br \/>\nSwitch Cisco Ws-c3560-24ps Poe L3 10\/100mbps, + 2 Giga Sfp<br \/>\n\u2022 IEEE 802.3af e Power over Ethernet<br \/>\n24 Ethernet 10\/100 com PoE e 2 portas Gigabit Ethernet baseadas em SFP<br \/>\nTabela de endere\u00e7os MAC at\u00e9 12.000<br \/>\n16 MB de mem\u00f3ria flash Mem\u00f3ria Tamp\u00e3o<br \/>\n128 MB de DRAM<br \/>\n&#8211; Empilhavel atr\u00e1ves do cabo CAB-SFP-50CM=<br \/>\n&#8211; 8.8 Gbps switching fabric<br \/>\n&#8211; Forwarding bandwidth de 4,4 Gbps<br \/>\n&#8211; Forwarding Rate de 6,6 Mpps em todas as portas<br \/>\n&#8211; 128 MB de memoria DRAM<br \/>\n&#8211; 16 MB de memoria Flash<br \/>\n&#8211; At\u00e9 12 mil endere\u00e7cos MAC<br \/>\n&#8211; At\u00e9 11 mil rotas unicast<br \/>\n&#8211; At\u00e9 1024 VLANs (Faz InterVLan)<br \/>\n&#8211; Portas com ajuste autom\u00e1tico MDI\/MDIX<br \/>\n&#8211; Suporte a ACL<br \/>\n&#8211; Ocupa 1RU<br \/>\n&#8211; Suporte autentica\u00e7\u00e3o TACACS+ e RADIUS<br \/>\n&#8211; Roteamento RIP B\u00e1sico e Roteamento Est\u00e1tico<br \/>\n&#8211; MTBF de 224 100 Horas<br \/>\n24ps-s Poe L3 10\/100mbps, + 2 Giga Sfp<\/p>\n","protected":false},"excerpt":{"rendered":"<p class=\"excerpt\">Especifica\u00e7\u00f5es: Switch Cisco Ws-c3560-24ps Poe L3 10\/100mbps Switch Cisco Ws-c3560-24ps Poe L3 10\/100mbps, + 2 Giga Sfp \u2022 IEEE 802.3af e Power over Ethernet 24 Ethernet 10\/100 com PoE e 2 portas Gigabit Ethernet baseadas em SFP Tabela de endere\u00e7os MAC at\u00e9 12.000 16 MB de mem\u00f3ria flash Mem\u00f3ria Tamp\u00e3o 128 MB de DRAM &#8211; [&hellip;]<\/p>\n","protected":false},"featured_media":1618,"comment_status":"closed","ping_status":"closed","template":"","meta":[],"product_cat":[80,76],"product_tag":[86,85,77],"_links":{"self":[{"href":"https:\/\/movitronics.com.br\/store\/wp-json\/wp\/v2\/product\/1617"}],"collection":[{"href":"https:\/\/movitronics.com.br\/store\/wp-json\/wp\/v2\/product"}],"about":[{"href":"https:\/\/movitronics.com.br\/store\/wp-json\/wp\/v2\/types\/product"}],"replies":[{"embeddable":true,"href":"https:\/\/movitronics.com.br\/store\/wp-json\/wp\/v2\/comments?post=1617"}],"wp:featuredmedia":[{"embeddable":true,"href":"https:\/\/movitronics.com.br\/store\/wp-json\/wp\/v2\/media\/1618"}],"wp:attachment":[{"href":"https:\/\/movitronics.com.br\/store\/wp-json\/wp\/v2\/media?parent=1617"}],"wp:term":[{"taxonomy":"product_cat","embeddable":true,"href":"https:\/\/movitronics.com.br\/store\/wp-json\/wp\/v2\/product_cat?post=1617"},{"taxonomy":"product_tag","embeddable":true,"href":"https:\/\/movitronics.com.br\/store\/wp-json\/wp\/v2\/product_tag?post=1617"}],"curies":[{"name":"wp","href":"https:\/\/api.w.org\/{rel}","templated":true}]}}