{"id":1619,"date":"2020-10-26T14:10:53","date_gmt":"2020-10-26T17:10:53","guid":{"rendered":"https:\/\/movitronics.com.br\/store\/?post_type=product&#038;p=1619"},"modified":"2020-10-26T15:31:41","modified_gmt":"2020-10-26T18:31:41","slug":"switch-cisco-catalyst-ws-c2960s-24ps-l-seminovo","status":"publish","type":"product","link":"https:\/\/movitronics.com.br\/store\/loja\/redes-e-telecom\/switch\/switch-cisco-catalyst-ws-c2960s-24ps-l-seminovo\/","title":{"rendered":"SWITCH CISCO CATALYST WS-C2960S-24PS-L SEMINOVO"},"content":{"rendered":"<div id=\"attachment_1621\" style=\"width: 310px\" class=\"wp-caption alignnone\"><img aria-describedby=\"caption-attachment-1621\" decoding=\"async\" loading=\"lazy\" class=\"wp-image-1621 size-medium\" src=\"https:\/\/movitronics.com.br\/store\/wp-content\/uploads\/2020\/10\/switches-ws-c2960s-24ps-l.jpg-300x240.jpg\" alt=\"\" width=\"300\" height=\"240\" srcset=\"https:\/\/movitronics.com.br\/store\/wp-content\/uploads\/2020\/10\/switches-ws-c2960s-24ps-l.jpg-300x240.jpg 300w, https:\/\/movitronics.com.br\/store\/wp-content\/uploads\/2020\/10\/switches-ws-c2960s-24ps-l.jpg-600x480.jpg 600w, https:\/\/movitronics.com.br\/store\/wp-content\/uploads\/2020\/10\/switches-ws-c2960s-24ps-l.jpg-768x614.jpg 768w, https:\/\/movitronics.com.br\/store\/wp-content\/uploads\/2020\/10\/switches-ws-c2960s-24ps-l.jpg.jpg 900w\" sizes=\"(max-width: 300px) 100vw, 300px\" \/><p id=\"caption-attachment-1621\" class=\"wp-caption-text\">Imagem meramente ilustrativa<\/p><\/div>\n<p><strong>Especifica\u00e7\u00f5es:<\/strong><\/p>\n<p>Principais caracter\u00edsticas e benef\u00edcios para Cisco Catalyst 2960-S<br \/>\n24 portas Ethernet 10\/100\/1000 PoE<br \/>\n370W PoE \/ PoE + poder<br \/>\n4 x 1 GbE SFP portas de uplink<br \/>\nOpcional Cisco FlexStack empilhamento apoio<br \/>\nLAN Base de Dados de imagem<\/p>\n<p>Cisco FlexStack com 40 Gbps de empilhamento de transfer\u00eancia permite a facilidade de opera\u00e7\u00e3o com a configura\u00e7\u00e3o \u00fanica e atualiza\u00e7\u00e3o interruptor autom\u00e1tico. FlexStack requer um m\u00f3dulo opcional.<\/p>\n<p>24 portas de Gigabit Ethernet (GbE) 10\/100\/1000 conectividade do desktop.<\/p>\n<p>GbE ou 10 uplinks GbE para atender \u00e0s diversas necessidades de implanta\u00e7\u00e3o. Switches com 10 uplinks GbE apoiar Small Form-Factor Pluggable Plus (SFP +), permitindo uma forma simples e r\u00e1pida transi\u00e7\u00e3o GbE e 10 GbE.<\/p>\n<p>Switches que podem entregar 740W ou 370W de combinado PoE \/ PoE + poder capacitador de dimensionamento com o bot\u00e3o direito do interruptor compras com base nas necessidades de implanta\u00e7\u00e3o.<br \/>\nSuporta at\u00e9 30W para as mais recentes PoE + dispositivos capazes.<\/p>\n<p>A interface de armazenamento USB para backup de arquivos, distribui\u00e7\u00e3o e opera\u00e7\u00f5es simplificadas.<\/p>\n<p>Uma ampla gama de recursos de software para oferecer facilidade de opera\u00e7\u00e3o, as opera\u00e7\u00f5es comerciais seguras, sustentabilidade, e uma experi\u00eancia de rede sem fronteiras.<\/p>\n<p>Avan\u00e7ado hardware vital\u00edcia limitada de garantia, incluindo o pr\u00f3ximo dia \u00fatil substitui\u00e7\u00e3o interruptor e 90 dias de suporte t\u00e9cnico.<\/p>\n<p>Uma ampla gama de recursos de software para oferecer facilidade de opera\u00e7\u00e3o, as opera\u00e7\u00f5es comerciais seguras, sustentabilidade e experi\u00eancia de rede sem fronteiras<\/p>\n","protected":false},"excerpt":{"rendered":"<p class=\"excerpt\">Especifica\u00e7\u00f5es: Principais caracter\u00edsticas e benef\u00edcios para Cisco Catalyst 2960-S 24 portas Ethernet 10\/100\/1000 PoE 370W PoE \/ PoE + poder 4 x 1 GbE SFP portas de uplink Opcional Cisco FlexStack empilhamento apoio LAN Base de Dados de imagem Cisco FlexStack com 40 Gbps de empilhamento de transfer\u00eancia permite a facilidade de opera\u00e7\u00e3o com a [&hellip;]<\/p>\n","protected":false},"featured_media":1621,"comment_status":"closed","ping_status":"closed","template":"","meta":[],"product_cat":[80,66,76],"product_tag":[86,85,77],"_links":{"self":[{"href":"https:\/\/movitronics.com.br\/store\/wp-json\/wp\/v2\/product\/1619"}],"collection":[{"href":"https:\/\/movitronics.com.br\/store\/wp-json\/wp\/v2\/product"}],"about":[{"href":"https:\/\/movitronics.com.br\/store\/wp-json\/wp\/v2\/types\/product"}],"replies":[{"embeddable":true,"href":"https:\/\/movitronics.com.br\/store\/wp-json\/wp\/v2\/comments?post=1619"}],"wp:featuredmedia":[{"embeddable":true,"href":"https:\/\/movitronics.com.br\/store\/wp-json\/wp\/v2\/media\/1621"}],"wp:attachment":[{"href":"https:\/\/movitronics.com.br\/store\/wp-json\/wp\/v2\/media?parent=1619"}],"wp:term":[{"taxonomy":"product_cat","embeddable":true,"href":"https:\/\/movitronics.com.br\/store\/wp-json\/wp\/v2\/product_cat?post=1619"},{"taxonomy":"product_tag","embeddable":true,"href":"https:\/\/movitronics.com.br\/store\/wp-json\/wp\/v2\/product_tag?post=1619"}],"curies":[{"name":"wp","href":"https:\/\/api.w.org\/{rel}","templated":true}]}}