{"id":1629,"date":"2020-10-26T15:08:24","date_gmt":"2020-10-26T18:08:24","guid":{"rendered":"https:\/\/movitronics.com.br\/store\/?post_type=product&#038;p=1629"},"modified":"2020-10-26T15:29:28","modified_gmt":"2020-10-26T18:29:28","slug":"switch-cisco-2960x-48fps-l-48-portas-100-1000-poe-seminovo","status":"publish","type":"product","link":"https:\/\/movitronics.com.br\/store\/loja\/redes-e-telecom\/switch\/switch-cisco-2960x-48fps-l-48-portas-100-1000-poe-seminovo\/","title":{"rendered":"SWITCH CISCO WS-C2960X-48FPS-L 48 PORTAS 100\/1000 POE SEMINOVO"},"content":{"rendered":"<div id=\"attachment_1630\" style=\"width: 310px\" class=\"wp-caption alignnone\"><img aria-describedby=\"caption-attachment-1630\" decoding=\"async\" loading=\"lazy\" class=\"wp-image-1630 size-medium\" src=\"https:\/\/movitronics.com.br\/store\/wp-content\/uploads\/2020\/10\/cisco-ws-c2960x-48fps-l-front-1-300x300.jpg\" alt=\"\" width=\"300\" height=\"300\" srcset=\"https:\/\/movitronics.com.br\/store\/wp-content\/uploads\/2020\/10\/cisco-ws-c2960x-48fps-l-front-1-300x300.jpg 300w, https:\/\/movitronics.com.br\/store\/wp-content\/uploads\/2020\/10\/cisco-ws-c2960x-48fps-l-front-1-100x100.jpg 100w, https:\/\/movitronics.com.br\/store\/wp-content\/uploads\/2020\/10\/cisco-ws-c2960x-48fps-l-front-1-150x150.jpg 150w, https:\/\/movitronics.com.br\/store\/wp-content\/uploads\/2020\/10\/cisco-ws-c2960x-48fps-l-front-1-768x768.jpg 768w, https:\/\/movitronics.com.br\/store\/wp-content\/uploads\/2020\/10\/cisco-ws-c2960x-48fps-l-front-1-480x480.jpg 480w, https:\/\/movitronics.com.br\/store\/wp-content\/uploads\/2020\/10\/cisco-ws-c2960x-48fps-l-front-1-600x600.jpg 600w, https:\/\/movitronics.com.br\/store\/wp-content\/uploads\/2020\/10\/cisco-ws-c2960x-48fps-l-front-1.jpg 800w\" sizes=\"(max-width: 300px) 100vw, 300px\" \/><p id=\"caption-attachment-1630\" class=\"wp-caption-text\">Foto meramente ilustrativa<\/p><\/div>\n<p><strong>Especifica\u00e7\u00f5es:<\/strong><\/p>\n<p>4 Uplinks do SFP<br \/>\nPortas do Switch Gigabit de 48 Portas<br \/>\nPoE + Suporte de um or\u00e7amento de 740W<br \/>\nInterfaces de gerenciamento de console Ethernet e USB<br \/>\nSoftware Cisco LAN Base com comuta\u00e7\u00e3o da camada 2<br \/>\nA escalabilidade FlexStack-Plus permite o empilhamento de oito unidades<br \/>\nSegmenta\u00e7\u00e3o Easy VLAN Din\u00e2mica<br \/>\nVis\u00e3o geral do pacote NetFlow-Lite<br \/>\nOp\u00e7\u00f5es de interface CLI ou GUI<br \/>\nServi\u00e7os autom\u00e1ticos de otimiza\u00e7\u00e3o de pacotes e energia<br \/>\nRecursos de seguran\u00e7a autom\u00e1ticos inteligentes com seguran\u00e7a total<br \/>\nSistemas de QoS aprimorados para VoIP sem interrup\u00e7\u00f5es<\/p>\n<p>Product Name Catalyst 2960X-48FPS-L Switch Managed 48&#215;10\/100\/1000 (PoE+) +4xGigabit SFP Rack<br \/>\nManufacturer Part Number WS-C2960X-48FPS-L<br \/>\nProduct Line Catalyst<br \/>\nProduct Series 2960-X<br \/>\nProduct Model 2960X-48FPS-L<br \/>\nPackaged Quantity 1<br \/>\nProduct Type Ethernet Switch<br \/>\nInterfaces\/Ports<br \/>\nTotal Number of Network Ports 48<br \/>\nModular Yes<br \/>\nPort \/ Expansion Slot Details 48 x Gigabit Ethernet Network<br \/>\n4 x Gigabit Ethernet Expansion Slot<br \/>\nI\/O Expansions<br \/>\nNumber of Total Expansion Slots 4<br \/>\nExpansion Slot Type SFP<br \/>\nNumber of SFP Slots 4<br \/>\nMedia &amp; Performance<br \/>\nMedia Type Supported Twisted Pair<br \/>\nOptical Fiber<br \/>\nEthernet Technology Gigabit Ethernet<br \/>\nNetwork Technology 10\/100\/1000Base-T<br \/>\nNetwork &amp; Communication<br \/>\nLayer Supported 2<br \/>\nPower Description<br \/>\nPower Source Power Supply<br \/>\nRedundant Power Supply Supported Yes<br \/>\nManagement &amp; Protocols<br \/>\nManageable Yes<br \/>\nPhysical Characteristics<br \/>\nForm Factor Rack-mountable<br \/>\nHeight 1.8<br \/>\nWidth 14.5<br \/>\nDepth 17.5<br \/>\nWarranty<br \/>\nLimited Warranty Lifetime<br \/>\nMiscellaneous<br \/>\nGreen Compliant Yes<br \/>\nGreen Compliance Certificate \/ Authority RoHS<br \/>\nOther Information<br \/>\nProduct Family Catalyst 2960-X<br \/>\nPoE (RJ-45) Port Yes<br \/>\nTwisted Pair Cable Standard Category 5<br \/>\nToken Ring Port No<br \/>\nLRE Port No<br \/>\nUSB Yes<br \/>\nManagement Port Yes<br \/>\nNumber of PoE+ (RJ-45) Ports 48<br \/>\nBypass No<br \/>\nMemory Technology DRAM<br \/>\nCertifications &amp; Standards IEEE Standards:<br \/>\n802.1D<br \/>\n802.1p<br \/>\n802.1Q<br \/>\n802.1s<br \/>\n802.1w<br \/>\n802.1X<br \/>\n802.1ab<br \/>\n802.3ad<br \/>\n802.3af<br \/>\n802.3at<br \/>\n802.3ah<br \/>\n802.3x<br \/>\n802.3<br \/>\n802.3u<br \/>\n802.3ab<br \/>\n802.3z<br \/>\n802.3az<br \/>\n802.1ae<br \/>\n802.3ae<br \/>\n802.1ax<br \/>\nSafety:<br \/>\nUL 60950-1 Second Edition<br \/>\nCAN\/CSA-C22.2 No. 60950-1 Second Edition<br \/>\nEN 60950-1 Second Edition<br \/>\nIEC 60950-1 Second Edition<br \/>\nAS\/NZS 60950-1<br \/>\nEmissions &amp; Immunity:<br \/>\n47CFR Part 15 (CFR 47) Class A<br \/>\nAS\/NZS CISPR22 Class A<br \/>\nCISPR22 Class A<br \/>\nEN55022 Class A<br \/>\nICES003 Class A<br \/>\nVCCI Class A<br \/>\nEN61000-3-2<br \/>\nEN61000-3-3<br \/>\nKN22 Class A<br \/>\nCNS13438 Class A<br \/>\nEN55024<br \/>\nCISPR24<br \/>\nEN300386<br \/>\nKN24<br \/>\nMTBF 276870 Hour<br \/>\nManagement<br \/>\nWeb-based Management<br \/>\nCLI<br \/>\nTelnet<br \/>\nSyslog<br \/>\nMIB<br \/>\nQoS<br \/>\nVLAN<br \/>\nDHCP<br \/>\nRMON 1, 2, 3, 9<br \/>\nSNMP v1, v2c, v3<br \/>\nFlash Memory 128 MB<\/p>\n","protected":false},"excerpt":{"rendered":"<p class=\"excerpt\">Especifica\u00e7\u00f5es: 4 Uplinks do SFP Portas do Switch Gigabit de 48 Portas PoE + Suporte de um or\u00e7amento de 740W Interfaces de gerenciamento de console Ethernet e USB Software Cisco LAN Base com comuta\u00e7\u00e3o da camada 2 A escalabilidade FlexStack-Plus permite o empilhamento de oito unidades Segmenta\u00e7\u00e3o Easy VLAN Din\u00e2mica Vis\u00e3o geral do pacote NetFlow-Lite [&hellip;]<\/p>\n","protected":false},"featured_media":1630,"comment_status":"closed","ping_status":"closed","template":"","meta":[],"product_cat":[80,76],"product_tag":[87,85,77],"_links":{"self":[{"href":"https:\/\/movitronics.com.br\/store\/wp-json\/wp\/v2\/product\/1629"}],"collection":[{"href":"https:\/\/movitronics.com.br\/store\/wp-json\/wp\/v2\/product"}],"about":[{"href":"https:\/\/movitronics.com.br\/store\/wp-json\/wp\/v2\/types\/product"}],"replies":[{"embeddable":true,"href":"https:\/\/movitronics.com.br\/store\/wp-json\/wp\/v2\/comments?post=1629"}],"wp:featuredmedia":[{"embeddable":true,"href":"https:\/\/movitronics.com.br\/store\/wp-json\/wp\/v2\/media\/1630"}],"wp:attachment":[{"href":"https:\/\/movitronics.com.br\/store\/wp-json\/wp\/v2\/media?parent=1629"}],"wp:term":[{"taxonomy":"product_cat","embeddable":true,"href":"https:\/\/movitronics.com.br\/store\/wp-json\/wp\/v2\/product_cat?post=1629"},{"taxonomy":"product_tag","embeddable":true,"href":"https:\/\/movitronics.com.br\/store\/wp-json\/wp\/v2\/product_tag?post=1629"}],"curies":[{"name":"wp","href":"https:\/\/api.w.org\/{rel}","templated":true}]}}