{"id":1632,"date":"2020-10-26T15:24:42","date_gmt":"2020-10-26T18:24:42","guid":{"rendered":"https:\/\/movitronics.com.br\/store\/?post_type=product&#038;p=1632"},"modified":"2020-10-26T15:24:42","modified_gmt":"2020-10-26T18:24:42","slug":"switch-cisco-ws-c2960s-48lpd-l-seminovo","status":"publish","type":"product","link":"https:\/\/movitronics.com.br\/store\/loja\/redes-e-telecom\/switch\/switch-cisco-ws-c2960s-48lpd-l-seminovo\/","title":{"rendered":"SWITCH CISCO WS-C2960S-48LPD-L SEMINOVO"},"content":{"rendered":"<div id=\"attachment_1633\" style=\"width: 310px\" class=\"wp-caption alignnone\"><img aria-describedby=\"caption-attachment-1633\" decoding=\"async\" loading=\"lazy\" class=\"wp-image-1633 size-medium\" src=\"https:\/\/movitronics.com.br\/store\/wp-content\/uploads\/2020\/10\/s-l640-300x273.jpg\" alt=\"\" width=\"300\" height=\"273\" srcset=\"https:\/\/movitronics.com.br\/store\/wp-content\/uploads\/2020\/10\/s-l640-300x273.jpg 300w, https:\/\/movitronics.com.br\/store\/wp-content\/uploads\/2020\/10\/s-l640-600x546.jpg 600w, https:\/\/movitronics.com.br\/store\/wp-content\/uploads\/2020\/10\/s-l640.jpg 640w\" sizes=\"(max-width: 300px) 100vw, 300px\" \/><p id=\"caption-attachment-1633\" class=\"wp-caption-text\">Foto meramente ilustrativa<\/p><\/div>\n<p>&nbsp;<\/p>\n<table class=\"blue-table\" border=\"0\">\n<thead>\n<tr>\n<th style=\"text-align: left;\" colspan=\"2\">Especifica\u00e7\u00f5es WS-C2960S-48LPD-L<\/th>\n<\/tr>\n<\/thead>\n<tbody>\n<tr>\n<td colspan=\"2\"><strong>Informa\u00e7\u00e3o geral<\/strong><\/td>\n<\/tr>\n<tr>\n<td width=\"270\"><span>Tipo de dispositivo<\/span><\/td>\n<td width=\"803\"><span>Switch &#8211; 48 portas &#8211; Gerenciado<\/span><\/td>\n<\/tr>\n<tr>\n<td><span>Tipo de gabinete<\/span><\/td>\n<td><span>Mont\u00e1vel em rack &#8211; 1U<\/span><\/td>\n<\/tr>\n<tr>\n<td><span>Ports<\/span><\/td>\n<td><span>48 x 10\/100\/1000 + 2 x 10 Gigabit SFP +<\/span><\/td>\n<\/tr>\n<tr>\n<td><span>Power Over Ethernet (PoE)<\/span><\/td>\n<td><span>370 watts<\/span><\/td>\n<\/tr>\n<tr>\n<td><span>atua\u00e7\u00e3o<\/span><\/td>\n<td><span>Capacidade de comuta\u00e7\u00e3o: 176 Gbps<\/span><br \/>\n<span>Desempenho de encaminhamento (tamanho do pacote de 64 bytes): 101,2 Mpps<\/span><\/td>\n<\/tr>\n<tr>\n<td><span>Tamanho da tabela de endere\u00e7os MAC<\/span><\/td>\n<td><span>8 mil entradas<\/span><\/td>\n<\/tr>\n<tr>\n<td><span>Protocolo de Gerenciamento Remoto<\/span><\/td>\n<td><span>SNMP 1, SNMP 2, RMON 1, RMON 2, RMON 3, RMON 9, Telnet, SNMP 3, SNMP 2c, HTTP, HTTPS, TFTP, SSH<\/span><\/td>\n<\/tr>\n<tr>\n<td><span>Algoritmo de criptografia<\/span><\/td>\n<td><span>SSL<\/span><\/td>\n<\/tr>\n<tr>\n<td><span>M\u00e9todo de autentica\u00e7\u00e3o<\/span><\/td>\n<td><span>Secure Shell (SSH), RADIUS, TACACS +<\/span><\/td>\n<\/tr>\n<tr>\n<td><span>Recursos<\/span><\/td>\n<td><span>Comuta\u00e7\u00e3o de camada 2, detec\u00e7\u00e3o autom\u00e1tica por dispositivo, atribui\u00e7\u00e3o de endere\u00e7o IP din\u00e2mico, power over Ethernet (PoE), negocia\u00e7\u00e3o autom\u00e1tica, suporte BOOTP, suporte ARP, balanceamento de carga, suporte VLAN, uplink autom\u00e1tico (MDI \/ MDI-X autom\u00e1tico), IGMP snooping, suporte Syslog, suporte DiffServ, Broadcast Storm Control, IPv6, Multicast Storm Control, Unicast Storm Control, Rapid Spanning Tree Protocol (RSTP), Multiple Spanning Tree Protocol (MSTP), DHCP snooping, Dynamic Trunking Protocol (DTP) ) suporte, suporte de protocolo de agrega\u00e7\u00e3o de porta (PAgP), suporte de lista de controle de acesso (ACL), qualidade de servi\u00e7o (QoS), PoE +, protocolo de controle de agrega\u00e7\u00e3o de link (LACP), seguran\u00e7a de porta, notifica\u00e7\u00e3o de endere\u00e7o MAC, analisador de porta de switch remoto (RSPAN)<\/span><\/td>\n<\/tr>\n<tr>\n<td><span>Padr\u00f5es de conformidade<\/span><\/td>\n<td><span>IEEE 802.3, IEEE 802.3u, IEEE 802.3z, IEEE 802.1D, IEEE 802.1Q, IEEE 802.3ab, IEEE 802.1p, IEEE 802.3af, IEEE 802.3x, IEEE 802.3ad (LACP), IEEE 802.1w, IEEE 802.1 IEEE 802.1s, IEEE 802.3ah, IEEE 802.1ab (LLDP), IEEE 802.3at<\/span><\/td>\n<\/tr>\n<tr>\n<td><span>RAM<\/span><\/td>\n<td><span>128 MB<\/span><\/td>\n<\/tr>\n<tr>\n<td><span>Mem\u00f3ria flash<\/span><\/td>\n<td><span>Flash de 64 MB<\/span><\/td>\n<\/tr>\n<tr>\n<td><span>Indicadores de status<\/span><\/td>\n<td><span>Status da porta, atividade do link, velocidade de transmiss\u00e3o da porta, modo duplex da porta, energia, sistema<\/span><\/td>\n<\/tr>\n<tr>\n<td colspan=\"2\"><strong>Expans\u00e3o \/ Conectividade<\/strong><\/td>\n<\/tr>\n<tr>\n<td><span>Interfaces<\/span><\/td>\n<td><span>48 x 10Base-T \/ 100Base-TX \/ 1000Base-T &#8211; RJ-45 &#8211; PoE<\/span><br \/>\n<span>USB: 1 x 4 pinos USB Tipo A<\/span><br \/>\n<span>1 x console &#8211; mini-USB Tipo B &#8211; gerenciamento<\/span><br \/>\n<span>1 x console &#8211; RJ-45 &#8211; gerenciamento<\/span><br \/>\n<span>1 x 10Base-T \/ 100Base-TX &#8211; RJ-45 &#8211; gerenciamento<\/span><br \/>\n<span>2 x SFP +<\/span><\/td>\n<\/tr>\n<tr>\n<td><span>Slots de expans\u00e3o)<\/span><\/td>\n<td><span>1 (total) \/ 1 (gr\u00e1tis) x M\u00f3dulo de Empilhamento<\/span><\/td>\n<\/tr>\n<tr>\n<td colspan=\"2\"><span>Poder<\/span><\/td>\n<\/tr>\n<tr>\n<td valign=\"top\"><span>Dispositivo de energia<\/span><\/td>\n<td align=\"left\"><span>Fonte de alimenta\u00e7\u00e3o &#8211; interna<\/span><\/td>\n<\/tr>\n<tr>\n<td><span>Tens\u00e3o necess\u00e1ria<\/span><\/td>\n<td><span>AC 120\/230 V (50\/60 Hz)<\/span><\/td>\n<\/tr>\n<tr>\n<td><span>Consumo de energia operacional<\/span><\/td>\n<td><span>71 watts<\/span><\/td>\n<\/tr>\n<tr>\n<td colspan=\"2\"><strong>Diversos<\/strong><\/td>\n<\/tr>\n<tr>\n<td><span>Largura<\/span><\/td>\n<td><span>17,5 pol. (44,5 cm)<\/span><\/td>\n<\/tr>\n<tr>\n<td><span>Profundidade<\/span><\/td>\n<td><span>15,2 pol. (38,6 cm)<\/span><\/td>\n<\/tr>\n<tr>\n<td><span>Altura<\/span><\/td>\n<td><span>1,8 pol. (4,5 cm)<\/span><\/td>\n<\/tr>\n<tr>\n<td><span>Peso<\/span><\/td>\n<td><span>13 lbs (5,77 kg)<\/span><\/td>\n<\/tr>\n<tr>\n<td><span>Kit de montagem em rack<\/span><\/td>\n<td><span>Opcional<\/span><\/td>\n<\/tr>\n<tr>\n<td><span>MTBF<\/span><\/td>\n<td><span>198.300 hora (s)<\/span><\/td>\n<\/tr>\n<tr>\n<td><span>Padr\u00f5es de conformidade<\/span><\/td>\n<td><span>TUV GS, CISPR 22 Classe A, GOST, BSMI CNS 13438 Classe A, CISPR 24, NOM, VCCI Classe A ITE, EN55024, CB, EMC, MIC, IEC 60950-1, EN 60950-1, UL 60950-1 Segunda Edi\u00e7\u00e3o , RoHS, CSA C22.2 No. 60950-1, FCC Parte 15 B Classe A<\/span><\/td>\n<\/tr>\n<tr>\n<td colspan=\"2\"><strong>Requisitos de software \/ sistema<\/strong><\/td>\n<\/tr>\n<tr>\n<td><span>Software Inclu\u00eddo<\/span><\/td>\n<td><span>Cisco IOS LAN Base<\/span><\/td>\n<\/tr>\n<\/tbody>\n<\/table>\n","protected":false},"excerpt":{"rendered":"<p class=\"excerpt\">&nbsp; Especifica\u00e7\u00f5es WS-C2960S-48LPD-L Informa\u00e7\u00e3o geral Tipo de dispositivo Switch &#8211; 48 portas &#8211; Gerenciado Tipo de gabinete Mont\u00e1vel em rack &#8211; 1U Ports 48 x 10\/100\/1000 + 2 x 10 Gigabit SFP + Power Over Ethernet (PoE) 370 watts atua\u00e7\u00e3o Capacidade de comuta\u00e7\u00e3o: 176 Gbps Desempenho de encaminhamento (tamanho do pacote de 64 bytes): 101,2 [&hellip;]<\/p>\n","protected":false},"featured_media":1633,"comment_status":"closed","ping_status":"closed","template":"","meta":[],"product_cat":[80,76],"product_tag":[87,85,77],"_links":{"self":[{"href":"https:\/\/movitronics.com.br\/store\/wp-json\/wp\/v2\/product\/1632"}],"collection":[{"href":"https:\/\/movitronics.com.br\/store\/wp-json\/wp\/v2\/product"}],"about":[{"href":"https:\/\/movitronics.com.br\/store\/wp-json\/wp\/v2\/types\/product"}],"replies":[{"embeddable":true,"href":"https:\/\/movitronics.com.br\/store\/wp-json\/wp\/v2\/comments?post=1632"}],"wp:featuredmedia":[{"embeddable":true,"href":"https:\/\/movitronics.com.br\/store\/wp-json\/wp\/v2\/media\/1633"}],"wp:attachment":[{"href":"https:\/\/movitronics.com.br\/store\/wp-json\/wp\/v2\/media?parent=1632"}],"wp:term":[{"taxonomy":"product_cat","embeddable":true,"href":"https:\/\/movitronics.com.br\/store\/wp-json\/wp\/v2\/product_cat?post=1632"},{"taxonomy":"product_tag","embeddable":true,"href":"https:\/\/movitronics.com.br\/store\/wp-json\/wp\/v2\/product_tag?post=1632"}],"curies":[{"name":"wp","href":"https:\/\/api.w.org\/{rel}","templated":true}]}}