{"id":1637,"date":"2020-12-02T11:04:24","date_gmt":"2020-12-02T14:04:24","guid":{"rendered":"https:\/\/movitronics.com.br\/store\/?post_type=product&#038;p=1637"},"modified":"2020-12-02T11:04:24","modified_gmt":"2020-12-02T14:04:24","slug":"ip-media-resource-tn-2602-ap","status":"publish","type":"product","link":"https:\/\/movitronics.com.br\/store\/loja\/redes-e-telecom\/avaya\/ip-media-resource-tn-2602-ap\/","title":{"rendered":"IP Media Resource TN 2602 AP"},"content":{"rendered":"<p><img decoding=\"async\" loading=\"lazy\" class=\"alignnone  wp-image-1639\" src=\"https:\/\/movitronics.com.br\/store\/wp-content\/uploads\/2020\/12\/Avaya-TN-300x141.png\" alt=\"\" width=\"417\" height=\"196\" srcset=\"https:\/\/movitronics.com.br\/store\/wp-content\/uploads\/2020\/12\/Avaya-TN-300x141.png 300w, https:\/\/movitronics.com.br\/store\/wp-content\/uploads\/2020\/12\/Avaya-TN-768x362.png 768w, https:\/\/movitronics.com.br\/store\/wp-content\/uploads\/2020\/12\/Avaya-TN-1024x483.png 1024w, https:\/\/movitronics.com.br\/store\/wp-content\/uploads\/2020\/12\/Avaya-TN-600x283.png 600w, https:\/\/movitronics.com.br\/store\/wp-content\/uploads\/2020\/12\/Avaya-TN.png 1374w\" sizes=\"(max-width: 417px) 100vw, 417px\" \/><\/p>\n<p>Foto meramente ilustrativa<\/p>\n<p><strong>Especifica\u00e7\u00f5es:<\/strong><\/p>\n<p>-Placa Avaya TN2602ap Hv28<\/p>\n<p>-Recursos TN2602AP<br \/>\n-O IP Media Resource 320 fornece processamento de \u00e1udio para os seguintes tipos de chamadas:<br \/>\n-TDM-to-IP e IP-to-TDM &#8211; por exemplo, uma chamada de um telefone IP 4602 para um telefone 6402 DCP<br \/>\n-IP-to-IP &#8211; por exemplo, uma chamada de confer\u00eancia n\u00e3o-shuffle<br \/>\n-A placa TN2602AP IP Media Resource 320 possui duas op\u00e7\u00f5es de capacidade, ambas determinadas pelo arquivo de -licen\u00e7a instalado no Communication Manager:<br \/>\n-320 canais de voz, considerado o padr\u00e3o IP Media Resource 320<br \/>\n-80 canais de voz, considerado o recurso de m\u00eddia de IP de baixa densidade 320<br \/>\n-Compatibilidade de Gateway TN2602AP<br \/>\n-O IP Media Resource 320 \u00e9 compat\u00edvel com os gateways de m\u00eddia SCC1, MCC1 e G650 (o G650 \u00e9 preferido)<br \/>\n-N\u00e3o suportado nos gateways de m\u00eddia CMC1 e G600<br \/>\n-Compat\u00edvel com Avaya Communications Manger R3.1 ou superior<br \/>\n-Apenas duas placas TN2602AP s\u00e3o permitidas por rede de portas<\/p>\n<p>&nbsp;<\/p>\n","protected":false},"excerpt":{"rendered":"<p class=\"excerpt\">Foto meramente ilustrativa Especifica\u00e7\u00f5es: -Placa Avaya TN2602ap Hv28 -Recursos TN2602AP -O IP Media Resource 320 fornece processamento de \u00e1udio para os seguintes tipos de chamadas: -TDM-to-IP e IP-to-TDM &#8211; por exemplo, uma chamada de um telefone IP 4602 para um telefone 6402 DCP -IP-to-IP &#8211; por exemplo, uma chamada de confer\u00eancia n\u00e3o-shuffle -A placa TN2602AP [&hellip;]<\/p>\n","protected":false},"featured_media":1639,"comment_status":"closed","ping_status":"closed","template":"","meta":[],"product_cat":[67],"product_tag":[92,93],"_links":{"self":[{"href":"https:\/\/movitronics.com.br\/store\/wp-json\/wp\/v2\/product\/1637"}],"collection":[{"href":"https:\/\/movitronics.com.br\/store\/wp-json\/wp\/v2\/product"}],"about":[{"href":"https:\/\/movitronics.com.br\/store\/wp-json\/wp\/v2\/types\/product"}],"replies":[{"embeddable":true,"href":"https:\/\/movitronics.com.br\/store\/wp-json\/wp\/v2\/comments?post=1637"}],"wp:featuredmedia":[{"embeddable":true,"href":"https:\/\/movitronics.com.br\/store\/wp-json\/wp\/v2\/media\/1639"}],"wp:attachment":[{"href":"https:\/\/movitronics.com.br\/store\/wp-json\/wp\/v2\/media?parent=1637"}],"wp:term":[{"taxonomy":"product_cat","embeddable":true,"href":"https:\/\/movitronics.com.br\/store\/wp-json\/wp\/v2\/product_cat?post=1637"},{"taxonomy":"product_tag","embeddable":true,"href":"https:\/\/movitronics.com.br\/store\/wp-json\/wp\/v2\/product_tag?post=1637"}],"curies":[{"name":"wp","href":"https:\/\/api.w.org\/{rel}","templated":true}]}}