{"id":1640,"date":"2020-12-02T13:35:01","date_gmt":"2020-12-02T16:35:01","guid":{"rendered":"https:\/\/movitronics.com.br\/store\/?post_type=product&#038;p=1640"},"modified":"2020-12-02T13:35:01","modified_gmt":"2020-12-02T16:35:01","slug":"mm710-t1-e1-media-module","status":"publish","type":"product","link":"https:\/\/movitronics.com.br\/store\/loja\/redes-e-telecom\/avaya\/mm710-t1-e1-media-module\/","title":{"rendered":"MM710 T1\/E1 Media Module"},"content":{"rendered":"<p><img decoding=\"async\" loading=\"lazy\" class=\"alignnone size-medium wp-image-1641\" src=\"https:\/\/movitronics.com.br\/store\/wp-content\/uploads\/2020\/12\/placa-300x168.png\" alt=\"\" width=\"300\" height=\"168\" srcset=\"https:\/\/movitronics.com.br\/store\/wp-content\/uploads\/2020\/12\/placa-300x168.png 300w, https:\/\/movitronics.com.br\/store\/wp-content\/uploads\/2020\/12\/placa-768x431.png 768w, https:\/\/movitronics.com.br\/store\/wp-content\/uploads\/2020\/12\/placa-1024x574.png 1024w, https:\/\/movitronics.com.br\/store\/wp-content\/uploads\/2020\/12\/placa-600x336.png 600w, https:\/\/movitronics.com.br\/store\/wp-content\/uploads\/2020\/12\/placa.png 1088w\" sizes=\"(max-width: 300px) 100vw, 300px\" \/><\/p>\n<p>&nbsp;<\/p>\n<p>Foto meramente ilustrativa<\/p>\n<p><strong>Especifica\u00e7\u00f5es:<\/strong><\/p>\n<p>-Modulo De Media Avaya Mm710b T1 E1<\/p>\n<p>-Built-in Channel Service Unit (CSU)<br \/>\n-Software selecion\u00e1vel para T1 ou E1 opera\u00e7\u00e3o.<br \/>\n-O cancelamento de eco<br \/>\n-D4, ESF ou CEPT framing<br \/>\n-Capacidade ISDN PRI: 23 B-channel canal D + 1 ou 30 canais D B-canal + 1<br \/>\n-AMI, ZCS, B8ZS (T1) ou HDB3 (E1) linha codeing<br \/>\n-Apoio T1 fracion\u00e1rio<br \/>\n-Compatibilidade e Requisitos:<br \/>\n-Compat\u00edvel com G350, G430, G450 e G700 Media Gateways<\/p>\n<p>-ModeloMM710B T1\/E1-Non GSA<\/p>\n<p>-Avaya MM710B T1\/E1 Media Module<\/p>\n<p>-MM710B_S7M1_VH16F50<\/p>\n<p>&nbsp;<\/p>\n","protected":false},"excerpt":{"rendered":"<p class=\"excerpt\">&nbsp; Foto meramente ilustrativa Especifica\u00e7\u00f5es: -Modulo De Media Avaya Mm710b T1 E1 -Built-in Channel Service Unit (CSU) -Software selecion\u00e1vel para T1 ou E1 opera\u00e7\u00e3o. -O cancelamento de eco -D4, ESF ou CEPT framing -Capacidade ISDN PRI: 23 B-channel canal D + 1 ou 30 canais D B-canal + 1 -AMI, ZCS, B8ZS (T1) ou HDB3 [&hellip;]<\/p>\n","protected":false},"featured_media":1642,"comment_status":"closed","ping_status":"closed","template":"","meta":[],"product_cat":[67],"product_tag":[92,93],"_links":{"self":[{"href":"https:\/\/movitronics.com.br\/store\/wp-json\/wp\/v2\/product\/1640"}],"collection":[{"href":"https:\/\/movitronics.com.br\/store\/wp-json\/wp\/v2\/product"}],"about":[{"href":"https:\/\/movitronics.com.br\/store\/wp-json\/wp\/v2\/types\/product"}],"replies":[{"embeddable":true,"href":"https:\/\/movitronics.com.br\/store\/wp-json\/wp\/v2\/comments?post=1640"}],"wp:featuredmedia":[{"embeddable":true,"href":"https:\/\/movitronics.com.br\/store\/wp-json\/wp\/v2\/media\/1642"}],"wp:attachment":[{"href":"https:\/\/movitronics.com.br\/store\/wp-json\/wp\/v2\/media?parent=1640"}],"wp:term":[{"taxonomy":"product_cat","embeddable":true,"href":"https:\/\/movitronics.com.br\/store\/wp-json\/wp\/v2\/product_cat?post=1640"},{"taxonomy":"product_tag","embeddable":true,"href":"https:\/\/movitronics.com.br\/store\/wp-json\/wp\/v2\/product_tag?post=1640"}],"curies":[{"name":"wp","href":"https:\/\/api.w.org\/{rel}","templated":true}]}}