{"id":1643,"date":"2020-12-02T14:11:48","date_gmt":"2020-12-02T17:11:48","guid":{"rendered":"https:\/\/movitronics.com.br\/store\/?post_type=product&#038;p=1643"},"modified":"2020-12-02T14:11:48","modified_gmt":"2020-12-02T17:11:48","slug":"tn2464-ds1-interface-avaya","status":"publish","type":"product","link":"https:\/\/movitronics.com.br\/store\/loja\/redes-e-telecom\/avaya\/tn2464-ds1-interface-avaya\/","title":{"rendered":"TN2464 DS1 Interface &#8211; Avaya"},"content":{"rendered":"<p><img decoding=\"async\" loading=\"lazy\" class=\"alignnone size-medium wp-image-1646\" src=\"https:\/\/movitronics.com.br\/store\/wp-content\/uploads\/2020\/12\/370845931944_20150401093822948_2_20150923102117167-300x300.png\" alt=\"\" width=\"300\" height=\"300\" srcset=\"https:\/\/movitronics.com.br\/store\/wp-content\/uploads\/2020\/12\/370845931944_20150401093822948_2_20150923102117167-300x300.png 300w, https:\/\/movitronics.com.br\/store\/wp-content\/uploads\/2020\/12\/370845931944_20150401093822948_2_20150923102117167-100x100.png 100w, https:\/\/movitronics.com.br\/store\/wp-content\/uploads\/2020\/12\/370845931944_20150401093822948_2_20150923102117167-150x150.png 150w, https:\/\/movitronics.com.br\/store\/wp-content\/uploads\/2020\/12\/370845931944_20150401093822948_2_20150923102117167.png 350w\" sizes=\"(max-width: 300px) 100vw, 300px\" \/><\/p>\n<p>&nbsp;<\/p>\n<p>Foto meramente ilustrativa<\/p>\n<p><strong>Especifica\u00e7\u00f5es:<\/strong><\/p>\n<ul>\n<li>Suporta recursos digitais T1 (24 canais) e E1 (32 canais)<\/li>\n<li>Em aplica\u00e7\u00f5es ISDN-PRI, o canal D ISDN se conecta a um controle de pacotes TN778 e \u00e0 interface do processador de pacotes TN765 (R8 ou posterior si) ou \u00e0 interface de pacotes TN1655 (R8r ou posterior) por meio do barramento LAN<\/li>\n<li>Tem a mesma funcionalidade que a TN464F, que \u00e9 apenas para os EUA e Canad\u00e1.<\/li>\n<li>Teste o acesso do conector \u00e0 linha T1 \/ E1 A-Law e m-Law administr\u00e1veis \u200b\u200ba n\u00edvel do Conselho de compress\u00e3o \/ expans\u00e3o Gera\u00e7\u00e3o e verifica\u00e7\u00e3o CRC-4 (apenas E1)<\/li>\n<li>Capacidade de rel\u00f3gio Stratum 3 Suporte para ICSU 120A Suporte para conversante<\/li>\n<li>Tipos de porta CO, TIE, DID, OPS que usam protocolo de sinaliza\u00e7\u00e3o de bit roubado, protocolo de sinaliza\u00e7\u00e3o de 24\u00ba canal de sinaliza\u00e7\u00e3o orientada a bits (BOS) ou protocolo de sinaliza\u00e7\u00e3o de 24\u00ba canal DMI-BOS<\/li>\n<li>Suporte para ANI de entrada russo<\/li>\n<\/ul>\n<pre id=\"tw-target-text\" class=\"tw-data-text tw-text-large XcVN5d tw-ta\" dir=\"ltr\" data-placeholder=\"Tradu\u00e7\u00e3o\"><\/pre>\n","protected":false},"excerpt":{"rendered":"<p class=\"excerpt\">&nbsp; Foto meramente ilustrativa Especifica\u00e7\u00f5es: Suporta recursos digitais T1 (24 canais) e E1 (32 canais) Em aplica\u00e7\u00f5es ISDN-PRI, o canal D ISDN se conecta a um controle de pacotes TN778 e \u00e0 interface do processador de pacotes TN765 (R8 ou posterior si) ou \u00e0 interface de pacotes TN1655 (R8r ou posterior) por meio do barramento [&hellip;]<\/p>\n","protected":false},"featured_media":1646,"comment_status":"closed","ping_status":"closed","template":"","meta":[],"product_cat":[67],"product_tag":[92,93],"_links":{"self":[{"href":"https:\/\/movitronics.com.br\/store\/wp-json\/wp\/v2\/product\/1643"}],"collection":[{"href":"https:\/\/movitronics.com.br\/store\/wp-json\/wp\/v2\/product"}],"about":[{"href":"https:\/\/movitronics.com.br\/store\/wp-json\/wp\/v2\/types\/product"}],"replies":[{"embeddable":true,"href":"https:\/\/movitronics.com.br\/store\/wp-json\/wp\/v2\/comments?post=1643"}],"wp:featuredmedia":[{"embeddable":true,"href":"https:\/\/movitronics.com.br\/store\/wp-json\/wp\/v2\/media\/1646"}],"wp:attachment":[{"href":"https:\/\/movitronics.com.br\/store\/wp-json\/wp\/v2\/media?parent=1643"}],"wp:term":[{"taxonomy":"product_cat","embeddable":true,"href":"https:\/\/movitronics.com.br\/store\/wp-json\/wp\/v2\/product_cat?post=1643"},{"taxonomy":"product_tag","embeddable":true,"href":"https:\/\/movitronics.com.br\/store\/wp-json\/wp\/v2\/product_tag?post=1643"}],"curies":[{"name":"wp","href":"https:\/\/api.w.org\/{rel}","templated":true}]}}