{"id":1647,"date":"2020-12-03T17:17:05","date_gmt":"2020-12-03T20:17:05","guid":{"rendered":"https:\/\/movitronics.com.br\/store\/?post_type=product&#038;p=1647"},"modified":"2020-12-03T17:17:05","modified_gmt":"2020-12-03T20:17:05","slug":"switch-cisco-gigabit-sg200-26p-12-portas-poe-e-02-sfp-rj45-seminovo","status":"publish","type":"product","link":"https:\/\/movitronics.com.br\/store\/loja\/redes-e-telecom\/cisco\/switch-cisco-gigabit-sg200-26p-12-portas-poe-e-02-sfp-rj45-seminovo\/","title":{"rendered":"SWITCH CISCO GIGABIT SG200 26P 12 PORTAS POE E 02 SFP\/RJ45 SEMINOVO"},"content":{"rendered":"<p><img decoding=\"async\" loading=\"lazy\" class=\"alignnone  wp-image-1648\" src=\"https:\/\/movitronics.com.br\/store\/wp-content\/uploads\/2020\/12\/Sem-t\u00edtulo-300x150.png\" alt=\"\" width=\"328\" height=\"164\" srcset=\"https:\/\/movitronics.com.br\/store\/wp-content\/uploads\/2020\/12\/Sem-t\u00edtulo-300x150.png 300w, https:\/\/movitronics.com.br\/store\/wp-content\/uploads\/2020\/12\/Sem-t\u00edtulo-600x300.png 600w, https:\/\/movitronics.com.br\/store\/wp-content\/uploads\/2020\/12\/Sem-t\u00edtulo.png 608w\" sizes=\"(max-width: 328px) 100vw, 328px\" \/><\/p>\n<p>Foto meramente ilustrativa<\/p>\n<p><strong>Especifica\u00e7\u00f5es:\u00a0<\/strong><\/p>\n<p><strong>&#8211; Capacidade de comuta\u00e7\u00e3o:<\/strong>\u00a038,69<br \/>\n<strong>&#8211; Capacidade de comuta\u00e7\u00e3o em Gigabits por segundo:<\/strong>\u00a052<br \/>\n<strong>&#8211; Mesa MAC:<\/strong>\u00a0At\u00e9 8.192 endere\u00e7os MAC<br \/>\n<strong>&#8211; PoE Power Budget:<\/strong>180 W<br \/>\n<strong>&#8211; N\u00famero de portas que suportam PoE:<\/strong>\u00a024<br \/>\n<strong>&#8211; PoE pr\u00e9-padr\u00e3o:\u00a0<\/strong>Suporte Cisco Pre-Standard PoE<br \/>\n<strong>&#8211; Gerenci\u00e1vel:<\/strong>\u00a0Sim<br \/>\n<strong>&#8211; Gerenciamento de energia PoE inteligente:<\/strong>\u00a0Suporte a negocia\u00e7\u00e3o de energia granular com comunica\u00e7\u00e3o CDP \/ LLDP com dispositivos PD ap\u00f3s classifica\u00e7\u00e3o IEEE<br \/>\n<strong>&#8211; Tipo de cabeamento:<\/strong>\u00a0Par tran\u00e7ado n\u00e3o blindado (UTP) Categoria 5 ou melhor para 10BASE-T \/ 100BASE-TX; UTP Categoria 5 Ethernet ou melhor para 1000BASE-T<br \/>\n<strong>&#8211; Mem\u00f3ria CPU:<\/strong>\u00a0128 MB<br \/>\n<strong>&#8211; Portas totais do sistema:<\/strong>\u00a026<br \/>\n<strong>&#8211; Portas RJ-45:<\/strong>\u00a024<br \/>\n<strong>&#8211; Portas de uplink:<\/strong>\u00a02<br \/>\n<strong>&#8211; Dimens\u00f5es (L x A x P):\u00a0<\/strong>440 x 44 x 250 mm<br \/>\n<strong>&#8211; Peso:\u00a0<\/strong>3,7 kg<\/p>\n<p>&nbsp;<\/p>\n<div><\/div>\n","protected":false},"excerpt":{"rendered":"<p class=\"excerpt\">Foto meramente ilustrativa Especifica\u00e7\u00f5es:\u00a0 &#8211; Capacidade de comuta\u00e7\u00e3o:\u00a038,69 &#8211; Capacidade de comuta\u00e7\u00e3o em Gigabits por segundo:\u00a052 &#8211; Mesa MAC:\u00a0At\u00e9 8.192 endere\u00e7os MAC &#8211; PoE Power Budget:180 W &#8211; N\u00famero de portas que suportam PoE:\u00a024 &#8211; PoE pr\u00e9-padr\u00e3o:\u00a0Suporte Cisco Pre-Standard PoE &#8211; Gerenci\u00e1vel:\u00a0Sim &#8211; Gerenciamento de energia PoE inteligente:\u00a0Suporte a negocia\u00e7\u00e3o de energia granular com comunica\u00e7\u00e3o [&hellip;]<\/p>\n","protected":false},"featured_media":1648,"comment_status":"closed","ping_status":"closed","template":"","meta":[],"product_cat":[80,66],"product_tag":[86,85,77],"_links":{"self":[{"href":"https:\/\/movitronics.com.br\/store\/wp-json\/wp\/v2\/product\/1647"}],"collection":[{"href":"https:\/\/movitronics.com.br\/store\/wp-json\/wp\/v2\/product"}],"about":[{"href":"https:\/\/movitronics.com.br\/store\/wp-json\/wp\/v2\/types\/product"}],"replies":[{"embeddable":true,"href":"https:\/\/movitronics.com.br\/store\/wp-json\/wp\/v2\/comments?post=1647"}],"wp:featuredmedia":[{"embeddable":true,"href":"https:\/\/movitronics.com.br\/store\/wp-json\/wp\/v2\/media\/1648"}],"wp:attachment":[{"href":"https:\/\/movitronics.com.br\/store\/wp-json\/wp\/v2\/media?parent=1647"}],"wp:term":[{"taxonomy":"product_cat","embeddable":true,"href":"https:\/\/movitronics.com.br\/store\/wp-json\/wp\/v2\/product_cat?post=1647"},{"taxonomy":"product_tag","embeddable":true,"href":"https:\/\/movitronics.com.br\/store\/wp-json\/wp\/v2\/product_tag?post=1647"}],"curies":[{"name":"wp","href":"https:\/\/api.w.org\/{rel}","templated":true}]}}