{"id":1778,"date":"2021-07-06T11:51:37","date_gmt":"2021-07-06T14:51:37","guid":{"rendered":"https:\/\/movitronics.com.br\/store\/?post_type=product&#038;p=1778"},"modified":"2023-11-13T18:35:14","modified_gmt":"2023-11-13T21:35:14","slug":"clicksafe-2-0-trava-com-cadeado-para-dell-slot-noble","status":"publish","type":"product","link":"https:\/\/movitronics.com.br\/store\/loja\/informatica\/travas\/clicksafe-2-0-trava-com-cadeado-para-dell-slot-noble\/","title":{"rendered":"ClickSafe\u00ae 2.0 Trava com Cadeado para Dell (Slot Noble)"},"content":{"rendered":"<p>&#8211; F\u00e1cil de usar, a trava ClickSafe\u00ae 2.0 oferece seguran\u00e7a sem esfor\u00e7o.<br \/>\n&#8211; Trava resistente que se adapta facilmente aos mais recentes notebooks e tablets Dell, que possuem conectores de trava com o padr\u00e3o Slot Noble.<br \/>\n&#8211; Possui eixo e cabo rotativo que criam maior liberdade de movimentos, eliminando \u00e2ngulos inc\u00f4modos.<br \/>\n&#8211; O cabo de a\u00e7o de carbono resiste a tentativas de cortes e pode ser fixado \u00e0 escrivaninha, mesa ou qualquer estrutura fixa.<br \/>\n&#8211; A tecnologia antirroubo Hidden Pin\u2122 garante sua inviolabilidade.<br \/>\n&#8211; O programa Register &amp; Retrieve\u2122 permite que voc\u00ea solicite chaves de reposi\u00e7\u00e3o.<br \/>\nRegister &amp; Retrieve\u2122 program offers free and secure cloud-based key replacement<\/p>\n<p><small><br \/>\nA <strong>Movitronics<\/strong> \u00e9 uma empresa distribuidora de <strong> Travas\/Cadeados<\/strong>.<br \/>\nSomos representantes da Kensington no Brasil, empresa l\u00edder internacional no segmento de perif\u00e9ricos de inform\u00e1tica.<br \/>\nPossu\u00edmos diversos modelos de <strong> Travas\/Cadeados <\/strong>.<br \/>\nSomos fornecedores de produtos de inform\u00e1tica e trabalhamos exclusivamente com vendas corporativas.<br \/>\nSe sua empresa est\u00e1 procurando produtos de inform\u00e1tica como <strong> Travas\/Cadeados <\/strong>, Teclados, Gabinetes, Mouses ou demais perif\u00e9ricos voc\u00ea pode consultar os produtos em nosso site ou solicitar um cat\u00e1logo completo.<br \/>\n<\/small><\/p>\n","protected":false},"excerpt":{"rendered":"<p class=\"excerpt\">&#8211; F\u00e1cil de usar, a trava ClickSafe\u00ae 2.0 oferece seguran\u00e7a sem esfor\u00e7o. &#8211; Trava resistente que se adapta facilmente aos mais recentes notebooks e tablets Dell, que possuem conectores de trava com o padr\u00e3o Slot Noble. &#8211; Possui eixo e cabo rotativo que criam maior liberdade de movimentos, eliminando \u00e2ngulos inc\u00f4modos. &#8211; O cabo de [&hellip;]<\/p>\n","protected":false},"featured_media":1779,"comment_status":"closed","ping_status":"closed","template":"","meta":[],"product_cat":[110],"product_tag":[102],"_links":{"self":[{"href":"https:\/\/movitronics.com.br\/store\/wp-json\/wp\/v2\/product\/1778"}],"collection":[{"href":"https:\/\/movitronics.com.br\/store\/wp-json\/wp\/v2\/product"}],"about":[{"href":"https:\/\/movitronics.com.br\/store\/wp-json\/wp\/v2\/types\/product"}],"replies":[{"embeddable":true,"href":"https:\/\/movitronics.com.br\/store\/wp-json\/wp\/v2\/comments?post=1778"}],"wp:featuredmedia":[{"embeddable":true,"href":"https:\/\/movitronics.com.br\/store\/wp-json\/wp\/v2\/media\/1779"}],"wp:attachment":[{"href":"https:\/\/movitronics.com.br\/store\/wp-json\/wp\/v2\/media?parent=1778"}],"wp:term":[{"taxonomy":"product_cat","embeddable":true,"href":"https:\/\/movitronics.com.br\/store\/wp-json\/wp\/v2\/product_cat?post=1778"},{"taxonomy":"product_tag","embeddable":true,"href":"https:\/\/movitronics.com.br\/store\/wp-json\/wp\/v2\/product_tag?post=1778"}],"curies":[{"name":"wp","href":"https:\/\/api.w.org\/{rel}","templated":true}]}}