{"id":1786,"date":"2021-07-06T13:21:51","date_gmt":"2021-07-06T16:21:51","guid":{"rendered":"https:\/\/movitronics.com.br\/store\/?post_type=product&#038;p=1786"},"modified":"2023-11-13T18:34:43","modified_gmt":"2023-11-13T21:34:43","slug":"n17-trava-com-cadeado-para-dispositivos-dell-slot-noble","status":"publish","type":"product","link":"https:\/\/movitronics.com.br\/store\/loja\/informatica\/travas\/n17-trava-com-cadeado-para-dispositivos-dell-slot-noble\/","title":{"rendered":"N17 Trava com Cadeado para Dispositivos Dell (Slot Noble)"},"content":{"rendered":"<ul>\n<li>&#8211; Trava resistente que se adapta facilmente aos mais recentes notebooks e tablets Dell, que possuem conectores de trava com o padr\u00e3o Noble.<\/li>\n<li>&#8211; A fixa\u00e7\u00e3o exclusiva da trava cria uma forte conex\u00e3o entre o cabe\u00e7ote e o conector.<\/li>\n<li>&#8211; O cabo de a\u00e7o de carbono resiste a tentativas de cortes e pode ser fixado \u00e0 escrivaninha, mesa ou qualquer estrutura fixa.<\/li>\n<li>&#8211; Eixo e cabo rotativo que criam maior liberdade de movimentos, eliminando \u00e2ngulos inc\u00f4modos, permitindo inserir sua chave com mais facilidade.<\/li>\n<li>&#8211; A tecnologia antirroubo Hidden Pin\u2122 garante sua inviolabilidade.<\/li>\n<\/ul>\n<p><small><br \/>\nA <strong>Movitronics<\/strong> \u00e9 uma empresa distribuidora de <strong> Travas\/Cadeados<\/strong>.<br \/>\nSomos representantes da Kensington no Brasil, empresa l\u00edder internacional no segmento de perif\u00e9ricos de inform\u00e1tica.<br \/>\nPossu\u00edmos diversos modelos de <strong> Travas\/Cadeados <\/strong>.<br \/>\nSomos fornecedores de produtos de inform\u00e1tica e trabalhamos exclusivamente com vendas corporativas.<br \/>\nSe sua empresa est\u00e1 procurando produtos de inform\u00e1tica como <strong> Travas\/Cadeados <\/strong>, Teclados, Gabinetes, Mouses ou demais perif\u00e9ricos voc\u00ea pode consultar os produtos em nosso site ou solicitar um cat\u00e1logo completo.<br \/>\n<\/small><\/p>\n","protected":false},"excerpt":{"rendered":"<p class=\"excerpt\">&#8211; Trava resistente que se adapta facilmente aos mais recentes notebooks e tablets Dell, que possuem conectores de trava com o padr\u00e3o Noble. &#8211; A fixa\u00e7\u00e3o exclusiva da trava cria uma forte conex\u00e3o entre o cabe\u00e7ote e o conector. &#8211; O cabo de a\u00e7o de carbono resiste a tentativas de cortes e pode ser fixado [&hellip;]<\/p>\n","protected":false},"featured_media":1787,"comment_status":"closed","ping_status":"closed","template":"","meta":[],"product_cat":[110],"product_tag":[102],"_links":{"self":[{"href":"https:\/\/movitronics.com.br\/store\/wp-json\/wp\/v2\/product\/1786"}],"collection":[{"href":"https:\/\/movitronics.com.br\/store\/wp-json\/wp\/v2\/product"}],"about":[{"href":"https:\/\/movitronics.com.br\/store\/wp-json\/wp\/v2\/types\/product"}],"replies":[{"embeddable":true,"href":"https:\/\/movitronics.com.br\/store\/wp-json\/wp\/v2\/comments?post=1786"}],"wp:featuredmedia":[{"embeddable":true,"href":"https:\/\/movitronics.com.br\/store\/wp-json\/wp\/v2\/media\/1787"}],"wp:attachment":[{"href":"https:\/\/movitronics.com.br\/store\/wp-json\/wp\/v2\/media?parent=1786"}],"wp:term":[{"taxonomy":"product_cat","embeddable":true,"href":"https:\/\/movitronics.com.br\/store\/wp-json\/wp\/v2\/product_cat?post=1786"},{"taxonomy":"product_tag","embeddable":true,"href":"https:\/\/movitronics.com.br\/store\/wp-json\/wp\/v2\/product_tag?post=1786"}],"curies":[{"name":"wp","href":"https:\/\/api.w.org\/{rel}","templated":true}]}}