{"id":1790,"date":"2021-07-06T13:28:40","date_gmt":"2021-07-06T16:28:40","guid":{"rendered":"https:\/\/movitronics.com.br\/store\/?post_type=product&#038;p=1790"},"modified":"2023-11-13T18:33:22","modified_gmt":"2023-11-13T21:33:22","slug":"minisaver-trava-com-cadeado","status":"publish","type":"product","link":"https:\/\/movitronics.com.br\/store\/loja\/informatica\/travas\/minisaver-trava-com-cadeado\/","title":{"rendered":"MiniSaver\u00ae Trava com Cadeado"},"content":{"rendered":"<p>&#8211; Tecnologia Cleat\u2122 usando garras com uma forte liga\u00e7\u00e3o entre o dispositivo e o bloqueio.<br \/>\n&#8211; F\u00e1cil instala\u00e7\u00e3o da trava operando com apenas uma m\u00e3o.<br \/>\n&#8211; Traz o corpo da trava recuado para liberar espa\u00e7o valioso de acessibilidade para outros dispositivos.<br \/>\n&#8211; Cabo de a\u00e7o anticorte com suporte para prender em qualquer estrutura fixa.<\/p>\n<p><small><br \/>\nA <strong>Movitronics<\/strong> \u00e9 uma empresa distribuidora de <strong> Travas\/Cadeados<\/strong>.<br \/>\nSomos representantes da Kensington no Brasil, empresa l\u00edder internacional no segmento de perif\u00e9ricos de inform\u00e1tica.<br \/>\nPossu\u00edmos diversos modelos de <strong> Travas\/Cadeados <\/strong>.<br \/>\nSomos fornecedores de produtos de inform\u00e1tica e trabalhamos exclusivamente com vendas corporativas.<br \/>\nSe sua empresa est\u00e1 procurando produtos de inform\u00e1tica como <strong> Travas\/Cadeados <\/strong>, Teclados, Gabinetes, Mouses ou demais perif\u00e9ricos voc\u00ea pode consultar os produtos em nosso site ou solicitar um cat\u00e1logo completo.<br \/>\n<\/small><\/p>\n","protected":false},"excerpt":{"rendered":"<p class=\"excerpt\">&#8211; Tecnologia Cleat\u2122 usando garras com uma forte liga\u00e7\u00e3o entre o dispositivo e o bloqueio. &#8211; F\u00e1cil instala\u00e7\u00e3o da trava operando com apenas uma m\u00e3o. &#8211; Traz o corpo da trava recuado para liberar espa\u00e7o valioso de acessibilidade para outros dispositivos. &#8211; Cabo de a\u00e7o anticorte com suporte para prender em qualquer estrutura fixa. A [&hellip;]<\/p>\n","protected":false},"featured_media":1791,"comment_status":"closed","ping_status":"closed","template":"","meta":[],"product_cat":[110],"product_tag":[102],"_links":{"self":[{"href":"https:\/\/movitronics.com.br\/store\/wp-json\/wp\/v2\/product\/1790"}],"collection":[{"href":"https:\/\/movitronics.com.br\/store\/wp-json\/wp\/v2\/product"}],"about":[{"href":"https:\/\/movitronics.com.br\/store\/wp-json\/wp\/v2\/types\/product"}],"replies":[{"embeddable":true,"href":"https:\/\/movitronics.com.br\/store\/wp-json\/wp\/v2\/comments?post=1790"}],"wp:featuredmedia":[{"embeddable":true,"href":"https:\/\/movitronics.com.br\/store\/wp-json\/wp\/v2\/media\/1791"}],"wp:attachment":[{"href":"https:\/\/movitronics.com.br\/store\/wp-json\/wp\/v2\/media?parent=1790"}],"wp:term":[{"taxonomy":"product_cat","embeddable":true,"href":"https:\/\/movitronics.com.br\/store\/wp-json\/wp\/v2\/product_cat?post=1790"},{"taxonomy":"product_tag","embeddable":true,"href":"https:\/\/movitronics.com.br\/store\/wp-json\/wp\/v2\/product_tag?post=1790"}],"curies":[{"name":"wp","href":"https:\/\/api.w.org\/{rel}","templated":true}]}}