{"id":1795,"date":"2021-07-06T14:14:34","date_gmt":"2021-07-06T17:14:34","guid":{"rendered":"https:\/\/movitronics.com.br\/store\/?post_type=product&#038;p=1795"},"modified":"2023-11-13T18:33:10","modified_gmt":"2023-11-13T21:33:10","slug":"trava-dupla-com-cadeado-para-surface-pro","status":"publish","type":"product","link":"https:\/\/movitronics.com.br\/store\/loja\/informatica\/travas\/trava-dupla-com-cadeado-para-surface-pro\/","title":{"rendered":"Trava Dupla com Cadeado para Surface Pro"},"content":{"rendered":"<p>A Kensington trabalhou diretamente com a Microsoft\u00ae para fornecer seguran\u00e7a de n\u00edvel profissional e envolvimento de dispositivo superior, para que voc\u00ea possa proteger seu Surface Pro ou Surface Go com confian\u00e7a.<\/p>\n<p><small><br \/>\nA <strong>Movitronics<\/strong> \u00e9 uma empresa distribuidora de <strong> Travas\/Cadeados<\/strong>.<br \/>\nSomos representantes da Kensington no Brasil, empresa l\u00edder internacional no segmento de perif\u00e9ricos de inform\u00e1tica.<br \/>\nPossu\u00edmos diversos modelos de <strong> Travas\/Cadeados <\/strong>.<br \/>\nSomos fornecedores de produtos de inform\u00e1tica e trabalhamos exclusivamente com vendas corporativas.<br \/>\nSe sua empresa est\u00e1 procurando produtos de inform\u00e1tica como <strong> Travas\/Cadeados <\/strong>, Teclados, Gabinetes, Mouses ou demais perif\u00e9ricos voc\u00ea pode consultar os produtos em nosso site ou solicitar um cat\u00e1logo completo.<br \/>\n<\/small><\/p>\n","protected":false},"excerpt":{"rendered":"<p class=\"excerpt\">A Kensington trabalhou diretamente com a Microsoft\u00ae para fornecer seguran\u00e7a de n\u00edvel profissional e envolvimento de dispositivo superior, para que voc\u00ea possa proteger seu Surface Pro ou Surface Go com confian\u00e7a. A Movitronics \u00e9 uma empresa distribuidora de Travas\/Cadeados. Somos representantes da Kensington no Brasil, empresa l\u00edder internacional no segmento de perif\u00e9ricos de inform\u00e1tica. Possu\u00edmos [&hellip;]<\/p>\n","protected":false},"featured_media":1796,"comment_status":"closed","ping_status":"closed","template":"","meta":[],"product_cat":[110],"product_tag":[102],"_links":{"self":[{"href":"https:\/\/movitronics.com.br\/store\/wp-json\/wp\/v2\/product\/1795"}],"collection":[{"href":"https:\/\/movitronics.com.br\/store\/wp-json\/wp\/v2\/product"}],"about":[{"href":"https:\/\/movitronics.com.br\/store\/wp-json\/wp\/v2\/types\/product"}],"replies":[{"embeddable":true,"href":"https:\/\/movitronics.com.br\/store\/wp-json\/wp\/v2\/comments?post=1795"}],"wp:featuredmedia":[{"embeddable":true,"href":"https:\/\/movitronics.com.br\/store\/wp-json\/wp\/v2\/media\/1796"}],"wp:attachment":[{"href":"https:\/\/movitronics.com.br\/store\/wp-json\/wp\/v2\/media?parent=1795"}],"wp:term":[{"taxonomy":"product_cat","embeddable":true,"href":"https:\/\/movitronics.com.br\/store\/wp-json\/wp\/v2\/product_cat?post=1795"},{"taxonomy":"product_tag","embeddable":true,"href":"https:\/\/movitronics.com.br\/store\/wp-json\/wp\/v2\/product_tag?post=1795"}],"curies":[{"name":"wp","href":"https:\/\/api.w.org\/{rel}","templated":true}]}}