{"id":1799,"date":"2021-07-06T14:19:51","date_gmt":"2021-07-06T17:19:51","guid":{"rendered":"https:\/\/movitronics.com.br\/store\/?post_type=product&#038;p=1799"},"modified":"2023-11-13T18:33:00","modified_gmt":"2023-11-13T21:33:00","slug":"microsaver-2-0-trava-dupla-com-cadeado","status":"publish","type":"product","link":"https:\/\/movitronics.com.br\/store\/loja\/informatica\/travas\/microsaver-2-0-trava-dupla-com-cadeado\/","title":{"rendered":"MicroSaver\u00ae 2.0 Trava Dupla com Cadeado"},"content":{"rendered":"<p>&#8211; A trava Microsaver\u00ae 2.0 com dois cabe\u00e7otes permite ao usu\u00e1rio proteger seu notebook e mais um acess\u00f3rio.<br \/>\n&#8211; A trava de 10mm oferece seguran\u00e7a at\u00e9 para os mais finos notebooks e dispositivos.<br \/>\n&#8211; Eixo e cabo rotativo que criam maior liberdade de movimentos, eliminando \u00e2ngulos inc\u00f4modos, permitindo inserir a chave com mais facilidade.<br \/>\n&#8211; Prende-se ao Kensington Security Slot\u2122 encontrado na maioria dos notebooks.<br \/>\n&#8211; O cabo de a\u00e7o de carbono resiste a tentativas de cortes e pode ser fixado \u00e0 escrivaninha, mesa ou qualquer estrutura fixa.<br \/>\n&#8211; A tecnologia antirroubo Hidden Pin\u2122 garante sua inviolabilidade.<\/p>\n<p><small><br \/>\nA <strong>Movitronics<\/strong> \u00e9 uma empresa distribuidora de <strong> Travas\/Cadeados<\/strong>.<br \/>\nSomos representantes da Kensington no Brasil, empresa l\u00edder internacional no segmento de perif\u00e9ricos de inform\u00e1tica.<br \/>\nPossu\u00edmos diversos modelos de <strong> Travas\/Cadeados <\/strong>.<br \/>\nSomos fornecedores de produtos de inform\u00e1tica e trabalhamos exclusivamente com vendas corporativas.<br \/>\nSe sua empresa est\u00e1 procurando produtos de inform\u00e1tica como <strong> Travas\/Cadeados <\/strong>, Teclados, Gabinetes, Mouses ou demais perif\u00e9ricos voc\u00ea pode consultar os produtos em nosso site ou solicitar um cat\u00e1logo completo.<br \/>\n<\/small><\/p>\n","protected":false},"excerpt":{"rendered":"<p class=\"excerpt\">&#8211; A trava Microsaver\u00ae 2.0 com dois cabe\u00e7otes permite ao usu\u00e1rio proteger seu notebook e mais um acess\u00f3rio. &#8211; A trava de 10mm oferece seguran\u00e7a at\u00e9 para os mais finos notebooks e dispositivos. &#8211; Eixo e cabo rotativo que criam maior liberdade de movimentos, eliminando \u00e2ngulos inc\u00f4modos, permitindo inserir a chave com mais facilidade. &#8211; [&hellip;]<\/p>\n","protected":false},"featured_media":1800,"comment_status":"closed","ping_status":"closed","template":"","meta":[],"product_cat":[110],"product_tag":[102],"_links":{"self":[{"href":"https:\/\/movitronics.com.br\/store\/wp-json\/wp\/v2\/product\/1799"}],"collection":[{"href":"https:\/\/movitronics.com.br\/store\/wp-json\/wp\/v2\/product"}],"about":[{"href":"https:\/\/movitronics.com.br\/store\/wp-json\/wp\/v2\/types\/product"}],"replies":[{"embeddable":true,"href":"https:\/\/movitronics.com.br\/store\/wp-json\/wp\/v2\/comments?post=1799"}],"wp:featuredmedia":[{"embeddable":true,"href":"https:\/\/movitronics.com.br\/store\/wp-json\/wp\/v2\/media\/1800"}],"wp:attachment":[{"href":"https:\/\/movitronics.com.br\/store\/wp-json\/wp\/v2\/media?parent=1799"}],"wp:term":[{"taxonomy":"product_cat","embeddable":true,"href":"https:\/\/movitronics.com.br\/store\/wp-json\/wp\/v2\/product_cat?post=1799"},{"taxonomy":"product_tag","embeddable":true,"href":"https:\/\/movitronics.com.br\/store\/wp-json\/wp\/v2\/product_tag?post=1799"}],"curies":[{"name":"wp","href":"https:\/\/api.w.org\/{rel}","templated":true}]}}