{"id":1811,"date":"2021-07-06T14:38:18","date_gmt":"2021-07-06T17:38:18","guid":{"rendered":"https:\/\/movitronics.com.br\/store\/?post_type=product&#038;p=1811"},"modified":"2023-11-13T18:41:28","modified_gmt":"2023-11-13T21:41:28","slug":"nanosaver-trava-dupla-com-cadeado","status":"publish","type":"product","link":"https:\/\/movitronics.com.br\/store\/loja\/informatica\/travas\/nanosaver-trava-dupla-com-cadeado\/","title":{"rendered":"NanoSaver\u00ae Trava Dupla com Cadeado"},"content":{"rendered":"<p>&#8211; A trava NanoSaver\u2122 com dois cabe\u00e7otes permite ao usu\u00e1rio proteger um notebooks ultrafino ou tablet e mais um acess\u00f3rio.<br \/>\n&#8211; Eixo e cabo rotativo que criam maior liberdade de movimentos, eliminando \u00e2ngulos inc\u00f4modos, permitindo inserir a sua chave com mais facilidade.<br \/>\n&#8211; O cabo de a\u00e7o de carbono resiste a tentativas de cortes e pode ser fixado \u00e0 escrivaninha, mesa ou qualquer estrutura fixa.<br \/>\n&#8211; Prende-se ao Kensington Nano Security Slot\u2122.<br \/>\n&#8211; A tecnologia antirroubo Hidden Pin\u2122 garante sua inviolabilidade.<\/p>\n<p><small><br \/>\nA <strong>Movitronics<\/strong> \u00e9 uma empresa distribuidora de <strong> Travas\/Cadeados<\/strong>.<br \/>\nSomos representantes da Kensington no Brasil, empresa l\u00edder internacional no segmento de perif\u00e9ricos de inform\u00e1tica.<br \/>\nPossu\u00edmos diversos modelos de <strong> Travas\/Cadeados <\/strong>.<br \/>\nSomos fornecedores de produtos de inform\u00e1tica e trabalhamos exclusivamente com vendas corporativas.<br \/>\nSe sua empresa est\u00e1 procurando produtos de inform\u00e1tica como <strong> Travas\/Cadeados <\/strong>, Teclados, Gabinetes, Mouses ou demais perif\u00e9ricos voc\u00ea pode consultar os produtos em nosso site ou solicitar um cat\u00e1logo completo.<br \/>\n<\/small><\/p>\n","protected":false},"excerpt":{"rendered":"<p class=\"excerpt\">&#8211; A trava NanoSaver\u2122 com dois cabe\u00e7otes permite ao usu\u00e1rio proteger um notebooks ultrafino ou tablet e mais um acess\u00f3rio. &#8211; Eixo e cabo rotativo que criam maior liberdade de movimentos, eliminando \u00e2ngulos inc\u00f4modos, permitindo inserir a sua chave com mais facilidade. &#8211; O cabo de a\u00e7o de carbono resiste a tentativas de cortes e [&hellip;]<\/p>\n","protected":false},"featured_media":1812,"comment_status":"closed","ping_status":"closed","template":"","meta":[],"product_cat":[110],"product_tag":[102],"_links":{"self":[{"href":"https:\/\/movitronics.com.br\/store\/wp-json\/wp\/v2\/product\/1811"}],"collection":[{"href":"https:\/\/movitronics.com.br\/store\/wp-json\/wp\/v2\/product"}],"about":[{"href":"https:\/\/movitronics.com.br\/store\/wp-json\/wp\/v2\/types\/product"}],"replies":[{"embeddable":true,"href":"https:\/\/movitronics.com.br\/store\/wp-json\/wp\/v2\/comments?post=1811"}],"wp:featuredmedia":[{"embeddable":true,"href":"https:\/\/movitronics.com.br\/store\/wp-json\/wp\/v2\/media\/1812"}],"wp:attachment":[{"href":"https:\/\/movitronics.com.br\/store\/wp-json\/wp\/v2\/media?parent=1811"}],"wp:term":[{"taxonomy":"product_cat","embeddable":true,"href":"https:\/\/movitronics.com.br\/store\/wp-json\/wp\/v2\/product_cat?post=1811"},{"taxonomy":"product_tag","embeddable":true,"href":"https:\/\/movitronics.com.br\/store\/wp-json\/wp\/v2\/product_tag?post=1811"}],"curies":[{"name":"wp","href":"https:\/\/api.w.org\/{rel}","templated":true}]}}