{"id":1813,"date":"2021-07-06T14:42:47","date_gmt":"2021-07-06T17:42:47","guid":{"rendered":"https:\/\/movitronics.com.br\/store\/?post_type=product&#038;p=1813"},"modified":"2023-11-13T18:41:22","modified_gmt":"2023-11-13T21:41:22","slug":"clicksafe-2-0-trava-com-cadeado-para-nano-slot","status":"publish","type":"product","link":"https:\/\/movitronics.com.br\/store\/loja\/informatica\/travas\/clicksafe-2-0-trava-com-cadeado-para-nano-slot\/","title":{"rendered":"ClickSafe\u00ae 2.0 Trava com Cadeado para Nano Slot"},"content":{"rendered":"<p>&#8211; Tecnologia antiderrapante.<br \/>\n&#8211; Eixo e cabo rotativos para maior liberdade de movimentos.<br \/>\n&#8211; Cabo de a\u00e7o de carbono resiste a tentativas de cortes.<br \/>\n&#8211; Tecnologia antirroubo Hidden Pin\u00ae, que garante inviolabilidade.<br \/>\n&#8211; Programa Register &amp; Retrieve\u00ae para solicitar chaves de reposi\u00e7\u00e3o.<\/p>\n<p><small><br \/>\nA <strong>Movitronics<\/strong> \u00e9 uma empresa distribuidora de <strong> Travas\/Cadeados<\/strong>.<br \/>\nSomos representantes da Kensington no Brasil, empresa l\u00edder internacional no segmento de perif\u00e9ricos de inform\u00e1tica.<br \/>\nPossu\u00edmos diversos modelos de <strong> Travas\/Cadeados <\/strong>.<br \/>\nSomos fornecedores de produtos de inform\u00e1tica e trabalhamos exclusivamente com vendas corporativas.<br \/>\nSe sua empresa est\u00e1 procurando produtos de inform\u00e1tica como <strong> Travas\/Cadeados <\/strong>, Teclados, Gabinetes, Mouses ou demais perif\u00e9ricos voc\u00ea pode consultar os produtos em nosso site ou solicitar um cat\u00e1logo completo.<br \/>\n<\/small><\/p>\n","protected":false},"excerpt":{"rendered":"<p class=\"excerpt\">&#8211; Tecnologia antiderrapante. &#8211; Eixo e cabo rotativos para maior liberdade de movimentos. &#8211; Cabo de a\u00e7o de carbono resiste a tentativas de cortes. &#8211; Tecnologia antirroubo Hidden Pin\u00ae, que garante inviolabilidade. &#8211; Programa Register &amp; Retrieve\u00ae para solicitar chaves de reposi\u00e7\u00e3o. A Movitronics \u00e9 uma empresa distribuidora de Travas\/Cadeados. Somos representantes da Kensington no [&hellip;]<\/p>\n","protected":false},"featured_media":1815,"comment_status":"closed","ping_status":"closed","template":"","meta":[],"product_cat":[110],"product_tag":[102],"_links":{"self":[{"href":"https:\/\/movitronics.com.br\/store\/wp-json\/wp\/v2\/product\/1813"}],"collection":[{"href":"https:\/\/movitronics.com.br\/store\/wp-json\/wp\/v2\/product"}],"about":[{"href":"https:\/\/movitronics.com.br\/store\/wp-json\/wp\/v2\/types\/product"}],"replies":[{"embeddable":true,"href":"https:\/\/movitronics.com.br\/store\/wp-json\/wp\/v2\/comments?post=1813"}],"wp:featuredmedia":[{"embeddable":true,"href":"https:\/\/movitronics.com.br\/store\/wp-json\/wp\/v2\/media\/1815"}],"wp:attachment":[{"href":"https:\/\/movitronics.com.br\/store\/wp-json\/wp\/v2\/media?parent=1813"}],"wp:term":[{"taxonomy":"product_cat","embeddable":true,"href":"https:\/\/movitronics.com.br\/store\/wp-json\/wp\/v2\/product_cat?post=1813"},{"taxonomy":"product_tag","embeddable":true,"href":"https:\/\/movitronics.com.br\/store\/wp-json\/wp\/v2\/product_tag?post=1813"}],"curies":[{"name":"wp","href":"https:\/\/api.w.org\/{rel}","templated":true}]}}