{"id":1816,"date":"2021-07-06T14:45:14","date_gmt":"2021-07-06T17:45:14","guid":{"rendered":"https:\/\/movitronics.com.br\/store\/?post_type=product&#038;p=1816"},"modified":"2023-11-13T18:42:50","modified_gmt":"2023-11-13T21:42:50","slug":"microsaver-trava-duo-com-cadeado","status":"publish","type":"product","link":"https:\/\/movitronics.com.br\/store\/loja\/informatica\/travas\/microsaver-trava-duo-com-cadeado\/","title":{"rendered":"MicroSaver\u00ae Trava Duo com Cadeado"},"content":{"rendered":"<p>&#8211; A tradicional trava MicroSaver\u00ae com dois cabe\u00e7otes permite ao usu\u00e1rio proteger seu notebook e mais um acess\u00f3rio.<br \/>\n&#8211; A tecnologia antirroubo Hidden Pin\u2122 garante sua inviolabilidade.<br \/>\n&#8211; A tecnologia Tamper Evident\u2122 vai alert\u00e1-lo quando algu\u00e9m tentar roubar o seu dispositivo.<\/p>\n<p><small><br \/>\nA <strong>Movitronics<\/strong> \u00e9 uma empresa distribuidora de <strong> Travas\/Cadeados<\/strong>.<br \/>\nSomos representantes da Kensington no Brasil, empresa l\u00edder internacional no segmento de perif\u00e9ricos de inform\u00e1tica.<br \/>\nPossu\u00edmos diversos modelos de <strong> Travas\/Cadeados <\/strong>.<br \/>\nSomos fornecedores de produtos de inform\u00e1tica e trabalhamos exclusivamente com vendas corporativas.<br \/>\nSe sua empresa est\u00e1 procurando produtos de inform\u00e1tica como <strong> Travas\/Cadeados <\/strong>, Teclados, Gabinetes, Mouses ou demais perif\u00e9ricos voc\u00ea pode consultar os produtos em nosso site ou solicitar um cat\u00e1logo completo.<br \/>\n<\/small><\/p>\n","protected":false},"excerpt":{"rendered":"<p class=\"excerpt\">&#8211; A tradicional trava MicroSaver\u00ae com dois cabe\u00e7otes permite ao usu\u00e1rio proteger seu notebook e mais um acess\u00f3rio. &#8211; A tecnologia antirroubo Hidden Pin\u2122 garante sua inviolabilidade. &#8211; A tecnologia Tamper Evident\u2122 vai alert\u00e1-lo quando algu\u00e9m tentar roubar o seu dispositivo. A Movitronics \u00e9 uma empresa distribuidora de Travas\/Cadeados. Somos representantes da Kensington no Brasil, [&hellip;]<\/p>\n","protected":false},"featured_media":1817,"comment_status":"closed","ping_status":"closed","template":"","meta":[],"product_cat":[110],"product_tag":[102],"_links":{"self":[{"href":"https:\/\/movitronics.com.br\/store\/wp-json\/wp\/v2\/product\/1816"}],"collection":[{"href":"https:\/\/movitronics.com.br\/store\/wp-json\/wp\/v2\/product"}],"about":[{"href":"https:\/\/movitronics.com.br\/store\/wp-json\/wp\/v2\/types\/product"}],"replies":[{"embeddable":true,"href":"https:\/\/movitronics.com.br\/store\/wp-json\/wp\/v2\/comments?post=1816"}],"wp:featuredmedia":[{"embeddable":true,"href":"https:\/\/movitronics.com.br\/store\/wp-json\/wp\/v2\/media\/1817"}],"wp:attachment":[{"href":"https:\/\/movitronics.com.br\/store\/wp-json\/wp\/v2\/media?parent=1816"}],"wp:term":[{"taxonomy":"product_cat","embeddable":true,"href":"https:\/\/movitronics.com.br\/store\/wp-json\/wp\/v2\/product_cat?post=1816"},{"taxonomy":"product_tag","embeddable":true,"href":"https:\/\/movitronics.com.br\/store\/wp-json\/wp\/v2\/product_tag?post=1816"}],"curies":[{"name":"wp","href":"https:\/\/api.w.org\/{rel}","templated":true}]}}