{"id":1822,"date":"2021-07-06T15:01:42","date_gmt":"2021-07-06T18:01:42","guid":{"rendered":"https:\/\/movitronics.com.br\/store\/?post_type=product&#038;p=1822"},"modified":"2023-11-13T18:39:45","modified_gmt":"2023-11-13T21:39:45","slug":"gabinete-carregador-e-sincronizador-universal","status":"publish","type":"product","link":"https:\/\/movitronics.com.br\/store\/loja\/informatica\/carregadores\/gabinete-carregador-e-sincronizador-universal\/","title":{"rendered":"Gabinete Carregador e Sincronizador Universal"},"content":{"rendered":"<p>&#8211; Compat\u00edvel com tablets iOS, Android\u2122 e Microsoft Surface\u2122 3.<br \/>\n&#8211; Capaz de carregar e sincronizar at\u00e9 10 tablets.<br \/>\n&#8211; Cooler embutido para resfriar seus tablets.<br \/>\n&#8211; Pode ser parafusado a uma superf\u00edcie plana mantendo seus tablets em seguran\u00e7a.<br \/>\n&#8211; Possui duas chaves inclusas.<\/p>\n<p><small><br \/>\nA <strong>Movitronics<\/strong> \u00e9 uma empresa distribuidora de <strong>Gabinetes de Carregamento<\/strong>.<br \/>\nSomos representantes da Kensington no Brasil, empresa l\u00edder internacional no segmento de perif\u00e9ricos de inform\u00e1tica.<br \/>\nPossu\u00edmos diversos modelos de <strong>Gabinetes<\/strong>.<br \/>\nSomos fornecedores de produtos de inform\u00e1tica e trabalhamos exclusivamente com vendas corporativas.<br \/>\nSe sua empresa est\u00e1 procurando produtos de inform\u00e1tica como <strong>Gabinetes<\/strong>, Teclados, Gabinetes, Mouses, Travas e cadeados ou demais perif\u00e9ricos voc\u00ea pode consultar os produtos em nosso site ou solicitar um cat\u00e1logo completo.<br \/>\n<\/small><\/p>\n","protected":false},"excerpt":{"rendered":"<p class=\"excerpt\">&#8211; Compat\u00edvel com tablets iOS, Android\u2122 e Microsoft Surface\u2122 3. &#8211; Capaz de carregar e sincronizar at\u00e9 10 tablets. &#8211; Cooler embutido para resfriar seus tablets. &#8211; Pode ser parafusado a uma superf\u00edcie plana mantendo seus tablets em seguran\u00e7a. &#8211; Possui duas chaves inclusas. A Movitronics \u00e9 uma empresa distribuidora de Gabinetes de Carregamento. Somos [&hellip;]<\/p>\n","protected":false},"featured_media":1823,"comment_status":"closed","ping_status":"closed","template":"","meta":[],"product_cat":[108],"product_tag":[102],"_links":{"self":[{"href":"https:\/\/movitronics.com.br\/store\/wp-json\/wp\/v2\/product\/1822"}],"collection":[{"href":"https:\/\/movitronics.com.br\/store\/wp-json\/wp\/v2\/product"}],"about":[{"href":"https:\/\/movitronics.com.br\/store\/wp-json\/wp\/v2\/types\/product"}],"replies":[{"embeddable":true,"href":"https:\/\/movitronics.com.br\/store\/wp-json\/wp\/v2\/comments?post=1822"}],"wp:featuredmedia":[{"embeddable":true,"href":"https:\/\/movitronics.com.br\/store\/wp-json\/wp\/v2\/media\/1823"}],"wp:attachment":[{"href":"https:\/\/movitronics.com.br\/store\/wp-json\/wp\/v2\/media?parent=1822"}],"wp:term":[{"taxonomy":"product_cat","embeddable":true,"href":"https:\/\/movitronics.com.br\/store\/wp-json\/wp\/v2\/product_cat?post=1822"},{"taxonomy":"product_tag","embeddable":true,"href":"https:\/\/movitronics.com.br\/store\/wp-json\/wp\/v2\/product_tag?post=1822"}],"curies":[{"name":"wp","href":"https:\/\/api.w.org\/{rel}","templated":true}]}}