{"id":1826,"date":"2021-07-06T15:08:38","date_gmt":"2021-07-06T18:08:38","guid":{"rendered":"https:\/\/movitronics.com.br\/store\/?post_type=product&#038;p=1826"},"modified":"2021-07-26T23:33:25","modified_gmt":"2021-07-27T02:33:25","slug":"armario-de-seguridad-y-carga-ac32-de-32-bahias","status":"publish","type":"product","link":"https:\/\/movitronics.com.br\/store\/loja\/informatica\/carregadores\/armario-de-seguridad-y-carga-ac32-de-32-bahias\/","title":{"rendered":"Armario de seguridad y carga AC32 de 32 bah\u00edas"},"content":{"rendered":"<p>Carregue, transporte, bloqueie e armazene de maneira conveniente e f\u00e1cil at\u00e9 32 dispositivos (at\u00e9 15,6 &#8220;cada).<\/p>\n<p>&nbsp;<\/p>\n","protected":false},"excerpt":{"rendered":"<p class=\"excerpt\">Carregue, transporte, bloqueie e armazene de maneira conveniente e f\u00e1cil at\u00e9 32 dispositivos (at\u00e9 15,6 &#8220;cada). &nbsp;<\/p>\n","protected":false},"featured_media":1827,"comment_status":"closed","ping_status":"closed","template":"","meta":[],"product_cat":[108],"product_tag":[102],"_links":{"self":[{"href":"https:\/\/movitronics.com.br\/store\/wp-json\/wp\/v2\/product\/1826"}],"collection":[{"href":"https:\/\/movitronics.com.br\/store\/wp-json\/wp\/v2\/product"}],"about":[{"href":"https:\/\/movitronics.com.br\/store\/wp-json\/wp\/v2\/types\/product"}],"replies":[{"embeddable":true,"href":"https:\/\/movitronics.com.br\/store\/wp-json\/wp\/v2\/comments?post=1826"}],"wp:featuredmedia":[{"embeddable":true,"href":"https:\/\/movitronics.com.br\/store\/wp-json\/wp\/v2\/media\/1827"}],"wp:attachment":[{"href":"https:\/\/movitronics.com.br\/store\/wp-json\/wp\/v2\/media?parent=1826"}],"wp:term":[{"taxonomy":"product_cat","embeddable":true,"href":"https:\/\/movitronics.com.br\/store\/wp-json\/wp\/v2\/product_cat?post=1826"},{"taxonomy":"product_tag","embeddable":true,"href":"https:\/\/movitronics.com.br\/store\/wp-json\/wp\/v2\/product_tag?post=1826"}],"curies":[{"name":"wp","href":"https:\/\/api.w.org\/{rel}","templated":true}]}}