{"id":1828,"date":"2021-07-06T15:12:13","date_gmt":"2021-07-06T18:12:13","guid":{"rendered":"https:\/\/movitronics.com.br\/store\/?post_type=product&#038;p=1828"},"modified":"2023-11-13T18:39:38","modified_gmt":"2023-11-13T21:39:38","slug":"gabinete-carregamento-universal-chromebook-e-tablet-127v","status":"publish","type":"product","link":"https:\/\/movitronics.com.br\/store\/loja\/informatica\/carregadores\/gabinete-carregamento-universal-chromebook-e-tablet-127v\/","title":{"rendered":"Gabinete Carregamento Universal Chromebook\u2122 e Tablet &#8211; 127V"},"content":{"rendered":"<p>Suporta at\u00e9 12 dispositivos para carregamento e armazenamento em seguran\u00e7a.<br \/>\nCompat\u00edvel com Chromebook\u2122, Surface\u2122, MacBook Air\u00ae, iPad\u00ae, Galaxy\u00ae Tab, notebook ou outros dispositivos.<br \/>\nAdapta-se com seguran\u00e7a a uma parede ou balc\u00e3o com a placa de montagem inclusa ou com o Kit de seguran\u00e7a para desktop e perif\u00e9ricos (vendido separadamente).<br \/>\nFiltro de linha para o cabo de energia de cada dispositivo.<br \/>\nFiltro de linha para o cabo de energia de cada dispositivo.<br \/>\nChaves de trava inclusas.<\/p>\n<p><small><br \/>\nA <strong>Movitronics<\/strong> \u00e9 uma empresa distribuidora de <strong>Gabinetes<\/strong>.<br \/>\nSomos representantes da Kensington no Brasil, empresa l\u00edder internacional no segmento de perif\u00e9ricos de inform\u00e1tica.<br \/>\nPossu\u00edmos diversos modelos de <strong>Gabinetes<\/strong>.<br \/>\nSomos fornecedores de produtos de inform\u00e1tica e trabalhamos exclusivamente com vendas corporativas.<br \/>\nSe sua empresa est\u00e1 procurando produtos de inform\u00e1tica como <strong>Gabinetes<\/strong>, Teclados, Gabinetes, Mouses, Travas e cadeados ou demais perif\u00e9ricos voc\u00ea pode consultar os produtos em nosso site ou solicitar um cat\u00e1logo completo.<br \/>\n<\/small><\/p>\n","protected":false},"excerpt":{"rendered":"<p class=\"excerpt\">Suporta at\u00e9 12 dispositivos para carregamento e armazenamento em seguran\u00e7a. Compat\u00edvel com Chromebook\u2122, Surface\u2122, MacBook Air\u00ae, iPad\u00ae, Galaxy\u00ae Tab, notebook ou outros dispositivos. Adapta-se com seguran\u00e7a a uma parede ou balc\u00e3o com a placa de montagem inclusa ou com o Kit de seguran\u00e7a para desktop e perif\u00e9ricos (vendido separadamente). Filtro de linha para o cabo [&hellip;]<\/p>\n","protected":false},"featured_media":1829,"comment_status":"closed","ping_status":"closed","template":"","meta":[],"product_cat":[108],"product_tag":[102],"_links":{"self":[{"href":"https:\/\/movitronics.com.br\/store\/wp-json\/wp\/v2\/product\/1828"}],"collection":[{"href":"https:\/\/movitronics.com.br\/store\/wp-json\/wp\/v2\/product"}],"about":[{"href":"https:\/\/movitronics.com.br\/store\/wp-json\/wp\/v2\/types\/product"}],"replies":[{"embeddable":true,"href":"https:\/\/movitronics.com.br\/store\/wp-json\/wp\/v2\/comments?post=1828"}],"wp:featuredmedia":[{"embeddable":true,"href":"https:\/\/movitronics.com.br\/store\/wp-json\/wp\/v2\/media\/1829"}],"wp:attachment":[{"href":"https:\/\/movitronics.com.br\/store\/wp-json\/wp\/v2\/media?parent=1828"}],"wp:term":[{"taxonomy":"product_cat","embeddable":true,"href":"https:\/\/movitronics.com.br\/store\/wp-json\/wp\/v2\/product_cat?post=1828"},{"taxonomy":"product_tag","embeddable":true,"href":"https:\/\/movitronics.com.br\/store\/wp-json\/wp\/v2\/product_tag?post=1828"}],"curies":[{"name":"wp","href":"https:\/\/api.w.org\/{rel}","templated":true}]}}