{"id":1837,"date":"2021-07-06T15:30:21","date_gmt":"2021-07-06T18:30:21","guid":{"rendered":"https:\/\/movitronics.com.br\/store\/?post_type=product&#038;p=1837"},"modified":"2023-11-13T18:38:38","modified_gmt":"2023-11-13T21:38:38","slug":"sd4900p-docking-station-universal-usb-c-triple-video-com-carregador","status":"publish","type":"product","link":"https:\/\/movitronics.com.br\/store\/loja\/informatica\/dock-stations\/sd4900p-docking-station-universal-usb-c-triple-video-com-carregador\/","title":{"rendered":"SD4900P Docking Station Universal USB-C Triple Video com Carregador"},"content":{"rendered":"<p>A SD4900P Docking Station Universal USB-C Triple Video com Carregador expande sua conectividade, ao mesmo tempo em que oferece v\u00eddeo 4K espetacular para at\u00e9 tr\u00eas monitores. Os recursos incluem sa\u00edda de v\u00eddeo tripla 4K (HDMI ou DP ++), um design exclusivo com suporte para laptops USB-A e USB-C e um leitor de cart\u00e3o 3 em 1.<\/p>\n<p>&#8211; Portas funcionam como fonte de energia e transfer\u00eancia de \u00e1udio, v\u00eddeo e dados de velocidade de at\u00e9 10Gpbs.<br \/>\n&#8211; Conex\u00e3o de at\u00e9 3 monitores 4k, sendo 2 deles 60Hz e 1 deles 30Hz.<br \/>\n&#8211; Entrega de energia: 60W.<br \/>\n&#8211; Entradas de v\u00eddeo: tr\u00eas HDMI e tr\u00eas DP++.<br \/>\n&#8211; Entrada de cart\u00e3o 3 em 1: compat\u00edvel com cart\u00f5es Micro SD, SD e CF.<br \/>\n&#8211; Solu\u00e7\u00e3o completa para designers gr\u00e1ficos e web, produtores de anima\u00e7\u00e3o, engenheiros, analistas financeiros etc.<br \/>\n&#8211; Tecnologia Plug &amp; Play: utiliza\u00e7\u00e3o sem a necessidade de download de driver de instala\u00e7\u00e3o.<br \/>\n&#8211; 1 porta USB-C 3.1 Gen2, 1 porta USB-A 3.1 Gen2 e 4 portas traseiras USB-A 3.1 Gen1 (5Gbps) e 1 USB-C 3.1 (UFP).<br \/>\n&#8211; Uma porta Gigabit Ethernet.<br \/>\n&#8211; Possui Kensington Security Slot\u2122.<br \/>\n&#8211; Compatibilidade: Windows 7, Windows 10, MacOS, Chrome OS.<\/p>\n<p><small><br \/>\nA <strong>Movitronics<\/strong> \u00e9 uma empresa distribuidora de <strong>Docking Station Universal<\/strong>.<br \/>\nSomos representantes da Kensington no Brasil, empresa l\u00edder internacional no segmento de perif\u00e9ricos de inform\u00e1tica.<br \/>\nPossu\u00edmos diversos modelos de <strong>Docking Station Universal <\/strong>.<br \/>\nSomos fornecedores de produtos de inform\u00e1tica e trabalhamos exclusivamente com vendas corporativas.<br \/>\nSe sua empresa est\u00e1 procurando produtos de inform\u00e1tica como <strong>Docking Station Universal<\/strong>, travas para notebook, Mouses ou demais perif\u00e9ricos voc\u00ea pode consultar os produtos em nosso site ou solicitar um cat\u00e1logo completo.<br \/>\n<\/small><\/p>\n","protected":false},"excerpt":{"rendered":"<p class=\"excerpt\">A SD4900P Docking Station Universal USB-C Triple Video com Carregador expande sua conectividade, ao mesmo tempo em que oferece v\u00eddeo 4K espetacular para at\u00e9 tr\u00eas monitores. Os recursos incluem sa\u00edda de v\u00eddeo tripla 4K (HDMI ou DP ++), um design exclusivo com suporte para laptops USB-A e USB-C e um leitor de cart\u00e3o 3 em [&hellip;]<\/p>\n","protected":false},"featured_media":1838,"comment_status":"closed","ping_status":"closed","template":"","meta":[],"product_cat":[103,98],"product_tag":[102],"_links":{"self":[{"href":"https:\/\/movitronics.com.br\/store\/wp-json\/wp\/v2\/product\/1837"}],"collection":[{"href":"https:\/\/movitronics.com.br\/store\/wp-json\/wp\/v2\/product"}],"about":[{"href":"https:\/\/movitronics.com.br\/store\/wp-json\/wp\/v2\/types\/product"}],"replies":[{"embeddable":true,"href":"https:\/\/movitronics.com.br\/store\/wp-json\/wp\/v2\/comments?post=1837"}],"wp:featuredmedia":[{"embeddable":true,"href":"https:\/\/movitronics.com.br\/store\/wp-json\/wp\/v2\/media\/1838"}],"wp:attachment":[{"href":"https:\/\/movitronics.com.br\/store\/wp-json\/wp\/v2\/media?parent=1837"}],"wp:term":[{"taxonomy":"product_cat","embeddable":true,"href":"https:\/\/movitronics.com.br\/store\/wp-json\/wp\/v2\/product_cat?post=1837"},{"taxonomy":"product_tag","embeddable":true,"href":"https:\/\/movitronics.com.br\/store\/wp-json\/wp\/v2\/product_tag?post=1837"}],"curies":[{"name":"wp","href":"https:\/\/api.w.org\/{rel}","templated":true}]}}