{"id":1839,"date":"2021-07-06T15:42:32","date_gmt":"2021-07-06T18:42:32","guid":{"rendered":"https:\/\/movitronics.com.br\/store\/?post_type=product&#038;p=1839"},"modified":"2023-11-13T18:14:27","modified_gmt":"2023-11-13T21:14:27","slug":"sd1600p-docking-station-portatil-usb-c-com-carregador","status":"publish","type":"product","link":"https:\/\/movitronics.com.br\/store\/loja\/informatica\/dock-stations\/sd1600p-docking-station-portatil-usb-c-com-carregador\/","title":{"rendered":"SD1600P Docking Station Port\u00e1til USB-C\u2122 com Carregador"},"content":{"rendered":"<p>Os profissionais viajantes de hoje trabalham em v\u00e1rios espa\u00e7os, com tecnologias antigas e novas. Com a SD1600P Docking Station Port\u00e1til USB-C\u2122 com Carregador, os usu\u00e1rios podem expandir a configura\u00e7\u00e3o da \u00e1rea de trabalho para incluir um monitor HD (VGA) ou 4K (HDMI) completo e se conectar aos seus acess\u00f3rios USB favoritos usando duas portas USB 3.0. Seja em um espa\u00e7o de trabalho tempor\u00e1rio ou em uma sala de confer\u00eancias, a SD1600P mant\u00e9m os usu\u00e1rios produtivos e equipados. Com tecnologia USB-C Power Delivery 3.0, os usu\u00e1rios podem se conectar com confian\u00e7a ao PC, MacBook ou Chromebook, sabendo que a SD1600P permitir\u00e1 expandir o espa\u00e7o de trabalho, usar seus acess\u00f3rios favoritos e carregar o dispositivo ao mesmo tempo.<\/p>\n<p>&#8211; Dispositivo port\u00e1til, acomodado facilmente em mochilas ou maletas de transporte.<br \/>\n&#8211; M\u00e1xima resolu\u00e7\u00e3o suportada: 1 monitor HDMI UHD (3840 x 2160) @ 30Hz ou 1 monitor VGA Full HD (2048 x 1152) @ 60Hz (o dispositivo de hospedagem do conte\u00fado deve suportar DisplayPort\u2122 Alt Mode sobre USB-C).<br \/>\n&#8211; Conex\u00f5es de v\u00eddeo: 1 x HDMI v1.4 e 1 x HD VGA<br \/>\n&#8211; Conex\u00f5es USB: 2 portas USB 3.0 (de at\u00e9 5Gbps) e 1 porta USB-C (de at\u00e9 5Gbps) para sincroniza\u00e7\u00e3o de dados.<br \/>\n&#8211; Porta USB-C que permite a fun\u00e7\u00e3o de carregamento, transmitindo at\u00e9 60Wde um dispositivo para outros dispositivos (o dispositivo deve suportar fun\u00e7\u00e3o de carregamento).<br \/>\n&#8211; Outras conex\u00f5es: compat\u00edvel com Thunderbolt 3 e Gigabit Ethernet para conex\u00e3o de rede.<br \/>\n&#8211; Cabo Hideaway USB-C de 20,5 cm que \u00e9 armazenado facilmente para transporte<br \/>\n&#8211; Compatibilidade: Windows 7 ou superior, Mac OS 10.13 ou superior e Chrome OS 44 ou superior.<\/p>\n<p><small><br \/>\nA <strong>Movitronics<\/strong> \u00e9 uma empresa distribuidora de <strong>Docking Station Universal<\/strong>.<br \/>\nSomos representantes da Kensington no Brasil, empresa l\u00edder internacional no segmento de perif\u00e9ricos de inform\u00e1tica.<br \/>\nPossu\u00edmos diversos modelos de <strong>Docking Station Universal <\/strong>.<br \/>\nSomos fornecedores de produtos de inform\u00e1tica e trabalhamos exclusivamente com vendas corporativas.<br \/>\nSe sua empresa est\u00e1 procurando produtos de inform\u00e1tica como <strong>Docking Station Universal<\/strong>, travas para notebook, Mouses ou demais perif\u00e9ricos voc\u00ea pode consultar os produtos em nosso site ou solicitar um cat\u00e1logo completo.<br \/>\n<\/small><\/p>\n","protected":false},"excerpt":{"rendered":"<p class=\"excerpt\">Os profissionais viajantes de hoje trabalham em v\u00e1rios espa\u00e7os, com tecnologias antigas e novas. Com a SD1600P Docking Station Port\u00e1til USB-C\u2122 com Carregador, os usu\u00e1rios podem expandir a configura\u00e7\u00e3o da \u00e1rea de trabalho para incluir um monitor HD (VGA) ou 4K (HDMI) completo e se conectar aos seus acess\u00f3rios USB favoritos usando duas portas USB [&hellip;]<\/p>\n","protected":false},"featured_media":1840,"comment_status":"closed","ping_status":"closed","template":"","meta":[],"product_cat":[103,98],"product_tag":[102],"_links":{"self":[{"href":"https:\/\/movitronics.com.br\/store\/wp-json\/wp\/v2\/product\/1839"}],"collection":[{"href":"https:\/\/movitronics.com.br\/store\/wp-json\/wp\/v2\/product"}],"about":[{"href":"https:\/\/movitronics.com.br\/store\/wp-json\/wp\/v2\/types\/product"}],"replies":[{"embeddable":true,"href":"https:\/\/movitronics.com.br\/store\/wp-json\/wp\/v2\/comments?post=1839"}],"wp:featuredmedia":[{"embeddable":true,"href":"https:\/\/movitronics.com.br\/store\/wp-json\/wp\/v2\/media\/1840"}],"wp:attachment":[{"href":"https:\/\/movitronics.com.br\/store\/wp-json\/wp\/v2\/media?parent=1839"}],"wp:term":[{"taxonomy":"product_cat","embeddable":true,"href":"https:\/\/movitronics.com.br\/store\/wp-json\/wp\/v2\/product_cat?post=1839"},{"taxonomy":"product_tag","embeddable":true,"href":"https:\/\/movitronics.com.br\/store\/wp-json\/wp\/v2\/product_tag?post=1839"}],"curies":[{"name":"wp","href":"https:\/\/api.w.org\/{rel}","templated":true}]}}