{"id":1843,"date":"2021-07-06T15:48:15","date_gmt":"2021-07-06T18:48:15","guid":{"rendered":"https:\/\/movitronics.com.br\/store\/?post_type=product&#038;p=1843"},"modified":"2023-11-13T18:38:26","modified_gmt":"2023-11-13T21:38:26","slug":"sd1610p-docking-station-portatil-usb-c-com-carregador","status":"publish","type":"product","link":"https:\/\/movitronics.com.br\/store\/loja\/informatica\/dock-stations\/sd1610p-docking-station-portatil-usb-c-com-carregador\/","title":{"rendered":"SD1610P Docking Station Port\u00e1til USB-C com Carregador"},"content":{"rendered":"<p>A SD1610P Docking Station Port\u00e1til USB-C com Carregador foi projetada para dispositivos Microsoft Surface. Os usu\u00e1rios podem expandir sua configura\u00e7\u00e3o m\u00f3vel ou de mesa para incluir uma tela full HD (VGA) ou 4K (HDMI) e conectar e carregar seus acess\u00f3rios USB favoritos. Seja em um espa\u00e7o de trabalho tempor\u00e1rio ou em uma sala de confer\u00eancias, a SD1610P mant\u00e9m os usu\u00e1rios produtivos e energizados. Os usu\u00e1rios podem se conectar com confian\u00e7a sabendo que a SD1610P permitir\u00e1 expandir seu espa\u00e7o de trabalho. Use seus acess\u00f3rios favoritos e ligue seu Surface ao mesmo tempo*. *\u00c9 necess\u00e1rio um carregador USB-C de 3A \/ 60W (ou superior) (n\u00e3o inclu\u00eddo)<\/p>\n<p>&#8211; Projetada para o Microsoft Surface.<br \/>\n&#8211; Expanda a configura\u00e7\u00e3o da \u00e1rea de trabalho para incluir uma tela Full HD (VGA) ou 4K (HDMI).<br \/>\n&#8211; Conecte e carregue seus acess\u00f3rios USB favoritos.<br \/>\n&#8211; Mant\u00e9m os usu\u00e1rios produtivos e energizados.<br \/>\n&#8211; Conecte-se com confian\u00e7a ao Microsoft Surface Go e ao Microsoft Surface Book 2.<br \/>\n&#8211; Portas de v\u00eddeo: 1x HDMI v1.4 e 1x HD VGA.<br \/>\n&#8211; Resolu\u00e7\u00e3o m\u00e1xima suportada: 1 monitor HDMI UHD 3840&#215;2160 @30Hz ou VGA Full HD 2048&#215;1152 @60Hz.<br \/>\n&#8211; Entrega de energia: USB-C PD 3.0 (60W de carregamento para laptop).<br \/>\n&#8211; Tecnologia Plug &amp; Play: instala\u00e7\u00e3o sem a necessidade de drivers.<\/p>\n<p><small><br \/>\nA <strong>Movitronics<\/strong> \u00e9 uma empresa distribuidora de <strong>Docking Station Universal<\/strong>.<br \/>\nSomos representantes da Kensington no Brasil, empresa l\u00edder internacional no segmento de perif\u00e9ricos de inform\u00e1tica.<br \/>\nPossu\u00edmos diversos modelos de <strong>Docking Station Universal <\/strong>.<br \/>\nSomos fornecedores de produtos de inform\u00e1tica e trabalhamos exclusivamente com vendas corporativas.<br \/>\nSe sua empresa est\u00e1 procurando produtos de inform\u00e1tica como <strong>Docking Station Universal<\/strong>, travas para notebook, Mouses ou demais perif\u00e9ricos voc\u00ea pode consultar os produtos em nosso site ou solicitar um cat\u00e1logo completo.<br \/>\n<\/small><\/p>\n","protected":false},"excerpt":{"rendered":"<p class=\"excerpt\">A SD1610P Docking Station Port\u00e1til USB-C com Carregador foi projetada para dispositivos Microsoft Surface. Os usu\u00e1rios podem expandir sua configura\u00e7\u00e3o m\u00f3vel ou de mesa para incluir uma tela full HD (VGA) ou 4K (HDMI) e conectar e carregar seus acess\u00f3rios USB favoritos. Seja em um espa\u00e7o de trabalho tempor\u00e1rio ou em uma sala de confer\u00eancias, [&hellip;]<\/p>\n","protected":false},"featured_media":1844,"comment_status":"closed","ping_status":"closed","template":"","meta":[],"product_cat":[103],"product_tag":[102],"_links":{"self":[{"href":"https:\/\/movitronics.com.br\/store\/wp-json\/wp\/v2\/product\/1843"}],"collection":[{"href":"https:\/\/movitronics.com.br\/store\/wp-json\/wp\/v2\/product"}],"about":[{"href":"https:\/\/movitronics.com.br\/store\/wp-json\/wp\/v2\/types\/product"}],"replies":[{"embeddable":true,"href":"https:\/\/movitronics.com.br\/store\/wp-json\/wp\/v2\/comments?post=1843"}],"wp:featuredmedia":[{"embeddable":true,"href":"https:\/\/movitronics.com.br\/store\/wp-json\/wp\/v2\/media\/1844"}],"wp:attachment":[{"href":"https:\/\/movitronics.com.br\/store\/wp-json\/wp\/v2\/media?parent=1843"}],"wp:term":[{"taxonomy":"product_cat","embeddable":true,"href":"https:\/\/movitronics.com.br\/store\/wp-json\/wp\/v2\/product_cat?post=1843"},{"taxonomy":"product_tag","embeddable":true,"href":"https:\/\/movitronics.com.br\/store\/wp-json\/wp\/v2\/product_tag?post=1843"}],"curies":[{"name":"wp","href":"https:\/\/api.w.org\/{rel}","templated":true}]}}