{"id":1853,"date":"2021-07-06T16:02:12","date_gmt":"2021-07-06T19:02:12","guid":{"rendered":"https:\/\/movitronics.com.br\/store\/?post_type=product&#038;p=1853"},"modified":"2023-11-13T18:30:30","modified_gmt":"2023-11-13T21:30:30","slug":"sd2400t-nano-docking-station-thunderbolt-3-dual-4k-com-carregador","status":"publish","type":"product","link":"https:\/\/movitronics.com.br\/store\/loja\/informatica\/dock-stations\/sd2400t-nano-docking-station-thunderbolt-3-dual-4k-com-carregador\/","title":{"rendered":"SD2400T Nano Docking Station Thunderbolt 3 Dual 4K com Carregador"},"content":{"rendered":"<p>Ideal para edi\u00e7\u00e3o de v\u00eddeo, hot-desk, hotelaria, escrit\u00f3rio dom\u00e9stico e ambientes educacionais, a SD2400T Nano Docking Station Thunderbolt 3 Dual 4K com Carregador fornece aos usu\u00e1rios uma conex\u00e3o r\u00e1pida e poderosa \u00e0 configura\u00e7\u00e3o do desktop. Fornecendo suporte para Mac e Windows, transfer\u00eancia de dados de at\u00e9 40Gbps, fornecimento de energia de 85W, suporte para dois monitores 4K e quatro portas USB.<\/p>\n<p>&#8211; Ideal para edi\u00e7\u00e3o de v\u00eddeo, hot-desking, hoteis, escrit\u00f3rios dom\u00e9sticos e ambientes educacionais.<br \/>\n&#8211; Transfere dados de at\u00e9 40Gbps.<br \/>\n&#8211; Entrega 85W de energia.<br \/>\n&#8211; Conectar dois monitores 4K (60Hz) ou um monitor 5K (60Hz).<br \/>\n&#8211; Tecnologia Plug &amp; Play, n\u00e3o necess\u00e1rio instalar drivers para utilizar.<br \/>\n&#8211; Compat\u00edvel apenas com notebooks equipados com Thunderbolt 3.<br \/>\n&#8211; Possui 2x DisplayPort 1.2, 1x USB 3.1 Gen1 (5V\/1.5A), 2x USB 3.1 Gen1 (5V\/0,9A), 1x USB-C 3.1 Gen1 (5V\/3A), 1x USB-C PD 3.0, 1x entrada e sa\u00edda 3.5mm de \u00e1udio.<br \/>\n&#8211; Possui entrada Kensington Security Slot\u2122.<\/p>\n<p><small><br \/>\nA <strong>Movitronics<\/strong> \u00e9 uma empresa distribuidora de <strong>Docking Station Universal<\/strong>.<br \/>\nSomos representantes da Kensington no Brasil, empresa l\u00edder internacional no segmento de perif\u00e9ricos de inform\u00e1tica.<br \/>\nPossu\u00edmos diversos modelos de <strong>Docking Station Universal <\/strong>.<br \/>\nSomos fornecedores de produtos de inform\u00e1tica e trabalhamos exclusivamente com vendas corporativas.<br \/>\nSe sua empresa est\u00e1 procurando produtos de inform\u00e1tica como <strong>Docking Station Universal<\/strong>, travas para notebook, Mouses ou demais perif\u00e9ricos voc\u00ea pode consultar os produtos em nosso site ou solicitar um cat\u00e1logo completo.<br \/>\n<\/small><\/p>\n","protected":false},"excerpt":{"rendered":"<p class=\"excerpt\">Ideal para edi\u00e7\u00e3o de v\u00eddeo, hot-desk, hotelaria, escrit\u00f3rio dom\u00e9stico e ambientes educacionais, a SD2400T Nano Docking Station Thunderbolt 3 Dual 4K com Carregador fornece aos usu\u00e1rios uma conex\u00e3o r\u00e1pida e poderosa \u00e0 configura\u00e7\u00e3o do desktop. Fornecendo suporte para Mac e Windows, transfer\u00eancia de dados de at\u00e9 40Gbps, fornecimento de energia de 85W, suporte para dois [&hellip;]<\/p>\n","protected":false},"featured_media":1854,"comment_status":"closed","ping_status":"closed","template":"","meta":[],"product_cat":[108,103],"product_tag":[102],"_links":{"self":[{"href":"https:\/\/movitronics.com.br\/store\/wp-json\/wp\/v2\/product\/1853"}],"collection":[{"href":"https:\/\/movitronics.com.br\/store\/wp-json\/wp\/v2\/product"}],"about":[{"href":"https:\/\/movitronics.com.br\/store\/wp-json\/wp\/v2\/types\/product"}],"replies":[{"embeddable":true,"href":"https:\/\/movitronics.com.br\/store\/wp-json\/wp\/v2\/comments?post=1853"}],"wp:featuredmedia":[{"embeddable":true,"href":"https:\/\/movitronics.com.br\/store\/wp-json\/wp\/v2\/media\/1854"}],"wp:attachment":[{"href":"https:\/\/movitronics.com.br\/store\/wp-json\/wp\/v2\/media?parent=1853"}],"wp:term":[{"taxonomy":"product_cat","embeddable":true,"href":"https:\/\/movitronics.com.br\/store\/wp-json\/wp\/v2\/product_cat?post=1853"},{"taxonomy":"product_tag","embeddable":true,"href":"https:\/\/movitronics.com.br\/store\/wp-json\/wp\/v2\/product_tag?post=1853"}],"curies":[{"name":"wp","href":"https:\/\/api.w.org\/{rel}","templated":true}]}}