{"id":1859,"date":"2021-07-06T16:12:52","date_gmt":"2021-07-06T19:12:52","guid":{"rendered":"https:\/\/movitronics.com.br\/store\/?post_type=product&#038;p=1859"},"modified":"2023-11-13T18:30:18","modified_gmt":"2023-11-13T21:30:18","slug":"sd2000p-nano-docking-station-usb-c-4k-com-power-delivery","status":"publish","type":"product","link":"https:\/\/movitronics.com.br\/store\/loja\/informatica\/dock-stations\/sd2000p-nano-docking-station-usb-c-4k-com-power-delivery\/","title":{"rendered":"SD2000P Nano Docking Station USB-C 4K com Power Delivery"},"content":{"rendered":"<p>Com tamanho compacto, a SD2000P expande a conectividade de ambientes onde \u00e9 praticado hot desking gra\u00e7as a sua praticidade e diversidade de portas. Conta com 2 portas USB-A 3.1 Gen1 (fornece 5V\/1.5A\/5Gbps ao carregar notebook e 5V\/2.4A sem notebook), 1 porta USB-C para dados at\u00e9 5G e 1 porta USB-C como fonte de energia de at\u00e9 60W. Al\u00e9m disso, o produto tem conex\u00e3o Gigabit Ethernet e portas de v\u00eddeo HDMI v2.0 e DisplayPort++ que oferecem resolu\u00e7\u00e3o de at\u00e9 4K\/30Hz, proporcionando uma experi\u00eania audiovisual espetacular. Possibilita montagem sem ocupar espa\u00e7o, permitindo instala\u00e7\u00e3o no verso do monitor com suporte VESA (vendido separadamente). Acompanha cabo USB-C de 1m e possui entrada Kensington Security Slot para fixar travas de seguran\u00e7a.<\/p>\n<p>&#8211; Expande a conectividade de ambientes com hot desking gra\u00e7as a sua diversidade de portas.<br \/>\n&#8211; Portas USB: 2 portas USB-A 3.1 Gen1 (fornece 5V\/1.5A\/5Gbps ao carregar notebook e 5V\/2.4A sem notebook), 1 porta USB-C para dados at\u00e9 5G e 1 porta USB-C como fonte de energia de at\u00e9 60W.<br \/>\n&#8211; Outras conex\u00f5es: conex\u00e3o Gigabit Ethernet e portas de v\u00eddeo HDMI v2.0 e DisplayPort++ que oferecem resolu\u00e7\u00e3o de at\u00e9 4K\/30Hz.<br \/>\n&#8211; Possui Kensington Security Slot\u2122 para fixar travas de seguran\u00e7a.<br \/>\n&#8211; Montagem sem ocupar espa\u00e7o permite que a montagem no verso de um monitor com suporte VESA (vendido separadamente).<br \/>\n&#8211; Acompanha cabo USB-C de 1m.<br \/>\n&#8211; Compatibilidade: Windows 7 ou superior, macOS 10.13 ou superior e Chrome 44 ou superior.<\/p>\n<p><small><br \/>\nA <strong>Movitronics<\/strong> \u00e9 uma empresa distribuidora de <strong>Docking Station Universal<\/strong>.<br \/>\nSomos representantes da Kensington no Brasil, empresa l\u00edder internacional no segmento de perif\u00e9ricos de inform\u00e1tica.<br \/>\nPossu\u00edmos diversos modelos de <strong>Docking Station Universal <\/strong>.<br \/>\nSomos fornecedores de produtos de inform\u00e1tica e trabalhamos exclusivamente com vendas corporativas.<br \/>\nSe sua empresa est\u00e1 procurando produtos de inform\u00e1tica como <strong>Docking Station Universal<\/strong>, travas para notebook, Mouses ou demais perif\u00e9ricos voc\u00ea pode consultar os produtos em nosso site ou solicitar um cat\u00e1logo completo.<br \/>\n<\/small><\/p>\n","protected":false},"excerpt":{"rendered":"<p class=\"excerpt\">Com tamanho compacto, a SD2000P expande a conectividade de ambientes onde \u00e9 praticado hot desking gra\u00e7as a sua praticidade e diversidade de portas. Conta com 2 portas USB-A 3.1 Gen1 (fornece 5V\/1.5A\/5Gbps ao carregar notebook e 5V\/2.4A sem notebook), 1 porta USB-C para dados at\u00e9 5G e 1 porta USB-C como fonte de energia de [&hellip;]<\/p>\n","protected":false},"featured_media":1860,"comment_status":"closed","ping_status":"closed","template":"","meta":[],"product_cat":[108,103],"product_tag":[102],"_links":{"self":[{"href":"https:\/\/movitronics.com.br\/store\/wp-json\/wp\/v2\/product\/1859"}],"collection":[{"href":"https:\/\/movitronics.com.br\/store\/wp-json\/wp\/v2\/product"}],"about":[{"href":"https:\/\/movitronics.com.br\/store\/wp-json\/wp\/v2\/types\/product"}],"replies":[{"embeddable":true,"href":"https:\/\/movitronics.com.br\/store\/wp-json\/wp\/v2\/comments?post=1859"}],"wp:featuredmedia":[{"embeddable":true,"href":"https:\/\/movitronics.com.br\/store\/wp-json\/wp\/v2\/media\/1860"}],"wp:attachment":[{"href":"https:\/\/movitronics.com.br\/store\/wp-json\/wp\/v2\/media?parent=1859"}],"wp:term":[{"taxonomy":"product_cat","embeddable":true,"href":"https:\/\/movitronics.com.br\/store\/wp-json\/wp\/v2\/product_cat?post=1859"},{"taxonomy":"product_tag","embeddable":true,"href":"https:\/\/movitronics.com.br\/store\/wp-json\/wp\/v2\/product_tag?post=1859"}],"curies":[{"name":"wp","href":"https:\/\/api.w.org\/{rel}","templated":true}]}}