{"id":1886,"date":"2021-07-07T11:12:05","date_gmt":"2021-07-07T14:12:05","guid":{"rendered":"https:\/\/movitronics.com.br\/store\/?post_type=product&#038;p=1886"},"modified":"2023-11-13T18:27:58","modified_gmt":"2023-11-13T21:27:58","slug":"trackball-usb-expert-mouse","status":"publish","type":"product","link":"https:\/\/movitronics.com.br\/store\/loja\/informatica\/mouses\/trackball-usb-expert-mouse\/","title":{"rendered":"Trackball USB &#8211; Expert Mouse\u00ae"},"content":{"rendered":"<p>O premiado anel traz uma rolagem precisa na ponta dos seus dedos<br \/>\nConforto excepcional para uma produtividade superior<br \/>\nDesign projetado para usu\u00e1rios destros ou canhotos<br \/>\nO software TrackballWorks\u2122 proporciona uma experi\u00eancia personalizada e incompar\u00e1vel<br \/>\nDescanso macio e confort\u00e1vel para o pulso<br \/>\nCompat\u00edvel com Windows\u00ae 8<br \/>\n3 anos de garantia<\/p>\n<p><small><br \/>\nA <strong>Movitronics<\/strong> \u00e9 uma empresa distribuidora de <strong>Mouses<\/strong>.<br \/>\nSomos representantes da Kensington no Brasil, empresa l\u00edder internacional no segmento de perif\u00e9ricos de inform\u00e1tica.<br \/>\nPossu\u00edmos diversos modelos de <strong>Mouses<\/strong>.<br \/>\nSomos fornecedores de produtos de inform\u00e1tica e trabalhamos exclusivamente com vendas corporativas.<br \/>\nSe sua empresa est\u00e1 procurando produtos de inform\u00e1tica como <strong>Mouses<\/strong>, travas para notebook, ou demais perif\u00e9ricos voc\u00ea pode consultar os produtos em nosso site ou solicitar um cat\u00e1logo completo.<br \/>\n<\/small><\/p>\n<p><small><br \/>\nA <strong>Movitronics<\/strong> \u00e9 uma empresa distribuidora de <strong>Trackballs<\/strong>.<br \/>\nSomos representantes da Kensington no Brasil, empresa l\u00edder internacional no segmento de perif\u00e9ricos de inform\u00e1tica.<br \/>\nPossu\u00edmos diversos modelos de <strong> Trackballs <\/strong>.<br \/>\nSomos fornecedores de produtos de inform\u00e1tica e trabalhamos exclusivamente com vendas corporativas.<br \/>\nSe sua empresa est\u00e1 procurando produtos de inform\u00e1tica como <strong> Trackballs<\/strong>, travas para notebook, Mouses ou demais perif\u00e9ricos voc\u00ea pode consultar os produtos em nosso site ou solicitar um cat\u00e1logo completo.<br \/>\n<\/small><\/p>\n","protected":false},"excerpt":{"rendered":"<p class=\"excerpt\">O premiado anel traz uma rolagem precisa na ponta dos seus dedos Conforto excepcional para uma produtividade superior Design projetado para usu\u00e1rios destros ou canhotos O software TrackballWorks\u2122 proporciona uma experi\u00eancia personalizada e incompar\u00e1vel Descanso macio e confort\u00e1vel para o pulso Compat\u00edvel com Windows\u00ae 8 3 anos de garantia A Movitronics \u00e9 uma empresa distribuidora [&hellip;]<\/p>\n","protected":false},"featured_media":1887,"comment_status":"closed","ping_status":"closed","template":"","meta":[],"product_cat":[104,105],"product_tag":[102],"_links":{"self":[{"href":"https:\/\/movitronics.com.br\/store\/wp-json\/wp\/v2\/product\/1886"}],"collection":[{"href":"https:\/\/movitronics.com.br\/store\/wp-json\/wp\/v2\/product"}],"about":[{"href":"https:\/\/movitronics.com.br\/store\/wp-json\/wp\/v2\/types\/product"}],"replies":[{"embeddable":true,"href":"https:\/\/movitronics.com.br\/store\/wp-json\/wp\/v2\/comments?post=1886"}],"wp:featuredmedia":[{"embeddable":true,"href":"https:\/\/movitronics.com.br\/store\/wp-json\/wp\/v2\/media\/1887"}],"wp:attachment":[{"href":"https:\/\/movitronics.com.br\/store\/wp-json\/wp\/v2\/media?parent=1886"}],"wp:term":[{"taxonomy":"product_cat","embeddable":true,"href":"https:\/\/movitronics.com.br\/store\/wp-json\/wp\/v2\/product_cat?post=1886"},{"taxonomy":"product_tag","embeddable":true,"href":"https:\/\/movitronics.com.br\/store\/wp-json\/wp\/v2\/product_tag?post=1886"}],"curies":[{"name":"wp","href":"https:\/\/api.w.org\/{rel}","templated":true}]}}