{"id":1888,"date":"2021-07-07T11:13:41","date_gmt":"2021-07-07T14:13:41","guid":{"rendered":"https:\/\/movitronics.com.br\/store\/?post_type=product&#038;p=1888"},"modified":"2021-07-26T22:55:47","modified_gmt":"2021-07-27T01:55:47","slug":"solemate-plus-apoio-para-os-pes-sistema-smartfit","status":"publish","type":"product","link":"https:\/\/movitronics.com.br\/store\/loja\/informatica\/ergonomia\/solemate-plus-apoio-para-os-pes-sistema-smartfit\/","title":{"rendered":"SoleMate\u2122 Plus Apoio para os P\u00e9s &#8211; Sistema SmartFit\u00ae"},"content":{"rendered":"<p>Suporte \u00e0s pernas em uma posi\u00e7\u00e3o otimizada para o conforto.<\/p>\n<p>&#8211; Reduz a press\u00e3o na sua regi\u00e3o inferior das costas quando voc\u00ea configura a sua cor de conforto pessoal do SmartFit\u00ae.<br \/>\n&#8211; A altura e o \u00e2ngulo s\u00e3o ajust\u00e1veis para conforto pessoal.<br \/>\n&#8211; Um controle de pedal com trava permite que voc\u00ea ajuste o descanso de p\u00e9s sem sair da sua cadeira.<br \/>\n&#8211; A grande superf\u00edcie antideslizante para os p\u00e9s permite controle extra e permite que voc\u00ea descanse com facilidade.<\/p>\n","protected":false},"excerpt":{"rendered":"<p class=\"excerpt\">Suporte \u00e0s pernas em uma posi\u00e7\u00e3o otimizada para o conforto. &#8211; Reduz a press\u00e3o na sua regi\u00e3o inferior das costas quando voc\u00ea configura a sua cor de conforto pessoal do SmartFit\u00ae. &#8211; A altura e o \u00e2ngulo s\u00e3o ajust\u00e1veis para conforto pessoal. &#8211; Um controle de pedal com trava permite que voc\u00ea ajuste o descanso [&hellip;]<\/p>\n","protected":false},"featured_media":1889,"comment_status":"closed","ping_status":"closed","template":"","meta":[],"product_cat":[106],"product_tag":[102],"_links":{"self":[{"href":"https:\/\/movitronics.com.br\/store\/wp-json\/wp\/v2\/product\/1888"}],"collection":[{"href":"https:\/\/movitronics.com.br\/store\/wp-json\/wp\/v2\/product"}],"about":[{"href":"https:\/\/movitronics.com.br\/store\/wp-json\/wp\/v2\/types\/product"}],"replies":[{"embeddable":true,"href":"https:\/\/movitronics.com.br\/store\/wp-json\/wp\/v2\/comments?post=1888"}],"wp:featuredmedia":[{"embeddable":true,"href":"https:\/\/movitronics.com.br\/store\/wp-json\/wp\/v2\/media\/1889"}],"wp:attachment":[{"href":"https:\/\/movitronics.com.br\/store\/wp-json\/wp\/v2\/media?parent=1888"}],"wp:term":[{"taxonomy":"product_cat","embeddable":true,"href":"https:\/\/movitronics.com.br\/store\/wp-json\/wp\/v2\/product_cat?post=1888"},{"taxonomy":"product_tag","embeddable":true,"href":"https:\/\/movitronics.com.br\/store\/wp-json\/wp\/v2\/product_tag?post=1888"}],"curies":[{"name":"wp","href":"https:\/\/api.w.org\/{rel}","templated":true}]}}