{"id":1891,"date":"2021-07-07T11:18:44","date_gmt":"2021-07-07T14:18:44","guid":{"rendered":"https:\/\/movitronics.com.br\/store\/?post_type=product&#038;p=1891"},"modified":"2021-07-26T22:55:30","modified_gmt":"2021-07-27T01:55:30","slug":"apoio-para-os-pes-solesaver","status":"publish","type":"product","link":"https:\/\/movitronics.com.br\/store\/loja\/informatica\/ergonomia\/apoio-para-os-pes-solesaver\/","title":{"rendered":"Apoio para os P\u00e9s &#8211; Solesaver"},"content":{"rendered":"<p>Mant\u00e9m os p\u00e9s elevados para melhor postura e circula\u00e7\u00e3o<br \/>\nOferece tr\u00eas ajustes de altura e tr\u00eas op\u00e7\u00f5es de inclina\u00e7\u00e3o<br \/>\nAmpla superf\u00edcie para os p\u00e9s<br \/>\nBase n\u00e3o deslizante<br \/>\nAjuda a reduzir o desconforto ao sentar<\/p>\n","protected":false},"excerpt":{"rendered":"<p class=\"excerpt\">Mant\u00e9m os p\u00e9s elevados para melhor postura e circula\u00e7\u00e3o Oferece tr\u00eas ajustes de altura e tr\u00eas op\u00e7\u00f5es de inclina\u00e7\u00e3o Ampla superf\u00edcie para os p\u00e9s Base n\u00e3o deslizante Ajuda a reduzir o desconforto ao sentar<\/p>\n","protected":false},"featured_media":1892,"comment_status":"closed","ping_status":"closed","template":"","meta":[],"product_cat":[106],"product_tag":[102],"_links":{"self":[{"href":"https:\/\/movitronics.com.br\/store\/wp-json\/wp\/v2\/product\/1891"}],"collection":[{"href":"https:\/\/movitronics.com.br\/store\/wp-json\/wp\/v2\/product"}],"about":[{"href":"https:\/\/movitronics.com.br\/store\/wp-json\/wp\/v2\/types\/product"}],"replies":[{"embeddable":true,"href":"https:\/\/movitronics.com.br\/store\/wp-json\/wp\/v2\/comments?post=1891"}],"wp:featuredmedia":[{"embeddable":true,"href":"https:\/\/movitronics.com.br\/store\/wp-json\/wp\/v2\/media\/1892"}],"wp:attachment":[{"href":"https:\/\/movitronics.com.br\/store\/wp-json\/wp\/v2\/media?parent=1891"}],"wp:term":[{"taxonomy":"product_cat","embeddable":true,"href":"https:\/\/movitronics.com.br\/store\/wp-json\/wp\/v2\/product_cat?post=1891"},{"taxonomy":"product_tag","embeddable":true,"href":"https:\/\/movitronics.com.br\/store\/wp-json\/wp\/v2\/product_tag?post=1891"}],"curies":[{"name":"wp","href":"https:\/\/api.w.org\/{rel}","templated":true}]}}