{"id":1895,"date":"2021-07-07T11:26:30","date_gmt":"2021-07-07T14:26:30","guid":{"rendered":"https:\/\/movitronics.com.br\/store\/?post_type=product&#038;p=1895"},"modified":"2021-07-26T22:54:58","modified_gmt":"2021-07-27T01:54:58","slug":"solemate-apoio-para-os-pes-sistema-smartfit","status":"publish","type":"product","link":"https:\/\/movitronics.com.br\/store\/loja\/informatica\/ergonomia\/solemate-apoio-para-os-pes-sistema-smartfit\/","title":{"rendered":"SoleMate\u2122 Apoio Para os P\u00e9s &#8211; Sistema SmartFit\u00ae"},"content":{"rendered":"<p>Melhore sua postura, promova a circula\u00e7\u00e3o e suporte para costas e pernas saud\u00e1veis com o SoleMate\u2122 Apoio Para os P\u00e9s. Ergonomicamente projetado para promover o bem-estar e aumento da produtividade, incorpora a tecnologia patenteada SmartFit para simplificar o ajuste apropriado e permite aos usu\u00e1rios ajustar a altura e o \u00e2ngulo para o conforto individual. Um descanso de p\u00e9 ideal para ambientes comporativos ou escrit\u00f3rios em casa.<\/p>\n<p>&#8211; Melhora sua postura, promove a circula\u00e7\u00e3o saud\u00e1vel e o conforto das costas e das pernas.<br \/>\n&#8211; Superf\u00edcie estimulante de apoio aos p\u00e9s.<br \/>\n&#8211; Elimina os pontos de press\u00e3o e tens\u00e3o quando configurado.<br \/>\n&#8211; A altura e o \u00e2ngulo s\u00e3o ajust\u00e1veis para conforto pessoal.<\/p>\n","protected":false},"excerpt":{"rendered":"<p class=\"excerpt\">Melhore sua postura, promova a circula\u00e7\u00e3o e suporte para costas e pernas saud\u00e1veis com o SoleMate\u2122 Apoio Para os P\u00e9s. Ergonomicamente projetado para promover o bem-estar e aumento da produtividade, incorpora a tecnologia patenteada SmartFit para simplificar o ajuste apropriado e permite aos usu\u00e1rios ajustar a altura e o \u00e2ngulo para o conforto individual. Um [&hellip;]<\/p>\n","protected":false},"featured_media":1896,"comment_status":"closed","ping_status":"closed","template":"","meta":[],"product_cat":[106],"product_tag":[102],"_links":{"self":[{"href":"https:\/\/movitronics.com.br\/store\/wp-json\/wp\/v2\/product\/1895"}],"collection":[{"href":"https:\/\/movitronics.com.br\/store\/wp-json\/wp\/v2\/product"}],"about":[{"href":"https:\/\/movitronics.com.br\/store\/wp-json\/wp\/v2\/types\/product"}],"replies":[{"embeddable":true,"href":"https:\/\/movitronics.com.br\/store\/wp-json\/wp\/v2\/comments?post=1895"}],"wp:featuredmedia":[{"embeddable":true,"href":"https:\/\/movitronics.com.br\/store\/wp-json\/wp\/v2\/media\/1896"}],"wp:attachment":[{"href":"https:\/\/movitronics.com.br\/store\/wp-json\/wp\/v2\/media?parent=1895"}],"wp:term":[{"taxonomy":"product_cat","embeddable":true,"href":"https:\/\/movitronics.com.br\/store\/wp-json\/wp\/v2\/product_cat?post=1895"},{"taxonomy":"product_tag","embeddable":true,"href":"https:\/\/movitronics.com.br\/store\/wp-json\/wp\/v2\/product_tag?post=1895"}],"curies":[{"name":"wp","href":"https:\/\/api.w.org\/{rel}","templated":true}]}}