{"id":1907,"date":"2021-07-07T11:43:47","date_gmt":"2021-07-07T14:43:47","guid":{"rendered":"https:\/\/movitronics.com.br\/store\/?post_type=product&#038;p=1907"},"modified":"2023-11-13T18:36:31","modified_gmt":"2023-11-13T21:36:31","slug":"expert-mouse-trackball-sem-fio","status":"publish","type":"product","link":"https:\/\/movitronics.com.br\/store\/loja\/informatica\/mouses\/expert-mouse-trackball-sem-fio\/","title":{"rendered":"Expert Mouse Trackball sem fio"},"content":{"rendered":"<p>&#8211; Conex\u00e3o sem fio via Bluetooth\u00ae 4.0 LE ou receptor nano USB.<br \/>\n&#8211; Com 4 bot\u00f5es program\u00e1veis atrav\u00e9s do software TrackballWorks\u2122.<br \/>\n&#8211; Com tecnologia de rastreamento \u00f3ptico DiamondEye\u2122 para o m\u00e1ximo de controle e precis\u00e3o no cursor.<br \/>\n&#8211; Com anel de rolagem que permite navega\u00e7\u00e3o de cima para baixo nas p\u00e1ginas, com facilidade.<br \/>\n&#8211; A esfera \u00e9 projetada para proporcionar excepcional precis\u00e3o.<br \/>\n&#8211; Conforto excepcional para uma maior produtividade.<br \/>\n&#8211; Design ambidestro, para usu\u00e1rios canhotos ou destros.<br \/>\n&#8211; A fun\u00e7\u00e3o de hiberna\u00e7\u00e3o autom\u00e1tica ajuda a conservar a pilha.<\/p>\n<p><small><br \/>\nA <strong>Movitronics<\/strong> \u00e9 uma empresa distribuidora de <strong>Mouses<\/strong>.<br \/>\nSomos representantes da Kensington no Brasil, empresa l\u00edder internacional no segmento de perif\u00e9ricos de inform\u00e1tica.<br \/>\nPossu\u00edmos diversos modelos de <strong>Mouses<\/strong>.<br \/>\nSomos fornecedores de produtos de inform\u00e1tica e trabalhamos exclusivamente com vendas corporativas.<br \/>\nSe sua empresa est\u00e1 procurando produtos de inform\u00e1tica como <strong>Mouses<\/strong>, travas para notebook, ou demais perif\u00e9ricos voc\u00ea pode consultar os produtos em nosso site ou solicitar um cat\u00e1logo completo.<br \/>\n<\/small><\/p>\n<p><small><br \/>\nA <strong>Movitronics<\/strong> \u00e9 uma empresa distribuidora de <strong>Trackballs<\/strong>.<br \/>\nSomos representantes da Kensington no Brasil, empresa l\u00edder internacional no segmento de perif\u00e9ricos de inform\u00e1tica.<br \/>\nPossu\u00edmos diversos modelos de <strong> Trackballs <\/strong>.<br \/>\nSomos fornecedores de produtos de inform\u00e1tica e trabalhamos exclusivamente com vendas corporativas.<br \/>\nSe sua empresa est\u00e1 procurando produtos de inform\u00e1tica como <strong> Trackballs<\/strong>, travas para notebook, Mouses ou demais perif\u00e9ricos voc\u00ea pode consultar os produtos em nosso site ou solicitar um cat\u00e1logo completo.<br \/>\n<\/small><\/p>\n","protected":false},"excerpt":{"rendered":"<p class=\"excerpt\">&#8211; Conex\u00e3o sem fio via Bluetooth\u00ae 4.0 LE ou receptor nano USB. &#8211; Com 4 bot\u00f5es program\u00e1veis atrav\u00e9s do software TrackballWorks\u2122. &#8211; Com tecnologia de rastreamento \u00f3ptico DiamondEye\u2122 para o m\u00e1ximo de controle e precis\u00e3o no cursor. &#8211; Com anel de rolagem que permite navega\u00e7\u00e3o de cima para baixo nas p\u00e1ginas, com facilidade. &#8211; A [&hellip;]<\/p>\n","protected":false},"featured_media":1908,"comment_status":"closed","ping_status":"closed","template":"","meta":[],"product_cat":[104,105],"product_tag":[102],"_links":{"self":[{"href":"https:\/\/movitronics.com.br\/store\/wp-json\/wp\/v2\/product\/1907"}],"collection":[{"href":"https:\/\/movitronics.com.br\/store\/wp-json\/wp\/v2\/product"}],"about":[{"href":"https:\/\/movitronics.com.br\/store\/wp-json\/wp\/v2\/types\/product"}],"replies":[{"embeddable":true,"href":"https:\/\/movitronics.com.br\/store\/wp-json\/wp\/v2\/comments?post=1907"}],"wp:featuredmedia":[{"embeddable":true,"href":"https:\/\/movitronics.com.br\/store\/wp-json\/wp\/v2\/media\/1908"}],"wp:attachment":[{"href":"https:\/\/movitronics.com.br\/store\/wp-json\/wp\/v2\/media?parent=1907"}],"wp:term":[{"taxonomy":"product_cat","embeddable":true,"href":"https:\/\/movitronics.com.br\/store\/wp-json\/wp\/v2\/product_cat?post=1907"},{"taxonomy":"product_tag","embeddable":true,"href":"https:\/\/movitronics.com.br\/store\/wp-json\/wp\/v2\/product_tag?post=1907"}],"curies":[{"name":"wp","href":"https:\/\/api.w.org\/{rel}","templated":true}]}}