{"id":1913,"date":"2021-07-07T11:52:13","date_gmt":"2021-07-07T14:52:13","guid":{"rendered":"https:\/\/movitronics.com.br\/store\/?post_type=product&#038;p=1913"},"modified":"2023-11-13T18:25:23","modified_gmt":"2023-11-13T21:25:23","slug":"mouse-pad-com-apoio-de-pulso-em-gel-ergosoft","status":"publish","type":"product","link":"https:\/\/movitronics.com.br\/store\/loja\/informatica\/mouses\/mouse-pad-com-apoio-de-pulso-em-gel-ergosoft\/","title":{"rendered":"Mouse Pad com Apoio de Pulso em Gel ErgoSoft\u2122"},"content":{"rendered":"<p>O Mouse Pad com Apoio de Pulso ErgoSoft \u00e9 produzido com material ultrassuave para proporcionar bem-estar e prote\u00e7\u00e3o a quem passa muito tempo na frente do computador, seja no ambiente de trabalho ou no uso dom\u00e9stico. Sua superf\u00edcie de alta qualidade garante melhor usabilidade de mouses \u00f3pticos ou laser. O produto \u00e9 feito com poliuretano termopl\u00e1stico (TPU), tipo de pl\u00e1stico com alta resist\u00eancia e f\u00e1cil higieniza\u00e7\u00e3o. Com design moderno e ergon\u00f4mico, desenvolvido em forma de curvas, interior em gel e base antideslizante, age na preven\u00e7\u00e3o de les\u00f5es por esfor\u00e7o repetitivo e ainda garante o conforto perfeito do punho durante o uso do mouse.<\/p>\n<p>Atende ao m\u00e9todo MIL-STD-810H 504.3 Teste de contamina\u00e7\u00e3o por fluidos para resist\u00eancia \u00e0 quebra quando exposto a solventes de limpeza e desinfec\u00e7\u00e3o, como \u00e1lcool e alvejante, por pelo menos 24 horas.<br \/>\n&#8211; Age na preven\u00e7\u00e3o de les\u00f5es por esfor\u00e7o repetitivo e ainda garante o conforto perfeito do punho durante o uso do mouse.<br \/>\n&#8211; Design moderno e ergon\u00f4mico, desenvolvido em forma de curvas.<br \/>\n&#8211; Produzido com material ultrassuave, interior em gel e base antideslizante.<br \/>\n&#8211; Feito com Poliuretano Termopl\u00e1stico (TPU), tipo de pl\u00e1stico com alta resist\u00eancia e f\u00e1cil higieniza\u00e7\u00e3o.<br \/>\n&#8211; Sua superf\u00edcie de alta qualidade garante melhor usabilidade de mouses \u00f3pticos ou laser.<\/p>\n<p><small><br \/>\nA <strong>Movitronics<\/strong> \u00e9 uma empresa distribuidora de <strong>Mouses<\/strong>.<br \/>\nSomos representantes da Kensington no Brasil, empresa l\u00edder internacional no segmento de perif\u00e9ricos de inform\u00e1tica.<br \/>\nPossu\u00edmos diversos modelos de <strong>Mouses<\/strong>.<br \/>\nSomos fornecedores de produtos de inform\u00e1tica e trabalhamos exclusivamente com vendas corporativas.<br \/>\nSe sua empresa est\u00e1 procurando produtos de inform\u00e1tica como <strong>Mouses<\/strong>, travas para notebook, ou demais perif\u00e9ricos voc\u00ea pode consultar os produtos em nosso site ou solicitar um cat\u00e1logo completo.<br \/>\n<\/small><\/p>\n","protected":false},"excerpt":{"rendered":"<p class=\"excerpt\">O Mouse Pad com Apoio de Pulso ErgoSoft \u00e9 produzido com material ultrassuave para proporcionar bem-estar e prote\u00e7\u00e3o a quem passa muito tempo na frente do computador, seja no ambiente de trabalho ou no uso dom\u00e9stico. Sua superf\u00edcie de alta qualidade garante melhor usabilidade de mouses \u00f3pticos ou laser. O produto \u00e9 feito com poliuretano [&hellip;]<\/p>\n","protected":false},"featured_media":1914,"comment_status":"closed","ping_status":"closed","template":"","meta":[],"product_cat":[106,104],"product_tag":[102],"_links":{"self":[{"href":"https:\/\/movitronics.com.br\/store\/wp-json\/wp\/v2\/product\/1913"}],"collection":[{"href":"https:\/\/movitronics.com.br\/store\/wp-json\/wp\/v2\/product"}],"about":[{"href":"https:\/\/movitronics.com.br\/store\/wp-json\/wp\/v2\/types\/product"}],"replies":[{"embeddable":true,"href":"https:\/\/movitronics.com.br\/store\/wp-json\/wp\/v2\/comments?post=1913"}],"wp:featuredmedia":[{"embeddable":true,"href":"https:\/\/movitronics.com.br\/store\/wp-json\/wp\/v2\/media\/1914"}],"wp:attachment":[{"href":"https:\/\/movitronics.com.br\/store\/wp-json\/wp\/v2\/media?parent=1913"}],"wp:term":[{"taxonomy":"product_cat","embeddable":true,"href":"https:\/\/movitronics.com.br\/store\/wp-json\/wp\/v2\/product_cat?post=1913"},{"taxonomy":"product_tag","embeddable":true,"href":"https:\/\/movitronics.com.br\/store\/wp-json\/wp\/v2\/product_tag?post=1913"}],"curies":[{"name":"wp","href":"https:\/\/api.w.org\/{rel}","templated":true}]}}