{"id":1921,"date":"2021-07-08T14:53:04","date_gmt":"2021-07-08T17:53:04","guid":{"rendered":"https:\/\/movitronics.com.br\/store\/?post_type=product&#038;p=1921"},"modified":"2021-07-26T22:35:05","modified_gmt":"2021-07-27T01:35:05","slug":"maleta-contour-2-0-feminina-com-rodinha-15-6","status":"publish","type":"product","link":"https:\/\/movitronics.com.br\/store\/loja\/informatica\/mochilas-maletas-bolsas\/maleta-contour-2-0-feminina-com-rodinha-15-6\/","title":{"rendered":"Maleta Contour\u2122 2.0 Feminina com Rodinha 15.6\u201d"},"content":{"rendered":"<p>Com design ergon\u00f4mico e moderno, a Maleta Contour 2.0 Feminina com Rodinhas para Notebook de 15.6&#8243; \u00e9 uma op\u00e7\u00e3o segura para transportar seu notebook. O modelo foi desenvolvido com acabamento em poli\u00e9ster 1680 D, material de alta durabilidade que previne contra poss\u00edveis rasgos e perfura\u00e7\u00f5es, al\u00e9m de tamb\u00e9m ser resistente \u00e0 \u00e1gua. Como item de seguran\u00e7a, possui um amplo z\u00edper antiviola\u00e7\u00e3o no compartimento principal e parte interna acolchoada para proteger o que estiver armazenado. Tamb\u00e9m disp\u00f5e de dois bolsos frontais, um organizador com z\u00edper e outro para acesso r\u00e1pido a objetos de uso frequente. A estrutura da maleta, indicada para notebooks de at\u00e9 15,6&#8243;, foi planejada para uma melhor distribui\u00e7\u00e3o de peso, reduzindo o esfor\u00e7o dos m\u00fasculos do ombro e pesco\u00e7o de quem a estiver carregando. Ainda pode ser facilmente transportada pela al\u00e7a retr\u00e1til, com sistema de rodinhas multidirecionais; ou pela al\u00e7a de m\u00e3o, acolchoada para oferecer mais conforto.<\/p>\n<p>-Acabamento em poli\u00e9ster 1680 D: previne contra poss\u00edveis rasgos e perfura\u00e7\u00f5es e \u00e9 resistente \u00e0 \u00e1gua.<br \/>\n&#8211; Possui amplo z\u00edper antiviola\u00e7\u00e3o no compartimento principal e parte interna acolchoada para proteger o que estiver armazenado.<br \/>\n&#8211; Foi planejada para uma melhor distribui\u00e7\u00e3o de peso, reduzindo o esfor\u00e7o dos m\u00fasculos do ombro e pesco\u00e7o.<br \/>\n&#8211; Pode ser transportada pelas al\u00e7as retr\u00e1til, gra\u00e7as ao sistema de rodinhas, ou pela al\u00e7a de m\u00e3o, que \u00e9 acolchoada para oferecer mais conforto.<br \/>\n-Dois bolsos frontais: um organizador com z\u00edper e outro para acesso r\u00e1pido a objetos de uso frequente.<br \/>\n&#8211; Comporta notebooks de at\u00e9 15,6&#8243;.<\/p>\n","protected":false},"excerpt":{"rendered":"<p class=\"excerpt\">Com design ergon\u00f4mico e moderno, a Maleta Contour 2.0 Feminina com Rodinhas para Notebook de 15.6&#8243; \u00e9 uma op\u00e7\u00e3o segura para transportar seu notebook. O modelo foi desenvolvido com acabamento em poli\u00e9ster 1680 D, material de alta durabilidade que previne contra poss\u00edveis rasgos e perfura\u00e7\u00f5es, al\u00e9m de tamb\u00e9m ser resistente \u00e0 \u00e1gua. Como item de [&hellip;]<\/p>\n","protected":false},"featured_media":1922,"comment_status":"closed","ping_status":"closed","template":"","meta":[],"product_cat":[101],"product_tag":[102],"_links":{"self":[{"href":"https:\/\/movitronics.com.br\/store\/wp-json\/wp\/v2\/product\/1921"}],"collection":[{"href":"https:\/\/movitronics.com.br\/store\/wp-json\/wp\/v2\/product"}],"about":[{"href":"https:\/\/movitronics.com.br\/store\/wp-json\/wp\/v2\/types\/product"}],"replies":[{"embeddable":true,"href":"https:\/\/movitronics.com.br\/store\/wp-json\/wp\/v2\/comments?post=1921"}],"wp:featuredmedia":[{"embeddable":true,"href":"https:\/\/movitronics.com.br\/store\/wp-json\/wp\/v2\/media\/1922"}],"wp:attachment":[{"href":"https:\/\/movitronics.com.br\/store\/wp-json\/wp\/v2\/media?parent=1921"}],"wp:term":[{"taxonomy":"product_cat","embeddable":true,"href":"https:\/\/movitronics.com.br\/store\/wp-json\/wp\/v2\/product_cat?post=1921"},{"taxonomy":"product_tag","embeddable":true,"href":"https:\/\/movitronics.com.br\/store\/wp-json\/wp\/v2\/product_tag?post=1921"}],"curies":[{"name":"wp","href":"https:\/\/api.w.org\/{rel}","templated":true}]}}