{"id":1923,"date":"2021-07-08T15:03:08","date_gmt":"2021-07-08T18:03:08","guid":{"rendered":"https:\/\/movitronics.com.br\/store\/?post_type=product&#038;p=1923"},"modified":"2023-11-13T18:11:28","modified_gmt":"2023-11-13T21:11:28","slug":"maleta-com-rodinhas-contour","status":"publish","type":"product","link":"https:\/\/movitronics.com.br\/store\/loja\/informatica\/mochilas-maletas-bolsas\/maleta-com-rodinhas-contour\/","title":{"rendered":"Maleta com rodinhas Contour\u2122"},"content":{"rendered":"<p>A mochila 1680 Denier Ballistic Nylon de uso pesado protege e amortece seu laptop<br \/>\nGuarde com seguran\u00e7a o seu laptop e acess\u00f3rios neste estojo de rolo que cabe em dispositivos de at\u00e9 17 &#8221; \/ 43,3 cm<br \/>\nA al\u00e7a telesc\u00f3pica de 5 est\u00e1gios robusta se fecha para permitir que voc\u00ea se ajuste \u00e0 altura certa para voc\u00ea<br \/>\nCompartimento do laptop com sistema de prote\u00e7\u00e3o SnugFit (TM) para excelente prote\u00e7\u00e3o do laptop<br \/>\nMantenha-se organizado em movimento com v\u00e1rios bolsos de acess\u00f3rios.<\/p>\n<p><small><br \/>\nA <strong>Movitronics<\/strong> \u00e9 uma empresa distribuidora de <strong>Maletas \/Mochilas<\/strong>.<br \/>\nSomos representantes da Kensington no Brasil, empresa l\u00edder internacional no segmento de perif\u00e9ricos de inform\u00e1tica.<br \/>\nPossu\u00edmos diversos modelos de <strong> Maletas \/Mochilas <\/strong>.<br \/>\nSomos fornecedores de produtos de inform\u00e1tica e trabalhamos exclusivamente com vendas corporativas.<br \/>\nSe sua empresa est\u00e1 procurando produtos de inform\u00e1tica como <strong> Maletas \/Mochilas <\/strong>, travas para notebook, Mouses ou demais perif\u00e9ricos voc\u00ea pode consultar os produtos em nosso site ou solicitar um cat\u00e1logo completo.<br \/>\n<\/small><\/p>\n","protected":false},"excerpt":{"rendered":"<p class=\"excerpt\">A mochila 1680 Denier Ballistic Nylon de uso pesado protege e amortece seu laptop Guarde com seguran\u00e7a o seu laptop e acess\u00f3rios neste estojo de rolo que cabe em dispositivos de at\u00e9 17 &#8221; \/ 43,3 cm A al\u00e7a telesc\u00f3pica de 5 est\u00e1gios robusta se fecha para permitir que voc\u00ea se ajuste \u00e0 altura certa [&hellip;]<\/p>\n","protected":false},"featured_media":1924,"comment_status":"closed","ping_status":"closed","template":"","meta":[],"product_cat":[101],"product_tag":[102],"_links":{"self":[{"href":"https:\/\/movitronics.com.br\/store\/wp-json\/wp\/v2\/product\/1923"}],"collection":[{"href":"https:\/\/movitronics.com.br\/store\/wp-json\/wp\/v2\/product"}],"about":[{"href":"https:\/\/movitronics.com.br\/store\/wp-json\/wp\/v2\/types\/product"}],"replies":[{"embeddable":true,"href":"https:\/\/movitronics.com.br\/store\/wp-json\/wp\/v2\/comments?post=1923"}],"wp:featuredmedia":[{"embeddable":true,"href":"https:\/\/movitronics.com.br\/store\/wp-json\/wp\/v2\/media\/1924"}],"wp:attachment":[{"href":"https:\/\/movitronics.com.br\/store\/wp-json\/wp\/v2\/media?parent=1923"}],"wp:term":[{"taxonomy":"product_cat","embeddable":true,"href":"https:\/\/movitronics.com.br\/store\/wp-json\/wp\/v2\/product_cat?post=1923"},{"taxonomy":"product_tag","embeddable":true,"href":"https:\/\/movitronics.com.br\/store\/wp-json\/wp\/v2\/product_tag?post=1923"}],"curies":[{"name":"wp","href":"https:\/\/api.w.org\/{rel}","templated":true}]}}