{"id":1928,"date":"2021-07-08T15:23:38","date_gmt":"2021-07-08T18:23:38","guid":{"rendered":"https:\/\/movitronics.com.br\/store\/?post_type=product&#038;p=1928"},"modified":"2023-11-13T18:09:48","modified_gmt":"2023-11-13T21:09:48","slug":"mochila-ls150-156","status":"publish","type":"product","link":"https:\/\/movitronics.com.br\/store\/loja\/informatica\/mochilas-maletas-bolsas\/mochila-ls150-156\/","title":{"rendered":"Mochila LS150 15,6&#8243;"},"content":{"rendered":"<p>&#8211; Bolso frontal de f\u00e1cil acesso.<br \/>\n&#8211; Bolsos organizadores com z\u00edper.<br \/>\n&#8211; Almofada traseira ergon\u00f4mica com circula\u00e7\u00e3o de ar e al\u00e7as de ombro confort\u00e1veis.<br \/>\n&#8211; Bolso expans\u00edvel para garrafa.<br \/>\n&#8211; Comporta um notebook de at\u00e9 15,6&#8243; e um tablet de at\u00e9 10&#8243;.<\/p>\n<p><small><br \/>\nA <strong>Movitronics<\/strong> \u00e9 uma empresa distribuidora de <strong>Maletas \/Mochilas<\/strong>.<br \/>\nSomos representantes da Kensington no Brasil, empresa l\u00edder internacional no segmento de perif\u00e9ricos de inform\u00e1tica.<br \/>\nPossu\u00edmos diversos modelos de <strong> Maletas \/Mochilas <\/strong>.<br \/>\nSomos fornecedores de produtos de inform\u00e1tica e trabalhamos exclusivamente com vendas corporativas.<br \/>\nSe sua empresa est\u00e1 procurando produtos de inform\u00e1tica como <strong> Maletas \/Mochilas <\/strong>, travas para notebook, Mouses ou demais perif\u00e9ricos voc\u00ea pode consultar os produtos em nosso site ou solicitar um cat\u00e1logo completo.<br \/>\n<\/small><\/p>\n","protected":false},"excerpt":{"rendered":"<p class=\"excerpt\">&#8211; Bolso frontal de f\u00e1cil acesso. &#8211; Bolsos organizadores com z\u00edper. &#8211; Almofada traseira ergon\u00f4mica com circula\u00e7\u00e3o de ar e al\u00e7as de ombro confort\u00e1veis. &#8211; Bolso expans\u00edvel para garrafa. &#8211; Comporta um notebook de at\u00e9 15,6&#8243; e um tablet de at\u00e9 10&#8243;. A Movitronics \u00e9 uma empresa distribuidora de Maletas \/Mochilas. Somos representantes da Kensington [&hellip;]<\/p>\n","protected":false},"featured_media":1929,"comment_status":"closed","ping_status":"closed","template":"","meta":[],"product_cat":[101],"product_tag":[102],"_links":{"self":[{"href":"https:\/\/movitronics.com.br\/store\/wp-json\/wp\/v2\/product\/1928"}],"collection":[{"href":"https:\/\/movitronics.com.br\/store\/wp-json\/wp\/v2\/product"}],"about":[{"href":"https:\/\/movitronics.com.br\/store\/wp-json\/wp\/v2\/types\/product"}],"replies":[{"embeddable":true,"href":"https:\/\/movitronics.com.br\/store\/wp-json\/wp\/v2\/comments?post=1928"}],"wp:featuredmedia":[{"embeddable":true,"href":"https:\/\/movitronics.com.br\/store\/wp-json\/wp\/v2\/media\/1929"}],"wp:attachment":[{"href":"https:\/\/movitronics.com.br\/store\/wp-json\/wp\/v2\/media?parent=1928"}],"wp:term":[{"taxonomy":"product_cat","embeddable":true,"href":"https:\/\/movitronics.com.br\/store\/wp-json\/wp\/v2\/product_cat?post=1928"},{"taxonomy":"product_tag","embeddable":true,"href":"https:\/\/movitronics.com.br\/store\/wp-json\/wp\/v2\/product_tag?post=1928"}],"curies":[{"name":"wp","href":"https:\/\/api.w.org\/{rel}","templated":true}]}}