{"id":1932,"date":"2021-07-08T15:47:53","date_gmt":"2021-07-08T18:47:53","guid":{"rendered":"https:\/\/movitronics.com.br\/store\/?post_type=product&#038;p=1932"},"modified":"2021-07-26T22:21:34","modified_gmt":"2021-07-27T01:21:34","slug":"contour-maleta-com-rodinhas-overnight","status":"publish","type":"product","link":"https:\/\/movitronics.com.br\/store\/loja\/informatica\/mochilas-maletas-bolsas\/contour-maleta-com-rodinhas-overnight\/","title":{"rendered":"Contour\u2122 Maleta com Rodinhas Overnight"},"content":{"rendered":"<p>Os sistemas de prote\u00e7\u00e3o SnugFit\u2122 e DropShield\u2122 protegem notebooks de at\u00e9 15,6\u201d contra os tombos que podem danific\u00e1-los<br \/>\nO painel Contour \u00e9 projetado para trazer o peso para pr\u00f3ximo do corpo e reduzir a fadiga do ombro e costas em at\u00e9 35%.<br \/>\nCompartimento interno com z\u00edper comporta roupas suficientes para passar a noite e permite guardar artigos de higiene pessoal em uma bolsa imperme\u00e1vel<br \/>\nAl\u00e7a telesc\u00f3pica com 3 est\u00e1gios para se ajustar \u00e0 sua altura<br \/>\nNylon que protege contra abras\u00e3o, perfura\u00e7\u00f5es e rasgos<br \/>\nCompartimento externo com z\u00edper comporta m\u00faltiplas pastas e pode ser expandido para proporcionar mais espa\u00e7o<br \/>\nGarantia de 3 anos<\/p>\n","protected":false},"excerpt":{"rendered":"<p class=\"excerpt\">Os sistemas de prote\u00e7\u00e3o SnugFit\u2122 e DropShield\u2122 protegem notebooks de at\u00e9 15,6\u201d contra os tombos que podem danific\u00e1-los O painel Contour \u00e9 projetado para trazer o peso para pr\u00f3ximo do corpo e reduzir a fadiga do ombro e costas em at\u00e9 35%. Compartimento interno com z\u00edper comporta roupas suficientes para passar a noite e permite [&hellip;]<\/p>\n","protected":false},"featured_media":1933,"comment_status":"closed","ping_status":"closed","template":"","meta":[],"product_cat":[101],"product_tag":[102],"_links":{"self":[{"href":"https:\/\/movitronics.com.br\/store\/wp-json\/wp\/v2\/product\/1932"}],"collection":[{"href":"https:\/\/movitronics.com.br\/store\/wp-json\/wp\/v2\/product"}],"about":[{"href":"https:\/\/movitronics.com.br\/store\/wp-json\/wp\/v2\/types\/product"}],"replies":[{"embeddable":true,"href":"https:\/\/movitronics.com.br\/store\/wp-json\/wp\/v2\/comments?post=1932"}],"wp:featuredmedia":[{"embeddable":true,"href":"https:\/\/movitronics.com.br\/store\/wp-json\/wp\/v2\/media\/1933"}],"wp:attachment":[{"href":"https:\/\/movitronics.com.br\/store\/wp-json\/wp\/v2\/media?parent=1932"}],"wp:term":[{"taxonomy":"product_cat","embeddable":true,"href":"https:\/\/movitronics.com.br\/store\/wp-json\/wp\/v2\/product_cat?post=1932"},{"taxonomy":"product_tag","embeddable":true,"href":"https:\/\/movitronics.com.br\/store\/wp-json\/wp\/v2\/product_tag?post=1932"}],"curies":[{"name":"wp","href":"https:\/\/api.w.org\/{rel}","templated":true}]}}