{"id":1936,"date":"2021-07-08T16:00:52","date_gmt":"2021-07-08T19:00:52","guid":{"rendered":"https:\/\/movitronics.com.br\/store\/?post_type=product&#038;p=1936"},"modified":"2023-11-13T18:09:11","modified_gmt":"2023-11-13T21:09:11","slug":"triple-trek-mochila-para-ultrabook","status":"publish","type":"product","link":"https:\/\/movitronics.com.br\/store\/loja\/informatica\/mochilas-maletas-bolsas\/triple-trek-mochila-para-ultrabook\/","title":{"rendered":"Triple Trek\u2122 Mochila para Ultrabook\u2122"},"content":{"rendered":"<p>Al\u00e7as ajust\u00e1veis e base traseira acolchoada<br \/>\nCompartimentos com revestimento de algod\u00e3o para Tablet, Ultrabook ou Chromebook\u2122 e Smartphone protegem contra arranh\u00f5es<br \/>\nAl\u00e7a c\u00f4moda que se transforma em al\u00e7a para puxar<br \/>\nBolso oculto para proteger itens valiosos<br \/>\nZ\u00edper refletivo para visibilidade \u00e0 noite<br \/>\nBolso especial para garrafa de \u00e1gua<br \/>\nAdequada para Ultrabooks entre 13\u201d e 14\u201d<br \/>\nGarantia de 3 anos<\/p>\n<p><small><br \/>\nA <strong>Movitronics<\/strong> \u00e9 uma empresa distribuidora de <strong>Maletas \/Mochilas<\/strong>.<br \/>\nSomos representantes da Kensington no Brasil, empresa l\u00edder internacional no segmento de perif\u00e9ricos de inform\u00e1tica.<br \/>\nPossu\u00edmos diversos modelos de <strong> Maletas \/Mochilas <\/strong>.<br \/>\nSomos fornecedores de produtos de inform\u00e1tica e trabalhamos exclusivamente com vendas corporativas.<br \/>\nSe sua empresa est\u00e1 procurando produtos de inform\u00e1tica como <strong> Maletas \/Mochilas <\/strong>, travas para notebook, Mouses ou demais perif\u00e9ricos voc\u00ea pode consultar os produtos em nosso site ou solicitar um cat\u00e1logo completo.<br \/>\n<\/small><\/p>\n","protected":false},"excerpt":{"rendered":"<p class=\"excerpt\">Al\u00e7as ajust\u00e1veis e base traseira acolchoada Compartimentos com revestimento de algod\u00e3o para Tablet, Ultrabook ou Chromebook\u2122 e Smartphone protegem contra arranh\u00f5es Al\u00e7a c\u00f4moda que se transforma em al\u00e7a para puxar Bolso oculto para proteger itens valiosos Z\u00edper refletivo para visibilidade \u00e0 noite Bolso especial para garrafa de \u00e1gua Adequada para Ultrabooks entre 13\u201d e 14\u201d [&hellip;]<\/p>\n","protected":false},"featured_media":1937,"comment_status":"closed","ping_status":"closed","template":"","meta":[],"product_cat":[101],"product_tag":[102],"_links":{"self":[{"href":"https:\/\/movitronics.com.br\/store\/wp-json\/wp\/v2\/product\/1936"}],"collection":[{"href":"https:\/\/movitronics.com.br\/store\/wp-json\/wp\/v2\/product"}],"about":[{"href":"https:\/\/movitronics.com.br\/store\/wp-json\/wp\/v2\/types\/product"}],"replies":[{"embeddable":true,"href":"https:\/\/movitronics.com.br\/store\/wp-json\/wp\/v2\/comments?post=1936"}],"wp:featuredmedia":[{"embeddable":true,"href":"https:\/\/movitronics.com.br\/store\/wp-json\/wp\/v2\/media\/1937"}],"wp:attachment":[{"href":"https:\/\/movitronics.com.br\/store\/wp-json\/wp\/v2\/media?parent=1936"}],"wp:term":[{"taxonomy":"product_cat","embeddable":true,"href":"https:\/\/movitronics.com.br\/store\/wp-json\/wp\/v2\/product_cat?post=1936"},{"taxonomy":"product_tag","embeddable":true,"href":"https:\/\/movitronics.com.br\/store\/wp-json\/wp\/v2\/product_tag?post=1936"}],"curies":[{"name":"wp","href":"https:\/\/api.w.org\/{rel}","templated":true}]}}