{"id":1938,"date":"2021-07-08T16:09:25","date_gmt":"2021-07-08T19:09:25","guid":{"rendered":"https:\/\/movitronics.com.br\/store\/?post_type=product&#038;p=1938"},"modified":"2023-11-13T18:07:51","modified_gmt":"2023-11-13T21:07:51","slug":"maleta-securetrek-com-rodinhas-overnight-17","status":"publish","type":"product","link":"https:\/\/movitronics.com.br\/store\/loja\/informatica\/mochilas-maletas-bolsas\/maleta-securetrek-com-rodinhas-overnight-17\/","title":{"rendered":"Maleta SecureTrek\u2122 com Rodinhas Overnight 17&#8243;"},"content":{"rendered":"<p>&#8211; Insira o puxador do z\u00edper na Base de Travamento SecureTrek\u2122, fechando-a com um cadeado (vendido separadamente), evitando acesso n\u00e3o autorizado \u00e0 sua maleta.<br \/>\n&#8211; As travas port\u00e1teis Kensington (vendidas separadamente) prendem a mala a um objeto fixo, evitando tentativas de roubo.<br \/>\n&#8211; As dimens\u00f5es atendem \u00e0s diretrizes de transporte das companhias a\u00e9reas para acondicionamento em compartimentos superiores.<br \/>\n&#8211; Compartimentos acolchoados para dispositivos, divis\u00f3rias internas que permitem f\u00e1cil acesso a itens pequenos e amplo espa\u00e7o para roupas, arquivos e itens pessoais.<br \/>\n&#8211; Material externo de sarja de poli\u00e9ster 840D.<br \/>\n&#8211; Comporta um notebook de at\u00e9 17&#8243; e um tablet de at\u00e9 10&#8243;.<\/p>\n<p><small><br \/>\nA <strong>Movitronics<\/strong> \u00e9 uma empresa distribuidora de <strong>Maletas \/Mochilas<\/strong>.<br \/>\nSomos representantes da Kensington no Brasil, empresa l\u00edder internacional no segmento de perif\u00e9ricos de inform\u00e1tica.<br \/>\nPossu\u00edmos diversos modelos de <strong> Maletas \/Mochilas <\/strong>.<br \/>\nSomos fornecedores de produtos de inform\u00e1tica e trabalhamos exclusivamente com vendas corporativas.<br \/>\nSe sua empresa est\u00e1 procurando produtos de inform\u00e1tica como <strong> Maletas \/Mochilas <\/strong>, travas para notebook, Mouses ou demais perif\u00e9ricos voc\u00ea pode consultar os produtos em nosso site ou solicitar um cat\u00e1logo completo.<br \/>\n<\/small><\/p>\n","protected":false},"excerpt":{"rendered":"<p class=\"excerpt\">&#8211; Insira o puxador do z\u00edper na Base de Travamento SecureTrek\u2122, fechando-a com um cadeado (vendido separadamente), evitando acesso n\u00e3o autorizado \u00e0 sua maleta. &#8211; As travas port\u00e1teis Kensington (vendidas separadamente) prendem a mala a um objeto fixo, evitando tentativas de roubo. &#8211; As dimens\u00f5es atendem \u00e0s diretrizes de transporte das companhias a\u00e9reas para acondicionamento [&hellip;]<\/p>\n","protected":false},"featured_media":1939,"comment_status":"closed","ping_status":"closed","template":"","meta":[],"product_cat":[101],"product_tag":[102],"_links":{"self":[{"href":"https:\/\/movitronics.com.br\/store\/wp-json\/wp\/v2\/product\/1938"}],"collection":[{"href":"https:\/\/movitronics.com.br\/store\/wp-json\/wp\/v2\/product"}],"about":[{"href":"https:\/\/movitronics.com.br\/store\/wp-json\/wp\/v2\/types\/product"}],"replies":[{"embeddable":true,"href":"https:\/\/movitronics.com.br\/store\/wp-json\/wp\/v2\/comments?post=1938"}],"wp:featuredmedia":[{"embeddable":true,"href":"https:\/\/movitronics.com.br\/store\/wp-json\/wp\/v2\/media\/1939"}],"wp:attachment":[{"href":"https:\/\/movitronics.com.br\/store\/wp-json\/wp\/v2\/media?parent=1938"}],"wp:term":[{"taxonomy":"product_cat","embeddable":true,"href":"https:\/\/movitronics.com.br\/store\/wp-json\/wp\/v2\/product_cat?post=1938"},{"taxonomy":"product_tag","embeddable":true,"href":"https:\/\/movitronics.com.br\/store\/wp-json\/wp\/v2\/product_tag?post=1938"}],"curies":[{"name":"wp","href":"https:\/\/api.w.org\/{rel}","templated":true}]}}