{"id":1940,"date":"2021-07-08T16:13:31","date_gmt":"2021-07-08T19:13:31","guid":{"rendered":"https:\/\/movitronics.com.br\/store\/?post_type=product&#038;p=1940"},"modified":"2023-11-13T18:08:24","modified_gmt":"2023-11-13T21:08:24","slug":"maleta-para-notebook-contour-156","status":"publish","type":"product","link":"https:\/\/movitronics.com.br\/store\/loja\/informatica\/mochilas-maletas-bolsas\/maleta-para-notebook-contour-156\/","title":{"rendered":"Maleta para Notebook Contour\u2122 15,6&#8243;"},"content":{"rendered":"<p>O painel de contorno anat\u00f4mico ajuda a reduzir a fadiga muscular do ombro e pesco\u00e7o em 35% (patente pendente).<br \/>\nAl\u00e7as ergonomicamente projetadas ajudam a distribuir a for\u00e7a igualmente entre os seus dedos, tornando-a muito mais f\u00e1cil de carregar. Suas al\u00e7as r\u00edgidas e unidas se juntam como uma s\u00f3 &#8212; e permanecem juntas independentemente de como a sacola \u00e9 preenchida.<br \/>\nA faixa de ombro inovadora e que absorve choques possui um ajuste firme e confort\u00e1vel, assim como um material que tamb\u00e9m a mant\u00e9m confortavelmente no lugar.<br \/>\nO compartimento de prote\u00e7\u00e3o do notebook da SnugFit\u2122 envolve confortavelmente o seu notebook, independentemente do tamanho, com uma camada grossa de almofada protetora, mantendo o seu notebook seguro e protegido.<br \/>\nO compartimento de f\u00e1cil acesso propicia acesso a passagens de avi\u00e3o, passaportes, seu livro favorito, etc., quando voc\u00ea est\u00e1 em tr\u00e2nsito.<br \/>\nO revestimento externo \u00e9 feito de 1680 Denier Ballistic Nylon, oferecendo prote\u00e7\u00e3o de n\u00edvel militar contra abras\u00e3o, furos e rasgos.<br \/>\nO layout exclusivo de bolsos frontais permite f\u00e1cil organiza\u00e7\u00e3o e acesso aos seus pertences.<br \/>\nO compartimento traseiro seguro atr\u00e1s do painel de contorno impede que os perif\u00e9ricos o cutuquem.<\/p>\n<p><small><br \/>\nA <strong>Movitronics<\/strong> \u00e9 uma empresa distribuidora de <strong>Maletas \/Mochilas<\/strong>.<br \/>\nSomos representantes da Kensington no Brasil, empresa l\u00edder internacional no segmento de perif\u00e9ricos de inform\u00e1tica.<br \/>\nPossu\u00edmos diversos modelos de <strong> Maletas \/Mochilas <\/strong>.<br \/>\nSomos fornecedores de produtos de inform\u00e1tica e trabalhamos exclusivamente com vendas corporativas.<br \/>\nSe sua empresa est\u00e1 procurando produtos de inform\u00e1tica como <strong> Maletas \/Mochilas <\/strong>, travas para notebook, Mouses ou demais perif\u00e9ricos voc\u00ea pode consultar os produtos em nosso site ou solicitar um cat\u00e1logo completo.<br \/>\n<\/small><\/p>\n","protected":false},"excerpt":{"rendered":"<p class=\"excerpt\">O painel de contorno anat\u00f4mico ajuda a reduzir a fadiga muscular do ombro e pesco\u00e7o em 35% (patente pendente). Al\u00e7as ergonomicamente projetadas ajudam a distribuir a for\u00e7a igualmente entre os seus dedos, tornando-a muito mais f\u00e1cil de carregar. Suas al\u00e7as r\u00edgidas e unidas se juntam como uma s\u00f3 &#8212; e permanecem juntas independentemente de como [&hellip;]<\/p>\n","protected":false},"featured_media":1941,"comment_status":"closed","ping_status":"closed","template":"","meta":[],"product_cat":[101],"product_tag":[102],"_links":{"self":[{"href":"https:\/\/movitronics.com.br\/store\/wp-json\/wp\/v2\/product\/1940"}],"collection":[{"href":"https:\/\/movitronics.com.br\/store\/wp-json\/wp\/v2\/product"}],"about":[{"href":"https:\/\/movitronics.com.br\/store\/wp-json\/wp\/v2\/types\/product"}],"replies":[{"embeddable":true,"href":"https:\/\/movitronics.com.br\/store\/wp-json\/wp\/v2\/comments?post=1940"}],"wp:featuredmedia":[{"embeddable":true,"href":"https:\/\/movitronics.com.br\/store\/wp-json\/wp\/v2\/media\/1941"}],"wp:attachment":[{"href":"https:\/\/movitronics.com.br\/store\/wp-json\/wp\/v2\/media?parent=1940"}],"wp:term":[{"taxonomy":"product_cat","embeddable":true,"href":"https:\/\/movitronics.com.br\/store\/wp-json\/wp\/v2\/product_cat?post=1940"},{"taxonomy":"product_tag","embeddable":true,"href":"https:\/\/movitronics.com.br\/store\/wp-json\/wp\/v2\/product_tag?post=1940"}],"curies":[{"name":"wp","href":"https:\/\/api.w.org\/{rel}","templated":true}]}}